{"id":104,"date":"2025-07-25T08:32:49","date_gmt":"2025-07-25T08:32:49","guid":{"rendered":"https:\/\/www.sainteagnessaintgabriel94.com\/?page_id=104"},"modified":"2025-10-05T10:09:22","modified_gmt":"2025-10-05T12:09:22","slug":"le-chretien-en-devenir-2","status":"publish","type":"page","link":"https:\/\/www.sainteagnessaintgabriel94.com\/index.php\/le-chretien-en-devenir-2\/","title":{"rendered":"Le Chr\u00e9tien en devenir"},"content":{"rendered":"\n<h3 class=\"wp-block-heading\">Jardin de la parole de 3 \u00e0 7 ans<\/h3>\n\n\n\n<div class=\"wp-block-media-text is-stacked-on-mobile\" style=\"grid-template-columns:35% auto\"><figure class=\"wp-block-media-text__media\"><img loading=\"lazy\" decoding=\"async\" width=\"612\" height=\"408\" src=\"https:\/\/www.sainteagnessaintgabriel94.com\/wp-content\/uploads\/2025\/07\/Petite-fille.jpg\" alt=\"\" class=\"wp-image-295 size-full\" srcset=\"https:\/\/www.sainteagnessaintgabriel94.com\/wp-content\/uploads\/2025\/07\/Petite-fille.jpg 612w, https:\/\/www.sainteagnessaintgabriel94.com\/wp-content\/uploads\/2025\/07\/Petite-fille-300x200.jpg 300w\" sizes=\"auto, (max-width: 612px) 100vw, 612px\" \/><\/figure><div class=\"wp-block-media-text__content\">\n<p><strong>Tous les dimanches <\/strong>, sauf vacances scolaires, les enfants sont pris \u00e0 part <strong>pendant la messe de 10h30<\/strong> pour vivre la messe de fa\u00e7on adapt\u00e9e \u00e0 leur \u00e2ge.<br><\/p>\n<\/div><\/div>\n\n\n\n<hr class=\"wp-block-separator has-text-color has-luminous-vivid-orange-color has-alpha-channel-opacity has-luminous-vivid-orange-background-color has-background is-style-dots\"\/>\n\n\n\n<h3 class=\"wp-block-heading\">Cat\u00e9chisme du CE1 au CM2<\/h3>\n\n\n\n<ul class=\"wp-block-list\">\n<li><strong>Le samedi Salle Saint Gabriel,<\/strong> 1 rue du mai 1945 \u00e0 Maisons-Alfort\n<ul class=\"wp-block-list\">\n<li>Le cat\u00e9chisme commence le premier <strong>samedi <\/strong>d&rsquo;octobre \u00e0 la <strong>salle Saint Gabriel \u00e0 16h30 jusqu&rsquo;\u00e0 19h<\/strong> en incluant la messe de 18h \u00e0 la Chapelle Saint Gabriel avec les animateurs et les enfants chacun pourra prendre un r\u00f4le dans ces c\u00e9l\u00e9brations (cierges, lectures etc&#8230;). Il en sera de m\u00eame chaque samedi sauf vacances scolaires.<br><br><\/li>\n<\/ul>\n<\/li>\n\n\n\n<li><strong>Le dimanche \u00e0 la salle Sainte Agn\u00e8s, <\/strong>9 avenue du g\u00e9n\u00e9ral Leclerc \u00e0 Maisons-Alfort\n<ul class=\"wp-block-list\">\n<li>Le cat\u00e9chisme commence le <strong>premier dimanche d&rsquo;octobre <\/strong>\u00e0 la salle Sainte Agn\u00e8s \u00e0 <strong>09h30 jusqu&rsquo;\u00e0 11h30 <\/strong>en incluant la messe de 10h30 \u00e0 l&rsquo;\u00e9glise Ste Agn\u00e8s. Il en sera de m\u00eame tous les dimanches sauf vacances scolaires.<\/li>\n<\/ul>\n<\/li>\n<\/ul>\n\n\n\n<hr class=\"wp-block-separator has-text-color has-luminous-vivid-orange-color has-alpha-channel-opacity has-luminous-vivid-orange-background-color has-background is-style-dots\"\/>\n\n\n\n<h3 class=\"wp-block-heading\">Coll\u00e8ge<\/h3>\n\n\n\n<ul class=\"wp-block-list\">\n<li><strong>Les 6\u00e8mes et 5\u00e8mes<\/strong>\n<ul class=\"wp-block-list\">\n<li>Les s\u00e9ances se d\u00e9roulent au 9 ave du Gal Leclerc <strong>le dimanche de 9h30 \u00e0 11h30 <\/strong>et incluent la messe de 10h30 avec les animateurs et les autres enfants.<\/li>\n\n\n\n<li>Certaines s\u00e9ances se feront <strong>parfois dans une autre paroisse<\/strong> du secteur et permettront ainsi aux enfants de rencontrer les autres enfants du secteurs.<\/li>\n<\/ul>\n<\/li>\n<\/ul>\n\n\n\n<ul class=\"wp-block-list\">\n<li><strong>Les 4\u00e8mes et 3\u00e8mes<\/strong>\n<ul class=\"wp-block-list\">\n<li>Les rencontres rassemblent tous les 4\u00e8mes 3\u00e8mes du secteur et se d\u00e9roulent sur diff\u00e9rents lieux du secteurs selon un programme.<br><\/li>\n<\/ul>\n<\/li>\n<\/ul>\n\n\n\n<div class=\"wp-block-buttons is-content-justification-center is-layout-flex wp-container-core-buttons-is-layout-16018d1d wp-block-buttons-is-layout-flex\">\n<div class=\"wp-block-button is-style-fill\"><a class=\"wp-block-button__link has-luminous-vivid-orange-background-color has-background has-small-font-size has-custom-font-size wp-element-button\" href=\"https:\/\/aumonerie43alma.blogspot.com\/\" style=\"border-radius:0px\" target=\"_blank\" rel=\"noreferrer noopener\">Site Aumonerie 4\u00e8me et 3\u00e8me<\/a><\/div>\n<\/div>\n\n\n\n<hr class=\"wp-block-separator has-text-color has-luminous-vivid-orange-color has-alpha-channel-opacity has-luminous-vivid-orange-background-color has-background is-style-dots\"\/>\n\n\n\n<h3 class=\"wp-block-heading\">Lyc\u00e9ens, \u00e9tudiants<\/h3>\n\n\n\n<ul class=\"wp-block-list\">\n<li>Regroupement d&rsquo;\u00e9tudiants, Aum\u00f4nerie \u00e9cole v\u00e9t\u00e9rinaire, Messe des Jeunes etc&#8230; <\/li>\n<\/ul>\n\n\n\n<ul class=\"wp-block-list\">\n<li>Contacter le P\u00e8re \u00c9z\u00e9chiel\n<ul class=\"wp-block-list\">\n<li>Courriel : p.ezechiel37@gmail.com<\/li>\n\n\n\n<li>T\u00e9l\u00e9phone : 06 17 52 61 83<br><\/li>\n<\/ul>\n<\/li>\n<\/ul>\n\n\n\n<hr class=\"wp-block-separator has-text-color has-luminous-vivid-orange-color has-alpha-channel-opacity has-luminous-vivid-orange-background-color has-background is-style-dots\"\/>\n\n\n\n<h3 class=\"wp-block-heading\">Groupe jeunes et jeunes pros de la Paroisse Sainte-Agn\u00e8s<\/h3>\n\n\n\n<div class=\"wp-block-media-text is-stacked-on-mobile\" style=\"grid-template-columns:31% auto\"><figure class=\"wp-block-media-text__media\"><a href=\"https:\/\/www.sainteagnessaintgabriel94.com\/wp-content\/uploads\/2025\/10\/Photo-du-groupe.jpg\"><img loading=\"lazy\" decoding=\"async\" width=\"1024\" height=\"832\" src=\"https:\/\/www.sainteagnessaintgabriel94.com\/wp-content\/uploads\/2025\/10\/Photo-du-groupe-1024x832.jpg\" alt=\"\" class=\"wp-image-1986 size-full\" srcset=\"https:\/\/www.sainteagnessaintgabriel94.com\/wp-content\/uploads\/2025\/10\/Photo-du-groupe-1024x832.jpg 1024w, https:\/\/www.sainteagnessaintgabriel94.com\/wp-content\/uploads\/2025\/10\/Photo-du-groupe-300x244.jpg 300w, https:\/\/www.sainteagnessaintgabriel94.com\/wp-content\/uploads\/2025\/10\/Photo-du-groupe-768x624.jpg 768w, https:\/\/www.sainteagnessaintgabriel94.com\/wp-content\/uploads\/2025\/10\/Photo-du-groupe-1536x1247.jpg 1536w, https:\/\/www.sainteagnessaintgabriel94.com\/wp-content\/uploads\/2025\/10\/Photo-du-groupe.jpg 1778w\" sizes=\"auto, (max-width: 1024px) 100vw, 1024px\" \/><\/a><\/figure><div class=\"wp-block-media-text__content\">\n<p>Un groupe de jeunes et de jeunes pros de 18 \u00e0 35 ans se retrouve r\u00e9guli\u00e8rement pour \u00e9changer, se soutenir et entrer en mission. <\/p>\n\n\n\n<p>Pour plus d&rsquo;information contacter Tiffanie<br>Tel: 06 58 82 06 07<br>Courriel : ariellesemi14@gmail.com<\/p>\n<\/div><\/div>\n\n\n\n<hr class=\"wp-block-separator has-text-color has-luminous-vivid-orange-color has-alpha-channel-opacity has-luminous-vivid-orange-background-color has-background is-style-dots\"\/>\n\n\n\n<h3 class=\"wp-block-heading\">Cat\u00e9chum\u00e9nat <\/h3>\n\n\n\n<p>Le cat\u00e9chum\u00e9nat est le temps propos\u00e9 dans l&rsquo;\u00c9glise catholique aux adultes qui d\u00e9sirent devenir chr\u00e9tiens en se pr\u00e9parant \u00e0 recevoir les \u00ab <a href=\"https:\/\/www.sainteagnessaintgabriel94.com\/index.php\/initiation\/\" target=\"_blank\" rel=\"noreferrer noopener\">sacrements de l&rsquo;initiation chr\u00e9tienne <\/a>\u00bb : le bapt\u00eame, la confirmation et l&rsquo;Eucharistie.<\/p>\n\n\n\n<figure class=\"wp-block-gallery has-nested-images columns-default is-cropped wp-block-gallery-1 is-layout-flex wp-block-gallery-is-layout-flex\">\n<figure class=\"wp-block-image size-large\"><img loading=\"lazy\" decoding=\"async\" width=\"612\" height=\"408\" data-id=\"521\" src=\"https:\/\/www.sainteagnessaintgabriel94.com\/wp-content\/uploads\/2025\/07\/istockphoto-1766392080-612x612-1.jpg\" alt=\"\" class=\"wp-image-521\" srcset=\"https:\/\/www.sainteagnessaintgabriel94.com\/wp-content\/uploads\/2025\/07\/istockphoto-1766392080-612x612-1.jpg 612w, https:\/\/www.sainteagnessaintgabriel94.com\/wp-content\/uploads\/2025\/07\/istockphoto-1766392080-612x612-1-300x200.jpg 300w\" sizes=\"auto, (max-width: 612px) 100vw, 612px\" \/><\/figure>\n\n\n\n<figure class=\"wp-block-image size-large\"><img loading=\"lazy\" decoding=\"async\" width=\"1024\" height=\"683\" data-id=\"523\" src=\"https:\/\/www.sainteagnessaintgabriel94.com\/wp-content\/uploads\/2025\/07\/pexels-amfaru-12812920-1024x683.jpg\" alt=\"\" class=\"wp-image-523\" srcset=\"https:\/\/www.sainteagnessaintgabriel94.com\/wp-content\/uploads\/2025\/07\/pexels-amfaru-12812920-1024x683.jpg 1024w, https:\/\/www.sainteagnessaintgabriel94.com\/wp-content\/uploads\/2025\/07\/pexels-amfaru-12812920-300x200.jpg 300w, https:\/\/www.sainteagnessaintgabriel94.com\/wp-content\/uploads\/2025\/07\/pexels-amfaru-12812920-768x512.jpg 768w, https:\/\/www.sainteagnessaintgabriel94.com\/wp-content\/uploads\/2025\/07\/pexels-amfaru-12812920-1536x1024.jpg 1536w\" sizes=\"auto, (max-width: 1024px) 100vw, 1024px\" \/><\/figure>\n\n\n\n<figure class=\"wp-block-image size-large\"><img loading=\"lazy\" decoding=\"async\" width=\"1024\" height=\"682\" data-id=\"302\" src=\"https:\/\/www.sainteagnessaintgabriel94.com\/wp-content\/uploads\/2025\/07\/pentecost-7168181_1280-1024x682.jpg\" alt=\"\" class=\"wp-image-302\" srcset=\"https:\/\/www.sainteagnessaintgabriel94.com\/wp-content\/uploads\/2025\/07\/pentecost-7168181_1280-1024x682.jpg 1024w, https:\/\/www.sainteagnessaintgabriel94.com\/wp-content\/uploads\/2025\/07\/pentecost-7168181_1280-300x200.jpg 300w, https:\/\/www.sainteagnessaintgabriel94.com\/wp-content\/uploads\/2025\/07\/pentecost-7168181_1280-768x512.jpg 768w, https:\/\/www.sainteagnessaintgabriel94.com\/wp-content\/uploads\/2025\/07\/pentecost-7168181_1280-370x245.jpg 370w, https:\/\/www.sainteagnessaintgabriel94.com\/wp-content\/uploads\/2025\/07\/pentecost-7168181_1280-1170x780.jpg 1170w, https:\/\/www.sainteagnessaintgabriel94.com\/wp-content\/uploads\/2025\/07\/pentecost-7168181_1280.jpg 1280w\" sizes=\"auto, (max-width: 1024px) 100vw, 1024px\" \/><\/figure>\n<\/figure>\n","protected":false},"excerpt":{"rendered":"<p>Jardin de la parole de 3 \u00e0 7 ans Tous les dimanches , sauf vacances scolaires, les enfants sont pris \u00e0 part pendant la messe de 10h30 pour vivre la messe de fa\u00e7on adapt\u00e9e \u00e0 leur \u00e2ge. Cat\u00e9chisme du CE1 au CM2 Coll\u00e8ge Lyc\u00e9ens, \u00e9tudiants Groupe jeunes et jeunes pros de la Paroisse Sainte-Agn\u00e8s Un groupe de [&hellip;]<\/p>\n","protected":false},"author":2,"featured_media":0,"parent":0,"menu_order":0,"comment_status":"closed","ping_status":"closed","template":"","meta":{"ngg_post_thumbnail":0,"footnotes":""},"class_list":["post-104","page","type-page","status-publish","hentry"],"aioseo_notices":[],"_links":{"self":[{"href":"https:\/\/www.sainteagnessaintgabriel94.com\/index.php\/wp-json\/wp\/v2\/pages\/104","targetHints":{"allow":["GET"]}}],"collection":[{"href":"https:\/\/www.sainteagnessaintgabriel94.com\/index.php\/wp-json\/wp\/v2\/pages"}],"about":[{"href":"https:\/\/www.sainteagnessaintgabriel94.com\/index.php\/wp-json\/wp\/v2\/types\/page"}],"author":[{"embeddable":true,"href":"https:\/\/www.sainteagnessaintgabriel94.com\/index.php\/wp-json\/wp\/v2\/users\/2"}],"replies":[{"embeddable":true,"href":"https:\/\/www.sainteagnessaintgabriel94.com\/index.php\/wp-json\/wp\/v2\/comments?post=104"}],"version-history":[{"count":29,"href":"https:\/\/www.sainteagnessaintgabriel94.com\/index.php\/wp-json\/wp\/v2\/pages\/104\/revisions"}],"predecessor-version":[{"id":1988,"href":"https:\/\/www.sainteagnessaintgabriel94.com\/index.php\/wp-json\/wp\/v2\/pages\/104\/revisions\/1988"}],"wp:attachment":[{"href":"https:\/\/www.sainteagnessaintgabriel94.com\/index.php\/wp-json\/wp\/v2\/media?parent=104"}],"curies":[{"name":"wp","href":"https:\/\/api.w.org\/{rel}","templated":true}]}}