{"id":107,"date":"2025-07-25T08:33:10","date_gmt":"2025-07-25T08:33:10","guid":{"rendered":"https:\/\/www.sainteagnessaintgabriel94.com\/?page_id=107"},"modified":"2026-04-14T09:44:59","modified_gmt":"2026-04-14T11:44:59","slug":"prier-ensemble-2","status":"publish","type":"page","link":"https:\/\/www.sainteagnessaintgabriel94.com\/index.php\/prier-ensemble-2\/","title":{"rendered":"Prier ensemble"},"content":{"rendered":"\n<p><\/p>\n\n\n\n<div class=\"wp-block-columns is-layout-flex wp-container-core-columns-is-layout-9d6595d7 wp-block-columns-is-layout-flex\">\n<div class=\"wp-block-column is-layout-flow wp-block-column-is-layout-flow\">\n<div class=\"wp-block-columns is-layout-flex wp-container-core-columns-is-layout-9d6595d7 wp-block-columns-is-layout-flex\">\n<div class=\"wp-block-column is-layout-flow wp-block-column-is-layout-flow\">\n<h2 class=\"wp-block-heading has-text-align-center\"><strong>Le C\u00e9nacle de la Divine Volont\u00e9<\/strong><\/h2>\n\n\n\n<figure class=\"wp-block-image size-large\"><img loading=\"lazy\" decoding=\"async\" width=\"724\" height=\"1024\" src=\"https:\/\/www.sainteagnessaintgabriel94.com\/wp-content\/uploads\/2025\/10\/Copie-de-Copie-de-Copie-de-Copie-de-Affiche-Cenacle-DV-1-Nov.-2025-3_page-0001-724x1024.jpg\" alt=\"\" class=\"wp-image-2075\" srcset=\"https:\/\/www.sainteagnessaintgabriel94.com\/wp-content\/uploads\/2025\/10\/Copie-de-Copie-de-Copie-de-Copie-de-Affiche-Cenacle-DV-1-Nov.-2025-3_page-0001-724x1024.jpg 724w, https:\/\/www.sainteagnessaintgabriel94.com\/wp-content\/uploads\/2025\/10\/Copie-de-Copie-de-Copie-de-Copie-de-Affiche-Cenacle-DV-1-Nov.-2025-3_page-0001-212x300.jpg 212w, https:\/\/www.sainteagnessaintgabriel94.com\/wp-content\/uploads\/2025\/10\/Copie-de-Copie-de-Copie-de-Copie-de-Affiche-Cenacle-DV-1-Nov.-2025-3_page-0001-768x1086.jpg 768w, https:\/\/www.sainteagnessaintgabriel94.com\/wp-content\/uploads\/2025\/10\/Copie-de-Copie-de-Copie-de-Copie-de-Affiche-Cenacle-DV-1-Nov.-2025-3_page-0001-1086x1536.jpg 1086w, https:\/\/www.sainteagnessaintgabriel94.com\/wp-content\/uploads\/2025\/10\/Copie-de-Copie-de-Copie-de-Copie-de-Affiche-Cenacle-DV-1-Nov.-2025-3_page-0001.jpg 1241w\" sizes=\"auto, (max-width: 724px) 100vw, 724px\" \/><\/figure>\n\n\n\n<div class=\"wp-block-file\"><a id=\"wp-block-file--media-eda05d5b-7bcd-4d43-a8df-82db610e4186\" href=\"https:\/\/www.sainteagnessaintgabriel94.com\/wp-content\/uploads\/2025\/10\/Copie-de-Copie-de-Copie-de-Copie-de-Affiche-Cenacle-DV-1-Nov.-2025-3_page-0001-1.jpg\" target=\"_blank\" rel=\"noreferrer noopener\">Affiche C\u00e9nacle DV <\/a><a href=\"https:\/\/www.sainteagnessaintgabriel94.com\/wp-content\/uploads\/2025\/10\/Copie-de-Copie-de-Copie-de-Copie-de-Affiche-Cenacle-DV-1-Nov.-2025-3_page-0001-1.jpg\" class=\"wp-block-file__button wp-element-button\" download aria-describedby=\"wp-block-file--media-eda05d5b-7bcd-4d43-a8df-82db610e4186\">T\u00e9l\u00e9charger<\/a><\/div>\n\n\n\n<h4 class=\"wp-block-heading\">\u00c8RE DE LA DIVINE VOLONT\u00c9 !<\/h4>\n\n\n\n<div style=\"height:0px\" aria-hidden=\"true\" class=\"wp-block-spacer\"><\/div>\n\n\n\n<h4 class=\"wp-block-heading\"><strong><em>\u00ab&nbsp;L\u2019appel des cr\u00e9atures \u00e0 revenir \u00e0 la place, au rang et au but pour lesquelles elles ont \u00e9t\u00e9 cr\u00e9\u00e9es\u00bb<\/em><\/strong><\/h4>\n\n\n\n<p class=\"justifier\">Le C\u00e9nacle de la divine Volont\u00e9 &nbsp;a \u00e9t\u00e9 ouvert le 6 Janvier 2023. <br>Il&nbsp; a lieu dans la <strong>Salle Paroissiale<\/strong> Sainte Agn\u00e8s au 9 avenue du G\u00e9n\u00e9ral Leclerc \u00e0 Maisons Alfort,<strong> tous les 4<sup>\u00e8me<\/sup> samedi du mois \u00e0 20 H 30<\/strong> sauf les mois de juillet et Ao\u00fbt.<\/p>\n\n\n\n<p class=\"justifier\">Le c\u00e9nacle commence par un temps de louange qui est un moyen d\u2019ouvrir notre c\u0153ur pour comprendre l\u2019enseignement&nbsp; de J\u00e9sus donn\u00e9 \u00e0 Luisa Piccarreta&nbsp;et donc \u00e0 nous !<\/p>\n\n\n\n<p class=\"has-text-align-center\"><strong>Contact<\/strong><br>Cyrielle Thomas Lamotte et Louisa B\u00e9dard gp.sainteagnes.94@gmail.com<\/p>\n\n\n\n<div style=\"height:15px\" aria-hidden=\"true\" class=\"wp-block-spacer\"><\/div>\n\n\n\n<div class=\"wp-block-media-text is-stacked-on-mobile\" style=\"grid-template-columns:35% auto\"><figure class=\"wp-block-media-text__media\"><img loading=\"lazy\" decoding=\"async\" width=\"211\" height=\"118\" src=\"https:\/\/www.sainteagnessaintgabriel94.com\/wp-content\/uploads\/2025\/08\/Image1.png\" alt=\"\" class=\"wp-image-1126 size-full\"\/><\/figure><div class=\"wp-block-media-text__content\">\n<h4 class=\"wp-block-heading\"><strong><mark style=\"background-color:rgba(0, 0, 0, 0)\" class=\"has-inline-color has-black-color\">QU\u2019EST CE QUE LE DON DE LA DIVINE VOLONT\u00c9&nbsp;?<\/mark><\/strong><\/h4>\n<\/div><\/div>\n\n\n\n<div style=\"height:15px\" aria-hidden=\"true\" class=\"wp-block-spacer\"><\/div>\n\n\n\n<p class=\"justifier\">Il est l\u2019incontournable tr\u00e9sor du c\u0153ur de Dieu qui nous est offert \u00e0 travers la Servante Luisa Piccarreta et qui se diffuse sur toute la terre par le Fiat de la Sanctification. <\/p>\n\n\n\n<details class=\"wp-block-details is-layout-flow wp-block-details-is-layout-flow\"><summary>Lire la suite &#8230;.<\/summary>\n<div style=\"height:15px\" aria-hidden=\"true\" class=\"wp-block-spacer\"><\/div>\n\n\n\n<p>J\u00e9sus lui r\u00e9v\u00e8le, \u00e0 travers son livre intitul\u00e9 \u00ab&nbsp;Le livre du Ciel&nbsp;\u00bb titre donn\u00e9 par J\u00e9sus lui-m\u00eame, qu\u2019Il veut, pour les temps d\u2019aujourd\u2019hui, donner \u00e0 l\u2019homme&nbsp; <strong>le don de la Divine Volont\u00e9.<\/strong><\/p>\n\n\n\n<p>Pour le recevoir, Il faut simplement avoir le d\u00e9sir nous dit J\u00e9sus&nbsp;! Dans le livre du ciel le 4 mai 1925&nbsp;:<\/p>\n\n\n\n<p><strong><em>\u00ab&nbsp;La mission de la Divine Volont\u00e9\u0301 <u>refl\u00e8tera la tr\u00e8s Sainte Trinit\u00e9 sur la terre et ram\u00e8nera l&rsquo;homme \u00e0 son \u00e9tat originel&nbsp;<\/u>\u00bb. <\/em><\/strong>Le Seigneur nous invite maintenant de plonger dans sa Divine Volont\u00e9&nbsp;: c\u2019est<em> <\/em><strong><em><u>\u00ab&nbsp;l\u2019appel des cr\u00e9atures \u00e0 revenir \u00e0 la place, au rang et au but pour lesquelles elles ont \u00e9t\u00e9 cr\u00e9\u00e9es\u00bb.<\/u><\/em><\/strong><strong><em><\/em><\/strong><\/p>\n\n\n\n<p>J\u00e9sus dit que c\u2019est<em> <\/em><strong><em>\u00ab&nbsp;le plus grand Don que Dieu pouvait faire \u00e0 la race humaine&nbsp;\u00bb<\/em><\/strong><em>. <\/em>Objectif&nbsp;: que tous les dons qui \u00e9taient pr\u00e9sents en Adam avant la chute soient actualis\u00e9s en nous, pour l\u2019av\u00e8nement du Royaume. La promesse de la venue du Royaume de la Divine volont\u00e9 \u00e9tait et est contenue dans le Notre P\u00e8re <strong><em>\u00ab&nbsp;Que ton R\u00e8gne Vienne, Que ta Volont\u00e9 soit faite sur la Terre comme au Ciel&nbsp;\u00bb<\/em><\/strong>. Par le don de la Divine Volont\u00e9, la Trinit\u00e9 nous invite non plus \u00e0 vivre par Gr\u00e2ce, mais \u00e0 r\u00e9gner avec elle puisque c\u2019est elle qui op\u00e8re et r\u00e8gne en nous. Nous ne sommes plus simplement&nbsp; le temple du Saint Esprit mais plus encore,&nbsp; la Trinit\u00e9 devient notre temple&nbsp;!<em> <\/em><strong><em>\u00ab&nbsp;Ma Volont\u00e9 prendra vie sur la terre et ce sera l\u2019accomplissement de ma pri\u00e8re et de celle de toute l\u2019Eglise,&nbsp;Pri\u00e8re du Notre p\u00e8re&nbsp;\u00bb &#8211; <\/em><\/strong>Tome 12 du Livre du Ciel, 2 mars 1921. <strong>L<\/strong>a vie dans la Divine Volont\u00e9 est <strong>l&rsquo;aboutissement de toutes les \u0153uvres de Dieu, le parach\u00e8vement et le couronnement de la Cr\u00e9ation<\/strong> <strong>et de la R\u00e9demption<\/strong>, la mise en lumi\u00e8re de toutes les \u00e9critures saintes pour grandir dans une nouvelle forme de saintet\u00e9 non plus humaine, mais divine.<\/p>\n\n\n\n<div class=\"wp-block-media-text is-stacked-on-mobile\" style=\"grid-template-columns:35% auto\"><figure class=\"wp-block-media-text__media\"><img loading=\"lazy\" decoding=\"async\" width=\"127\" height=\"130\" src=\"https:\/\/www.sainteagnessaintgabriel94.com\/wp-content\/uploads\/2025\/07\/Divine-volonte-2.jpg\" alt=\"\" class=\"wp-image-546 size-full\"\/><\/figure><div class=\"wp-block-media-text__content\">\n<h4 class=\"wp-block-heading\"><strong><a href=\"https:\/\/luisapiccarreta.fr\/biographie\/\" target=\"_blank\" rel=\"noreferrer noopener\">QUI EST LUISA PICCARETTA&nbsp;?<\/a><\/strong><\/h4>\n<\/div><\/div>\n\n\n\n<div style=\"height:100px\" aria-hidden=\"true\" class=\"wp-block-spacer\"><\/div>\n\n\n\n<div style=\"height:15px\" aria-hidden=\"true\" class=\"wp-block-spacer\"><\/div>\n\n\n\n<p class=\"justifier\">Les <strong>pri\u00e8res enseign\u00e9es par J\u00e9sus<\/strong><em> <\/em>se trouvent dans <strong>le Livre du Ciel Tome 1 \u00e0 15<\/strong>.<br>J\u00e9sus a pr\u00e9cis\u00e9 \u00e0 Luisa que le d\u00e9mon avait discern\u00e9 que Dieu avait des vues tr\u00e8s sp\u00e9ciales sur elle, qu\u2019elle apporterait une tr\u00e8s grande gloire \u00e0 Dieu, et qu\u2019elle serait une importante cause de d\u00e9faite pour lui. <br>Quelle que soit la fa\u00e7on dont il s\u2019y prit, il ne parvint jamais \u00e0 faire p\u00e9n\u00e9trer en elle des affections ou des pens\u00e9es impures, parce que J\u00e9sus y avait ferm\u00e9 toutes les portes \u00e0 Satan.<\/p>\n\n\n\n<div style=\"height:15px\" aria-hidden=\"true\" class=\"wp-block-spacer\"><\/div>\n<\/details>\n\n\n\n<div class=\"wp-block-media-text is-stacked-on-mobile\" style=\"grid-template-columns:35% auto\"><figure class=\"wp-block-media-text__media\"><img loading=\"lazy\" decoding=\"async\" width=\"90\" height=\"63\" src=\"https:\/\/www.sainteagnessaintgabriel94.com\/wp-content\/uploads\/2025\/08\/Divine-volonte-Image3.jpg\" alt=\"\" class=\"wp-image-1138 size-full\"\/><\/figure><div class=\"wp-block-media-text__content\">\n<h4 class=\"wp-block-heading\"><strong><a href=\"https:\/\/r.search.yahoo.com\/_ylt=AwrIeJ3jAnRof1sfYxSPAwx.;_ylu=Y29sbwMEcG9zAzIEdnRpZAMEc2VjA3Ny\/RV=2\/RE=1752462179\/RO=10\/RU=https%3a%2f%2flecatho.fr%2factualite%2fla-reprise-de-la-cause-de-beatification-de-luisa-piccarreta%2f\/RK=2\/RS=clw3bUj1d_boSdJCccBQ4gRITH4-\" target=\"_blank\" rel=\"noreferrer noopener\">LA CAUSE DE BEATIFICATION DE LUISA PICCARRETA OU EN-EST-ON?<\/a><\/strong><\/h4>\n<\/div><\/div>\n\n\n\n<div style=\"height:15px\" aria-hidden=\"true\" class=\"wp-block-spacer\"><\/div>\n\n\n\n<div class=\"wp-block-media-text is-stacked-on-mobile\" style=\"grid-template-columns:35% auto\"><figure class=\"wp-block-media-text__media\"><img loading=\"lazy\" decoding=\"async\" width=\"108\" height=\"112\" src=\"https:\/\/www.sainteagnessaintgabriel94.com\/wp-content\/uploads\/2025\/08\/Image3.jpg\" alt=\"\" class=\"wp-image-1139 size-full\"\/><\/figure><div class=\"wp-block-media-text__content\">\n<h4 class=\"wp-block-heading\"><a href=\"https:\/\/luisapiccarreta.fr\/cause-de-beatification\/\" target=\"_blank\" rel=\"noreferrer noopener\"><strong>HISTORIQUE DE LA CAUSE DE BEATIFICATION<\/strong><\/a><\/h4>\n<\/div><\/div>\n\n\n\n<div style=\"height:15px\" aria-hidden=\"true\" class=\"wp-block-spacer\"><\/div>\n\n\n\n<hr class=\"wp-block-separator has-text-color has-luminous-vivid-orange-color has-alpha-channel-opacity has-luminous-vivid-orange-background-color has-background is-style-dots\"\/>\n\n\n\n<details class=\"wp-block-details has-luminous-vivid-orange-color has-text-color has-link-color wp-elements-8c1343e21e8d80de0497d0a1f28225e5 is-layout-flow wp-block-details-is-layout-flow\"><summary><strong>NOURRITURE SPIRITUELLE<\/strong><br><\/summary>\n<p><strong>P.Jim Blount<\/strong> <a href=\"https:\/\/www.youtube.com\/watch?v=fWKoUh95DCA&amp;pp=ygUdUC5qaW0gYmxvdW50IGxhIGNvbnPDqWNyYXRpb24%3D\" target=\"_blank\" rel=\"noreferrer noopener\">\u00ab\u00a0<strong>Le Royaume \u00e0 venir de la Divine Volont\u00e9&nbsp;!<\/strong>\u00ab\u00a0<\/a><\/p>\n\n\n\n<p><strong><a href=\"https:\/\/www.youtube.com\/watch?v=aQJIHsAWw3I\" target=\"_blank\" rel=\"noreferrer noopener\">Thomas Fahi&nbsp;: Arriv\u00e9 au Ciel avec la divine Volont\u00e9&nbsp;!<\/a><\/strong><\/p>\n\n\n\n<p><a href=\"https:\/\/www.youtube.com\/watch?v=83MMghoMUaY\" target=\"_blank\" rel=\"noreferrer noopener\">1 Ce que Dieu fait avec la Divine Volont\u00e9<\/a><\/p>\n\n\n\n<p class=\"has-luminous-vivid-orange-color has-text-color has-link-color wp-elements-b09320f0343cd36d362ec9a36d646c97\"><a href=\"https:\/\/www.youtube.com\/watch?v=aQJIHsAWw3I\" target=\"_blank\" rel=\"noreferrer noopener\">2 Arriv\u00e9 au Ciel avec la Divine Volont\u00e9<\/a><\/p>\n<\/details>\n<\/div>\n\n\n\n<div class=\"wp-block-column is-layout-flow wp-block-column-is-layout-flow\">\n<h2 class=\"wp-block-heading has-text-align-center\"><strong>Torrent Misgab\u2019Ely\u00f4n<\/strong><\/h2>\n\n\n\n<figure class=\"wp-block-image size-large\"><img loading=\"lazy\" decoding=\"async\" width=\"724\" height=\"1024\" src=\"https:\/\/www.sainteagnessaintgabriel94.com\/wp-content\/uploads\/2026\/04\/Mission-avril-2-724x1024.png\" alt=\"\" class=\"wp-image-2830\" srcset=\"https:\/\/www.sainteagnessaintgabriel94.com\/wp-content\/uploads\/2026\/04\/Mission-avril-2-724x1024.png 724w, https:\/\/www.sainteagnessaintgabriel94.com\/wp-content\/uploads\/2026\/04\/Mission-avril-2-212x300.png 212w, https:\/\/www.sainteagnessaintgabriel94.com\/wp-content\/uploads\/2026\/04\/Mission-avril-2-768x1086.png 768w, https:\/\/www.sainteagnessaintgabriel94.com\/wp-content\/uploads\/2026\/04\/Mission-avril-2-1086x1536.png 1086w, https:\/\/www.sainteagnessaintgabriel94.com\/wp-content\/uploads\/2026\/04\/Mission-avril-2-1448x2048.png 1448w, https:\/\/www.sainteagnessaintgabriel94.com\/wp-content\/uploads\/2026\/04\/Mission-avril-2.png 1587w\" sizes=\"auto, (max-width: 724px) 100vw, 724px\" \/><\/figure>\n\n\n\n<figure class=\"wp-block-image size-large\"><img loading=\"lazy\" decoding=\"async\" width=\"819\" height=\"1024\" src=\"https:\/\/www.sainteagnessaintgabriel94.com\/wp-content\/uploads\/2026\/03\/Missions-Mars_page-0001-819x1024.jpg\" alt=\"\" class=\"wp-image-2773\" srcset=\"https:\/\/www.sainteagnessaintgabriel94.com\/wp-content\/uploads\/2026\/03\/Missions-Mars_page-0001-819x1024.jpg 819w, https:\/\/www.sainteagnessaintgabriel94.com\/wp-content\/uploads\/2026\/03\/Missions-Mars_page-0001-240x300.jpg 240w, https:\/\/www.sainteagnessaintgabriel94.com\/wp-content\/uploads\/2026\/03\/Missions-Mars_page-0001-768x960.jpg 768w, https:\/\/www.sainteagnessaintgabriel94.com\/wp-content\/uploads\/2026\/03\/Missions-Mars_page-0001-1229x1536.jpg 1229w, https:\/\/www.sainteagnessaintgabriel94.com\/wp-content\/uploads\/2026\/03\/Missions-Mars_page-0001-1638x2048.jpg 1638w, https:\/\/www.sainteagnessaintgabriel94.com\/wp-content\/uploads\/2026\/03\/Missions-Mars_page-0001.jpg 1688w\" sizes=\"auto, (max-width: 819px) 100vw, 819px\" \/><\/figure>\n\n\n\n<div style=\"height:8px\" aria-hidden=\"true\" class=\"wp-block-spacer\"><\/div>\n\n\n\n<p><\/p>\n\n\n\n<figure class=\"wp-block-image size-large\"><img loading=\"lazy\" decoding=\"async\" width=\"791\" height=\"1024\" src=\"https:\/\/www.sainteagnessaintgabriel94.com\/wp-content\/uploads\/2026\/02\/Entre-les-mailles-Fevrier-_page-0001-791x1024.jpg\" alt=\"\" class=\"wp-image-2708\" srcset=\"https:\/\/www.sainteagnessaintgabriel94.com\/wp-content\/uploads\/2026\/02\/Entre-les-mailles-Fevrier-_page-0001-791x1024.jpg 791w, https:\/\/www.sainteagnessaintgabriel94.com\/wp-content\/uploads\/2026\/02\/Entre-les-mailles-Fevrier-_page-0001-232x300.jpg 232w, https:\/\/www.sainteagnessaintgabriel94.com\/wp-content\/uploads\/2026\/02\/Entre-les-mailles-Fevrier-_page-0001-768x994.jpg 768w, https:\/\/www.sainteagnessaintgabriel94.com\/wp-content\/uploads\/2026\/02\/Entre-les-mailles-Fevrier-_page-0001-1187x1536.jpg 1187w, https:\/\/www.sainteagnessaintgabriel94.com\/wp-content\/uploads\/2026\/02\/Entre-les-mailles-Fevrier-_page-0001.jpg 1275w\" sizes=\"auto, (max-width: 791px) 100vw, 791px\" \/><\/figure>\n\n\n\n<div style=\"height:8px\" aria-hidden=\"true\" class=\"wp-block-spacer\"><\/div>\n\n\n<div class=\"wp-block-image\">\n<figure class=\"aligncenter size-large is-resized\"><img decoding=\"async\" src=\"https:\/\/www.sainteagnessaintgabriel94.com\/wp-content\/uploads\/2026\/01\/Affiche-Saisi-par-Le-Christ-3-724x1024.jpg\" alt=\"\" class=\"wp-image-2537\" style=\"width:600px\"\/><\/figure>\n<\/div>\n\n\n<div style=\"height:14px\" aria-hidden=\"true\" class=\"wp-block-spacer\"><\/div>\n\n\n\n<figure class=\"wp-block-image size-large\"><img decoding=\"async\" src=\"https:\/\/www.sainteagnessaintgabriel94.com\/wp-content\/uploads\/2026\/01\/Mission-25_31-janvier-1-724x1024.jpg\" alt=\"\" class=\"wp-image-2536\"\/><\/figure>\n<\/div>\n<\/div>\n<\/div>\n<\/div>\n","protected":false},"excerpt":{"rendered":"<p>Le C\u00e9nacle de la Divine Volont\u00e9 \u00c8RE DE LA DIVINE VOLONT\u00c9 ! \u00ab&nbsp;L\u2019appel des cr\u00e9atures \u00e0 revenir \u00e0 la place, au rang et au but pour lesquelles elles ont \u00e9t\u00e9 cr\u00e9\u00e9es\u00bb Le C\u00e9nacle de la divine Volont\u00e9 &nbsp;a \u00e9t\u00e9 ouvert le 6 Janvier 2023. Il&nbsp; a lieu dans la Salle Paroissiale Sainte Agn\u00e8s au 9 avenue du [&hellip;]<\/p>\n","protected":false},"author":2,"featured_media":0,"parent":0,"menu_order":0,"comment_status":"closed","ping_status":"closed","template":"","meta":{"ngg_post_thumbnail":0,"footnotes":""},"class_list":["post-107","page","type-page","status-publish","hentry"],"aioseo_notices":[],"_links":{"self":[{"href":"https:\/\/www.sainteagnessaintgabriel94.com\/index.php\/wp-json\/wp\/v2\/pages\/107","targetHints":{"allow":["GET"]}}],"collection":[{"href":"https:\/\/www.sainteagnessaintgabriel94.com\/index.php\/wp-json\/wp\/v2\/pages"}],"about":[{"href":"https:\/\/www.sainteagnessaintgabriel94.com\/index.php\/wp-json\/wp\/v2\/types\/page"}],"author":[{"embeddable":true,"href":"https:\/\/www.sainteagnessaintgabriel94.com\/index.php\/wp-json\/wp\/v2\/users\/2"}],"replies":[{"embeddable":true,"href":"https:\/\/www.sainteagnessaintgabriel94.com\/index.php\/wp-json\/wp\/v2\/comments?post=107"}],"version-history":[{"count":215,"href":"https:\/\/www.sainteagnessaintgabriel94.com\/index.php\/wp-json\/wp\/v2\/pages\/107\/revisions"}],"predecessor-version":[{"id":2831,"href":"https:\/\/www.sainteagnessaintgabriel94.com\/index.php\/wp-json\/wp\/v2\/pages\/107\/revisions\/2831"}],"wp:attachment":[{"href":"https:\/\/www.sainteagnessaintgabriel94.com\/index.php\/wp-json\/wp\/v2\/media?parent=107"}],"curies":[{"name":"wp","href":"https:\/\/api.w.org\/{rel}","templated":true}]}}