{"id":110,"date":"2025-07-25T08:38:59","date_gmt":"2025-07-25T08:38:59","guid":{"rendered":"https:\/\/www.sainteagnessaintgabriel94.com\/?page_id=110"},"modified":"2025-09-09T16:30:23","modified_gmt":"2025-09-09T18:30:23","slug":"mission","status":"publish","type":"page","link":"https:\/\/www.sainteagnessaintgabriel94.com\/index.php\/mission\/","title":{"rendered":"Sacrements de mission"},"content":{"rendered":"\n<p><\/p>\n\n\n\n<div class=\"wp-block-media-text is-stacked-on-mobile is-image-fill-element\" style=\"grid-template-columns:35% auto\"><figure class=\"wp-block-media-text__media\"><img loading=\"lazy\" decoding=\"async\" width=\"683\" height=\"1024\" src=\"https:\/\/www.sainteagnessaintgabriel94.com\/wp-content\/uploads\/2025\/07\/pretre-a-coup-moyen-portant-une-soutane-683x1024.jpg\" alt=\"\" class=\"wp-image-308 size-full\" style=\"object-position:50% 20%\" srcset=\"https:\/\/www.sainteagnessaintgabriel94.com\/wp-content\/uploads\/2025\/07\/pretre-a-coup-moyen-portant-une-soutane-683x1024.jpg 683w, https:\/\/www.sainteagnessaintgabriel94.com\/wp-content\/uploads\/2025\/07\/pretre-a-coup-moyen-portant-une-soutane-200x300.jpg 200w, https:\/\/www.sainteagnessaintgabriel94.com\/wp-content\/uploads\/2025\/07\/pretre-a-coup-moyen-portant-une-soutane-768x1152.jpg 768w, https:\/\/www.sainteagnessaintgabriel94.com\/wp-content\/uploads\/2025\/07\/pretre-a-coup-moyen-portant-une-soutane-1024x1536.jpg 1024w, https:\/\/www.sainteagnessaintgabriel94.com\/wp-content\/uploads\/2025\/07\/pretre-a-coup-moyen-portant-une-soutane-1365x2048.jpg 1365w, https:\/\/www.sainteagnessaintgabriel94.com\/wp-content\/uploads\/2025\/07\/pretre-a-coup-moyen-portant-une-soutane-scaled.jpg 1707w\" sizes=\"auto, (max-width: 683px) 100vw, 683px\" \/><\/figure><div class=\"wp-block-media-text__content\">\n<h3 class=\"wp-block-heading\"><strong>Ordination<\/strong><\/h3>\n\n\n\n<p>Certains parmi nous, quelque soit leur \u00e2ge, peuvent d\u00e9sirer devenir diacre ou pr\u00eatre, pour servir dans la maison du Seigneur. Ils pourront recevoir le sacrement de l&rsquo;ordre, dans ce but, apr\u00e8s une pr\u00e9paration cons\u00e9quente.<\/p>\n\n\n\n<p>Renseignements aupr\u00e8s d&rsquo;un pr\u00eatre de la paroisse en prenant rendez-vous avec lui de vive voix ou en demandant un rendez-vous avec lui au secr\u00e9tariat de la paroisse.<\/p>\n<\/div><\/div>\n\n\n\n<div style=\"height:31px\" aria-hidden=\"true\" class=\"wp-block-spacer\"><\/div>\n\n\n\n<div class=\"wp-block-media-text is-stacked-on-mobile\" style=\"grid-template-columns:35% auto\"><figure class=\"wp-block-media-text__media\"><img loading=\"lazy\" decoding=\"async\" width=\"1024\" height=\"682\" src=\"https:\/\/www.sainteagnessaintgabriel94.com\/wp-content\/uploads\/2025\/07\/wedding-2586762_1280-1024x682.jpg\" alt=\"\" class=\"wp-image-310 size-full\" srcset=\"https:\/\/www.sainteagnessaintgabriel94.com\/wp-content\/uploads\/2025\/07\/wedding-2586762_1280-1024x682.jpg 1024w, https:\/\/www.sainteagnessaintgabriel94.com\/wp-content\/uploads\/2025\/07\/wedding-2586762_1280-300x200.jpg 300w, https:\/\/www.sainteagnessaintgabriel94.com\/wp-content\/uploads\/2025\/07\/wedding-2586762_1280-768x512.jpg 768w, https:\/\/www.sainteagnessaintgabriel94.com\/wp-content\/uploads\/2025\/07\/wedding-2586762_1280-370x245.jpg 370w, https:\/\/www.sainteagnessaintgabriel94.com\/wp-content\/uploads\/2025\/07\/wedding-2586762_1280-1170x780.jpg 1170w, https:\/\/www.sainteagnessaintgabriel94.com\/wp-content\/uploads\/2025\/07\/wedding-2586762_1280.jpg 1280w\" sizes=\"auto, (max-width: 1024px) 100vw, 1024px\" \/><\/figure><div class=\"wp-block-media-text__content\">\n<h3 class=\"wp-block-heading\"><strong>Mariage <\/strong><\/h3>\n\n\n\n<p>En perspective chr\u00e9tienne, d\u00e8s l\u2019origine, Dieu a institu\u00e9 et scell\u00e9 l\u2019union entre le premier homme Adam et la premi\u00e8re femme Eve (Gen\u00e8se 1, 26-27). La vocation au mariage est inscrite dans la nature m\u00eame de l\u2019homme et de la femme, tels qu\u2019ils sont issus de la main du Cr\u00e9ateur. Pour l\u2019\u00c9glise, le mariage chr\u00e9tien est donc l\u2019union d\u2019un homme et d\u2019une femme qui ont le projet de s\u2019aimer pour toute la vie et d\u00e9sirent fonder une famille. Le mariage s\u2019appuie sur \u00ab cinq piliers \u00bb : l\u2019unit\u00e9 de l\u2019homme et de la femme, la libert\u00e9 du consentement, la fid\u00e9lit\u00e9 de l\u2019engagement, l\u2019indissolubilit\u00e9 du lien, la f\u00e9condit\u00e9 de l\u2019amour.<\/p>\n\n\n\n<p>Si vous d\u00e9sirez vous marier, \u00e0 la paroisse Sainte-Agn\u00e8s Saint-Gabriel nous pr\u00e9parons les couples au mariage. Il faut pr\u00e9voir plusieurs rencontres sur 6 ou 7 mois pour pr\u00e9parer s\u00e9rieusement votre mariage, Veillez donc \u00e0 nous contacter dans ces d\u00e9lais, m\u00eame avant si vous voulez.&nbsp;<\/p>\n<\/div><\/div>\n","protected":false},"excerpt":{"rendered":"<p>Ordination Certains parmi nous, quelque soit leur \u00e2ge, peuvent d\u00e9sirer devenir diacre ou pr\u00eatre, pour servir dans la maison du Seigneur. Ils pourront recevoir le sacrement de l&rsquo;ordre, dans ce but, apr\u00e8s une pr\u00e9paration cons\u00e9quente. Renseignements aupr\u00e8s d&rsquo;un pr\u00eatre de la paroisse en prenant rendez-vous avec lui de vive voix ou en demandant un rendez-vous avec lui [&hellip;]<\/p>\n","protected":false},"author":2,"featured_media":0,"parent":0,"menu_order":0,"comment_status":"closed","ping_status":"closed","template":"","meta":{"ngg_post_thumbnail":0,"footnotes":""},"class_list":["post-110","page","type-page","status-publish","hentry"],"aioseo_notices":[],"_links":{"self":[{"href":"https:\/\/www.sainteagnessaintgabriel94.com\/index.php\/wp-json\/wp\/v2\/pages\/110","targetHints":{"allow":["GET"]}}],"collection":[{"href":"https:\/\/www.sainteagnessaintgabriel94.com\/index.php\/wp-json\/wp\/v2\/pages"}],"about":[{"href":"https:\/\/www.sainteagnessaintgabriel94.com\/index.php\/wp-json\/wp\/v2\/types\/page"}],"author":[{"embeddable":true,"href":"https:\/\/www.sainteagnessaintgabriel94.com\/index.php\/wp-json\/wp\/v2\/users\/2"}],"replies":[{"embeddable":true,"href":"https:\/\/www.sainteagnessaintgabriel94.com\/index.php\/wp-json\/wp\/v2\/comments?post=110"}],"version-history":[{"count":6,"href":"https:\/\/www.sainteagnessaintgabriel94.com\/index.php\/wp-json\/wp\/v2\/pages\/110\/revisions"}],"predecessor-version":[{"id":1294,"href":"https:\/\/www.sainteagnessaintgabriel94.com\/index.php\/wp-json\/wp\/v2\/pages\/110\/revisions\/1294"}],"wp:attachment":[{"href":"https:\/\/www.sainteagnessaintgabriel94.com\/index.php\/wp-json\/wp\/v2\/media?parent=110"}],"curies":[{"name":"wp","href":"https:\/\/api.w.org\/{rel}","templated":true}]}}