{"id":113,"date":"2025-07-25T08:39:14","date_gmt":"2025-07-25T08:39:14","guid":{"rendered":"https:\/\/www.sainteagnessaintgabriel94.com\/?page_id=113"},"modified":"2025-09-09T16:33:02","modified_gmt":"2025-09-09T18:33:02","slug":"guerison","status":"publish","type":"page","link":"https:\/\/www.sainteagnessaintgabriel94.com\/index.php\/guerison\/","title":{"rendered":"Sacrements de Gu\u00e9rison"},"content":{"rendered":"\n<div style=\"height:31px\" aria-hidden=\"true\" class=\"wp-block-spacer\"><\/div>\n\n\n\n<div class=\"wp-block-media-text is-stacked-on-mobile\" style=\"grid-template-columns:36% auto\"><figure class=\"wp-block-media-text__media\"><img loading=\"lazy\" decoding=\"async\" width=\"612\" height=\"408\" src=\"https:\/\/www.sainteagnessaintgabriel94.com\/wp-content\/uploads\/2025\/07\/Priere.jpg\" alt=\"\" class=\"wp-image-282 size-full\" srcset=\"https:\/\/www.sainteagnessaintgabriel94.com\/wp-content\/uploads\/2025\/07\/Priere.jpg 612w, https:\/\/www.sainteagnessaintgabriel94.com\/wp-content\/uploads\/2025\/07\/Priere-300x200.jpg 300w\" sizes=\"auto, (max-width: 612px) 100vw, 612px\" \/><\/figure><div class=\"wp-block-media-text__content\">\n<div style=\"height:31px\" aria-hidden=\"true\" class=\"wp-block-spacer\"><\/div>\n\n\n\n<h3 class=\"wp-block-heading\"><strong>R\u00e9conciliation<\/strong><\/h3>\n\n\n\n<p>Ce&nbsp;sacrement&nbsp;est le signe de l\u00b4Amour infini de Dieu. Le pardon de Dieu est toujours possible, si nous faisons une d\u00e9marche vraiment sinc\u00e8re. <br>En se reconnaissant p\u00e9cheur, nous croyons que l\u00b4Amour infini de Dieu est toujours le plus fort. <br>Le dialogue avec un&nbsp;pr\u00eatre&nbsp;est le signe efficace de la&nbsp;r\u00e9conciliation&nbsp;avec Dieu et avec nos fr\u00e8res.<\/p>\n\n\n\n<p>Le pardon de Dieu est exprim\u00e9 par les paroles du&nbsp;pr\u00eatre: \u00ab Que Dieu notre P\u00e8re vous montre sa&nbsp;mis\u00e9ricorde&nbsp;; par la mort et la&nbsp;r\u00e9surrection&nbsp;de son Fils il a r\u00e9concili\u00e9 le monde avec lui et il a envoy\u00e9 l\u2019Esprit-Saint pour la r\u00e9mission des p\u00e9ch\u00e9s : par le minist\u00e8re de l\u2019Eglise qu\u2019il vous donne le pardon et la paix. \u00bb<\/p>\n\n\n\n<p><em>\u00ab<\/em>Le pardon de nos p\u00e9ch\u00e9s n\u2019est pas quelque chose que nous pouvons nous donner \u00e0 nous-m\u00eames. <br>Je ne peux pas dire : je me pardonne mes p\u00e9ch\u00e9s. <br>Le pardon se demande, il se demande \u00e0 quelqu\u2019un d\u2019autre et dans la confession, nous demandons \u00e0 J\u00e9sus son pardon.<\/p>\n\n\n\n<p>Le pardon n\u2019est pas le fruit de nos efforts, mais c\u2019est un cadeau, un don de l\u2019Esprit-Saint, qui nous comble dans le bain r\u00e9g\u00e9n\u00e9rant de&nbsp;mis\u00e9ricorde&nbsp;et de gr\u00e2ce qui coule sans cesse du c\u0153ur grand-ouvert du Christ crucifi\u00e9 et ressuscit\u00e9.<\/p>\n\n\n\n<p>Les confessions seront assur\u00e9es sauf vacances scolaires&nbsp;.<\/p>\n\n\n\n<div style=\"height:31px\" aria-hidden=\"true\" class=\"wp-block-spacer\"><\/div>\n\n\n\n<div class=\"wp-block-buttons is-layout-flex wp-block-buttons-is-layout-flex\">\n<div class=\"wp-block-button\"><a class=\"wp-block-button__link has-vivid-red-background-color has-background has-small-font-size has-custom-font-size wp-element-button\" href=\"https:\/\/esperance.diocesedecreteil.org\/wp-content\/uploads\/sites\/5\/2025\/03\/Vivre-le-sacrement-de-reconciliation.pdf\" style=\"border-radius:0px\" target=\"_blank\" rel=\"noreferrer noopener\">Se pr\u00e9parer au sacrement<\/a><\/div>\n<\/div>\n<\/div><\/div>\n\n\n\n<div style=\"height:31px\" aria-hidden=\"true\" class=\"wp-block-spacer\"><\/div>\n\n\n\n<hr class=\"wp-block-separator has-text-color has-vivid-red-color has-alpha-channel-opacity has-vivid-red-background-color has-background is-style-dots\"\/>\n\n\n\n<div class=\"wp-block-media-text is-stacked-on-mobile\" style=\"grid-template-columns:35% auto\"><figure class=\"wp-block-media-text__media\"><img loading=\"lazy\" decoding=\"async\" width=\"683\" height=\"1024\" src=\"https:\/\/www.sainteagnessaintgabriel94.com\/wp-content\/uploads\/2025\/07\/patient-age-souffrant-de-parkinson-683x1024.jpg\" alt=\"\" class=\"wp-image-314 size-full\" srcset=\"https:\/\/www.sainteagnessaintgabriel94.com\/wp-content\/uploads\/2025\/07\/patient-age-souffrant-de-parkinson-683x1024.jpg 683w, https:\/\/www.sainteagnessaintgabriel94.com\/wp-content\/uploads\/2025\/07\/patient-age-souffrant-de-parkinson-200x300.jpg 200w, https:\/\/www.sainteagnessaintgabriel94.com\/wp-content\/uploads\/2025\/07\/patient-age-souffrant-de-parkinson-768x1152.jpg 768w, https:\/\/www.sainteagnessaintgabriel94.com\/wp-content\/uploads\/2025\/07\/patient-age-souffrant-de-parkinson-1024x1536.jpg 1024w, https:\/\/www.sainteagnessaintgabriel94.com\/wp-content\/uploads\/2025\/07\/patient-age-souffrant-de-parkinson-1365x2048.jpg 1365w, https:\/\/www.sainteagnessaintgabriel94.com\/wp-content\/uploads\/2025\/07\/patient-age-souffrant-de-parkinson-scaled.jpg 1707w\" sizes=\"auto, (max-width: 683px) 100vw, 683px\" \/><\/figure><div class=\"wp-block-media-text__content\">\n<h3 class=\"wp-block-heading\"><strong>Le sacrement des malades <\/strong><\/h3>\n\n\n\n<p>Le&nbsp;sacrement&nbsp;de l\u2019onction des malades est assez m\u00e9connu, souvent associ\u00e9 \u00e0 l\u2019extr\u00eame onction, et par cons\u00e9quent \u00e0 tout ce qui touche \u00e0 la mort et aux questions existentielles de l\u2019homme.<\/p>\n\n\n\n<p>Il a en fait pour but de donner une aide sp\u00e9ciale au chr\u00e9tien confront\u00e9 aux difficult\u00e9s d\u2019une maladie grave ou de la vieillesse. <br>Le chr\u00e9tien peut recevoir le&nbsp;sacrement&nbsp;des malades chaque fois qu\u2019il est atteint d\u2019une grave maladie. C\u2019est le&nbsp;sacrement&nbsp;de la pr\u00e9sence du Seigneur \u00e0 nos c\u00f4t\u00e9s dans les moments d\u2019\u00e9preuve que sont la maladie ou la vieillesse. <\/p>\n\n\n\n<p>La c\u00e9l\u00e9bration de ce&nbsp;sacrement&nbsp;consiste en l\u2019onction d\u2019huile b\u00e9nite sur le front et en l\u2019imposition des mains. Consacr\u00e9e par l\u2019\u00e9v\u00eaque lors de la&nbsp;messe&nbsp;chrismale annuelle, l\u2019huile dite des malades apporte force et douceur. Elle p\u00e9n\u00e8tre la peau, r\u00e9pand sa bonne odeur, fortifie le corps. <\/p>\n\n\n\n<p>Voici les mots qui accompagnent l\u2019onction avec l\u2019huile sainte sur le front et dans les mains des malades :&nbsp;\u00ab\u00a0Par cette onction sainte, que le Seigneur en sa grande bont\u00e9 vous r\u00e9conforte par la gr\u00e2ce de l\u2019Esprit Saint. Ainsi, vous ayant lib\u00e9r\u00e9 de tous p\u00e9ch\u00e9s, qu\u2019il vous sauve et vous rel\u00e8ve.\u00a0\u00bb<\/p>\n<\/div><\/div>\n","protected":false},"excerpt":{"rendered":"<p>Le sacrement des malades Le&nbsp;sacrement&nbsp;de l\u2019onction des malades est assez m\u00e9connu, souvent associ\u00e9 \u00e0 l\u2019extr\u00eame onction, et par cons\u00e9quent \u00e0 tout ce qui touche \u00e0 la mort et aux questions existentielles de l\u2019homme. Il a en fait pour but de donner une aide sp\u00e9ciale au chr\u00e9tien confront\u00e9 aux difficult\u00e9s d\u2019une maladie grave ou de la vieillesse. Le [&hellip;]<\/p>\n","protected":false},"author":2,"featured_media":0,"parent":0,"menu_order":0,"comment_status":"closed","ping_status":"closed","template":"","meta":{"ngg_post_thumbnail":0,"footnotes":""},"class_list":["post-113","page","type-page","status-publish","hentry"],"aioseo_notices":[],"_links":{"self":[{"href":"https:\/\/www.sainteagnessaintgabriel94.com\/index.php\/wp-json\/wp\/v2\/pages\/113","targetHints":{"allow":["GET"]}}],"collection":[{"href":"https:\/\/www.sainteagnessaintgabriel94.com\/index.php\/wp-json\/wp\/v2\/pages"}],"about":[{"href":"https:\/\/www.sainteagnessaintgabriel94.com\/index.php\/wp-json\/wp\/v2\/types\/page"}],"author":[{"embeddable":true,"href":"https:\/\/www.sainteagnessaintgabriel94.com\/index.php\/wp-json\/wp\/v2\/users\/2"}],"replies":[{"embeddable":true,"href":"https:\/\/www.sainteagnessaintgabriel94.com\/index.php\/wp-json\/wp\/v2\/comments?post=113"}],"version-history":[{"count":31,"href":"https:\/\/www.sainteagnessaintgabriel94.com\/index.php\/wp-json\/wp\/v2\/pages\/113\/revisions"}],"predecessor-version":[{"id":1546,"href":"https:\/\/www.sainteagnessaintgabriel94.com\/index.php\/wp-json\/wp\/v2\/pages\/113\/revisions\/1546"}],"wp:attachment":[{"href":"https:\/\/www.sainteagnessaintgabriel94.com\/index.php\/wp-json\/wp\/v2\/media?parent=113"}],"curies":[{"name":"wp","href":"https:\/\/api.w.org\/{rel}","templated":true}]}}