{"id":128,"date":"2025-07-25T08:41:59","date_gmt":"2025-07-25T08:41:59","guid":{"rendered":"https:\/\/www.sainteagnessaintgabriel94.com\/?page_id=128"},"modified":"2025-08-07T20:12:51","modified_gmt":"2025-08-07T22:12:51","slug":"autres-ressources","status":"publish","type":"page","link":"https:\/\/www.sainteagnessaintgabriel94.com\/index.php\/autres-ressources\/","title":{"rendered":"Autres ressources"},"content":{"rendered":"\n<h3 class=\"wp-block-heading has-vivid-red-color has-white-background-color has-text-color has-background has-link-color wp-elements-4dd9d37ade85e2860d44891e4d684585\">Pour se r\u00e9concilier\/confesser<\/h3>\n\n\n\n<ul class=\"wp-block-list\">\n<li>L&rsquo;\u00e9glise <strong>Saint-Louis d&rsquo;Antin \u00e0 Paris<\/strong> offre la possibilit\u00e9 de <strong>se confesser, le service est ouvert tous les jours <\/strong>.<br><a href=\"https:\/\/www.saintlouisantin.fr\/horaires-des-confessions\/\" target=\"_blank\" rel=\"noreferrer noopener\">https:\/\/www.saintlouisantin.fr\/horaires-des-confessions\/<\/a><\/li>\n<\/ul>\n\n\n\n<h3 class=\"wp-block-heading has-vivid-green-cyan-color has-white-background-color has-text-color has-background has-link-color wp-elements-c8125f6b163042583bf47bff75e25351\">Trouver une messe<\/h3>\n\n\n\n<ul class=\"wp-block-list\">\n<li>Le site <strong>messes-infos<\/strong> vous permet de trouver les horaires et lieux de messes.<br><a href=\"https:\/\/messes.info\/\" target=\"_blank\" rel=\"noreferrer noopener\">https:\/\/messes.info\/<\/a><\/li>\n<\/ul>\n\n\n\n<h3 class=\"wp-block-heading has-vivid-cyan-blue-color has-white-background-color has-text-color has-background has-link-color wp-elements-ce3d3fbb157f6c7797154a7306a98712\">Information<\/h3>\n\n\n\n<ul class=\"wp-block-list\">\n<li><a href=\"https:\/\/www.ktotv.com\/\" target=\"_blank\" rel=\"noreferrer noopener\">KTO TV<\/a><\/li>\n\n\n\n<li><a href=\"https:\/\/www.lepelerin.com\/\" target=\"_blank\" rel=\"noreferrer noopener\">Le P\u00e9lerin Hebdomadaire Chr\u00e9tien<\/a><\/li>\n\n\n\n<li><a href=\"https:\/\/fr.aleteia.org\/\">Al\u00e9tia<\/a><\/li>\n\n\n\n<li>&#8230;<\/li>\n<\/ul>\n\n\n\n<h3 class=\"wp-block-heading has-vivid-purple-color has-white-background-color has-text-color has-background has-link-color wp-elements-781c42701bf9c5cb427af17afc55833e\">Religieux sur les r\u00e9seaux sociaux<\/h3>\n\n\n\n<figure class=\"wp-block-table alignleft\"><table class=\"has-black-color has-text-color has-link-color has-fixed-layout\"><tbody><tr><td class=\"has-text-align-left\" data-align=\"left\"><strong>Soeur Albertine<\/strong><\/td><td><a href=\"https:\/\/www.youtube.com\/@soeur.albertine\/shorts\" target=\"_blank\" rel=\"noreferrer noopener\">Youtube <\/a><br><a href=\"https:\/\/www.instagram.com\/soeur.albertine\/?hl=fr\" target=\"_blank\" rel=\"noreferrer noopener\">Instagram<\/a><\/td><\/tr><tr><td class=\"has-text-align-left\" data-align=\"left\"><strong>Fr\u00e8re Benjamin<\/strong><\/td><td><a href=\"https:\/\/www.youtube.com\/channel\/UCOrwKy5n_pR-tlLAn0zRaOw\" target=\"_blank\" rel=\"noreferrer noopener\">Youtube<\/a><\/td><\/tr><tr><td class=\"has-text-align-left\" data-align=\"left\"><strong>P\u00e8re Benoit Pouzin<\/strong><\/td><td><a href=\"https:\/\/www.tiktok.com\/@benoitpouzin\" target=\"_blank\" rel=\"noreferrer noopener\">Tiktok<\/a><\/td><\/tr><tr><td class=\"has-text-align-left\" data-align=\"left\"><strong>S\u0153ur Emmanuelle de Medjugorge<\/strong><\/td><td><a href=\"https:\/\/www.youtube.com\/results?search_query=s%C5%93ur+emmanuelle+de+medjugorje\" target=\"_blank\" rel=\"noreferrer noopener\">Youtube<\/a><\/td><\/tr><tr><td class=\"has-text-align-left\" data-align=\"left\"><strong>P\u00e8re Gaspard Craplet<\/strong><\/td><td><a href=\"https:\/\/www.instagram.com\/peregaspardcraplet\/?hl=fr\" target=\"_blank\" rel=\"noreferrer noopener\">Instagram<\/a><\/td><\/tr><tr><td class=\"has-text-align-left\" data-align=\"left\"><strong>Fr\u00e8re Paul Adrien<\/strong><\/td><td><a href=\"https:\/\/www.youtube.com\/@frerePaulAdrien\" target=\"_blank\" rel=\"noreferrer noopener\">Youtube<\/a><\/td><\/tr><tr><td class=\"has-text-align-left\" data-align=\"left\">&#8230;<\/td><td><\/td><\/tr><\/tbody><\/table><\/figure>\n\n\n\n<div style=\"height:31px\" aria-hidden=\"true\" class=\"wp-block-spacer\"><\/div>\n\n\n\n<h4 class=\"wp-block-heading has-white-background-color has-background\">La\u00efcs consacr\u00e9s<\/h4>\n\n\n\n<ul class=\"wp-block-list has-white-background-color has-background\">\n<li><strong><a href=\"https:\/\/www.youtube.com\/channel\/UCwtrfX8n-8uo2Fwhn8rMVAQ\" target=\"_blank\" rel=\"noreferrer noopener\">Notre Dame M\u00e8re de La Lumi\u00e8re (NDML) : <\/a><\/strong>\n<ul class=\"wp-block-list\">\n<li><strong>Chapelet en ligne tous les soirs \u00e0 19h30<\/strong><\/li>\n\n\n\n<li>\u00ab\u00a0Carr\u00e9ment bien\u00a0\u00bb Nombreux t\u00e9moignages miraculeux<\/li>\n<\/ul>\n<\/li>\n<\/ul>\n\n\n\n<h4 class=\"wp-block-heading has-white-background-color has-background\">D\u00e9couverte musicale <\/h4>\n\n\n\n<ul class=\"wp-block-list has-white-color has-white-background-color has-text-color has-background has-link-color wp-elements-c030e311928272a28929eea6c1505b07\">\n<li class=\"has-black-color has-text-color has-link-color wp-elements-2805d006d29775360cd8e3ad9707496a\"><strong>Harpa Dei<\/strong>, <strong>musique sacr\u00e9e<\/strong><br><a href=\"https:\/\/www.youtube.com\/@HarpaDeiMusic\" target=\"_blank\" rel=\"noreferrer noopener\">https:\/\/www.youtube.com\/@HarpaDeiMusic<\/a>i<\/li>\n\n\n\n<li><\/li>\n<\/ul>\n","protected":false},"excerpt":{"rendered":"<p>Pour se r\u00e9concilier\/confesser Trouver une messe Information Religieux sur les r\u00e9seaux sociaux Soeur Albertine Youtube Instagram Fr\u00e8re Benjamin Youtube P\u00e8re Benoit Pouzin Tiktok S\u0153ur Emmanuelle de Medjugorge Youtube P\u00e8re Gaspard Craplet Instagram Fr\u00e8re Paul Adrien Youtube &#8230; La\u00efcs consacr\u00e9s D\u00e9couverte musicale<\/p>\n","protected":false},"author":1,"featured_media":0,"parent":0,"menu_order":0,"comment_status":"closed","ping_status":"closed","template":"","meta":{"ngg_post_thumbnail":0,"footnotes":""},"class_list":["post-128","page","type-page","status-publish","hentry"],"aioseo_notices":[],"_links":{"self":[{"href":"https:\/\/www.sainteagnessaintgabriel94.com\/index.php\/wp-json\/wp\/v2\/pages\/128","targetHints":{"allow":["GET"]}}],"collection":[{"href":"https:\/\/www.sainteagnessaintgabriel94.com\/index.php\/wp-json\/wp\/v2\/pages"}],"about":[{"href":"https:\/\/www.sainteagnessaintgabriel94.com\/index.php\/wp-json\/wp\/v2\/types\/page"}],"author":[{"embeddable":true,"href":"https:\/\/www.sainteagnessaintgabriel94.com\/index.php\/wp-json\/wp\/v2\/users\/1"}],"replies":[{"embeddable":true,"href":"https:\/\/www.sainteagnessaintgabriel94.com\/index.php\/wp-json\/wp\/v2\/comments?post=128"}],"version-history":[{"count":25,"href":"https:\/\/www.sainteagnessaintgabriel94.com\/index.php\/wp-json\/wp\/v2\/pages\/128\/revisions"}],"predecessor-version":[{"id":1412,"href":"https:\/\/www.sainteagnessaintgabriel94.com\/index.php\/wp-json\/wp\/v2\/pages\/128\/revisions\/1412"}],"wp:attachment":[{"href":"https:\/\/www.sainteagnessaintgabriel94.com\/index.php\/wp-json\/wp\/v2\/media?parent=128"}],"curies":[{"name":"wp","href":"https:\/\/api.w.org\/{rel}","templated":true}]}}