{"id":1386,"date":"2025-08-07T07:36:58","date_gmt":"2025-08-07T09:36:58","guid":{"rendered":"https:\/\/www.sainteagnessaintgabriel94.com\/?page_id=1386"},"modified":"2026-04-05T16:06:10","modified_gmt":"2026-04-05T18:06:10","slug":"actualites-diocesaine","status":"publish","type":"page","link":"https:\/\/www.sainteagnessaintgabriel94.com\/index.php\/actualites-diocesaine\/","title":{"rendered":"Actualit\u00e9s Dioc\u00e9saine"},"content":{"rendered":"\n<figure class=\"wp-block-image size-full is-resized\"><a href=\"https:\/\/catholiques-val-de-marne.cef.fr\/\" target=\"_blank\" rel=\" noreferrer noopener\"><img loading=\"lazy\" decoding=\"async\" width=\"512\" height=\"512\" src=\"https:\/\/www.sainteagnessaintgabriel94.com\/wp-content\/uploads\/2025\/07\/cropped-Logo-du-diocese-1-1.jpg\" alt=\"\" class=\"wp-image-650\" style=\"width:146px;height:auto\" srcset=\"https:\/\/www.sainteagnessaintgabriel94.com\/wp-content\/uploads\/2025\/07\/cropped-Logo-du-diocese-1-1.jpg 512w, https:\/\/www.sainteagnessaintgabriel94.com\/wp-content\/uploads\/2025\/07\/cropped-Logo-du-diocese-1-1-300x300.jpg 300w, https:\/\/www.sainteagnessaintgabriel94.com\/wp-content\/uploads\/2025\/07\/cropped-Logo-du-diocese-1-1-150x150.jpg 150w, https:\/\/www.sainteagnessaintgabriel94.com\/wp-content\/uploads\/2025\/07\/cropped-Logo-du-diocese-1-1-132x132.jpg 132w, https:\/\/www.sainteagnessaintgabriel94.com\/wp-content\/uploads\/2025\/07\/cropped-Logo-du-diocese-1-1-74x74.jpg 74w, https:\/\/www.sainteagnessaintgabriel94.com\/wp-content\/uploads\/2025\/07\/cropped-Logo-du-diocese-1-1-270x270.jpg 270w, https:\/\/www.sainteagnessaintgabriel94.com\/wp-content\/uploads\/2025\/07\/cropped-Logo-du-diocese-1-1-192x192.jpg 192w, https:\/\/www.sainteagnessaintgabriel94.com\/wp-content\/uploads\/2025\/07\/cropped-Logo-du-diocese-1-1-180x180.jpg 180w, https:\/\/www.sainteagnessaintgabriel94.com\/wp-content\/uploads\/2025\/07\/cropped-Logo-du-diocese-1-1-32x32.jpg 32w\" sizes=\"auto, (max-width: 512px) 100vw, 512px\" \/><\/a><\/figure>\n\n\n\n<hr class=\"wp-block-separator has-text-color has-vivid-purple-color has-alpha-channel-opacity has-vivid-purple-background-color has-background\"\/>\n\n\n\n<div style=\"height:11px\" aria-hidden=\"true\" class=\"wp-block-spacer\"><\/div>\n\n\n\n<h3 class=\"wp-block-heading has-text-align-center\">P\u00e8lerinage \u00e0 la chapelle Saint Vincent de Paul et \u00e0 la chapelle de la M\u00e9daille Miraculeuse <\/h3>\n\n\n\n<div style=\"height:11px\" aria-hidden=\"true\" class=\"wp-block-spacer\"><\/div>\n\n\n\n<div style=\"height:11px\" aria-hidden=\"true\" class=\"wp-block-spacer\"><\/div>\n\n\n\n<h3 class=\"wp-block-heading has-text-align-center\">Lettre pastorale de Mgr Dominique Blanchet<\/h3>\n\n\n\n<div style=\"height:33px\" aria-hidden=\"true\" class=\"wp-block-spacer\"><\/div>\n\n\n\n<p class=\"Justifier\">Au terme de l\u2019ann\u00e9e jubilaire, Mgr Dominique Blanchet nous adresse un lettre pastorale qui invite tout le dioc\u00e8se de Cr\u00e9teil \u00e0 entrer dans un chemin missionnaire pour les ann\u00e9es \u00e0 venir.<\/p>\n\n\n\n<p class=\"Justifier\">Ce chemin s\u2019articule autour de trois grands mouvements :<br><strong>Annoncer J\u00e9sus Sauveur et en vivre<\/strong>,&nbsp;<strong>Oser \u00eatre signe<\/strong>,&nbsp;<strong>Marcher ensemble<\/strong>.<br>Il s\u2019adresse \u00e0 chacun, dans la vie quotidienne, au travail, en famille, en paroisse, dans la soci\u00e9t\u00e9. Car la foi ne se vit pas \u00e0 part : elle se traduit en paroles, en actes, en relations, en solidarit\u00e9, en attention aux plus pauvres, en engagement pour la paix et la fraternit\u00e9. L\u2019\u00c9glise du Val-de-Marne est appel\u00e9e \u00e0 devenir toujours davantage un signe visible de l\u2019amour de Dieu au c\u0153ur du monde.<\/p>\n\n\n\n<p class=\"Justifier\">Ces orientations ne sont pas un programme r\u00e9serv\u00e9 aux responsables :&nbsp;<strong>elles sont une invitation personnelle<\/strong>&nbsp;adress\u00e9e \u00e0 chaque baptis\u00e9.<\/p>\n\n\n\n<p class=\"Justifier\">Chacun est invit\u00e9 \u00e0 les lire, les partager, les vivre concr\u00e8tement, pour que notre dioc\u00e8se devienne toujours plus missionnaire, fraternel et rayonnant.<br>Comme le dit le Christ dans l\u2019\u00c9vangile selon saint Luc (Lc 24,48) :&nbsp;<em>\u00ab \u00c0 vous d\u2019en \u00eatre les t\u00e9moins \u00bb<\/em>. C\u2019est maintenant que ce chemin commence \u2014 et il nous concerne tous.<\/p>\n\n\n\n<div class=\"wp-block-file aligncenter has-white-background-color has-background\"><a id=\"wp-block-file--media-753c9189-d5fa-454b-9d22-ac1e085ef67d\" href=\"https:\/\/www.sainteagnessaintgabriel94.com\/wp-content\/uploads\/2026\/01\/Lettre_Pastorale.pdf\" target=\"_blank\" rel=\"noreferrer noopener\">Lettre_pastorale<\/a><a href=\"https:\/\/www.sainteagnessaintgabriel94.com\/wp-content\/uploads\/2026\/01\/Lettre_Pastorale.pdf\" class=\"wp-block-file__button wp-element-button\" download aria-describedby=\"wp-block-file--media-753c9189-d5fa-454b-9d22-ac1e085ef67d\">T\u00e9l\u00e9charger<\/a><\/div>\n\n\n\n<div class=\"wp-block-buttons is-content-justification-center is-layout-flex wp-container-core-buttons-is-layout-16018d1d wp-block-buttons-is-layout-flex\">\n<div class=\"wp-block-button has-custom-width wp-block-button__width-25 is-style-fill\"><a class=\"wp-block-button__link has-vivid-green-cyan-background-color has-background has-small-font-size has-text-align-center has-custom-font-size wp-element-button\" href=\"https:\/\/diocesedecreteil.org\/\" style=\"border-radius:0px\" target=\"_blank\" rel=\"noreferrer noopener\">Consulter en ligne<\/a><\/div>\n<\/div>\n\n\n\n<div style=\"height:33px\" aria-hidden=\"true\" class=\"wp-block-spacer\"><\/div>\n\n\n\n<hr class=\"wp-block-separator has-text-color has-vivid-purple-color has-alpha-channel-opacity has-vivid-purple-background-color has-background\"\/>\n\n\n\n<div class=\"wp-block-cover\" style=\"min-height:155px;aspect-ratio:unset;\"><img loading=\"lazy\" decoding=\"async\" width=\"1024\" height=\"263\" class=\"wp-block-cover__image-background wp-image-651\" alt=\"\" src=\"https:\/\/www.sainteagnessaintgabriel94.com\/wp-content\/uploads\/2025\/08\/couverture-fb-1024x263.jpg\" data-object-fit=\"cover\" srcset=\"https:\/\/www.sainteagnessaintgabriel94.com\/wp-content\/uploads\/2025\/08\/couverture-fb-1024x263.jpg 1024w, https:\/\/www.sainteagnessaintgabriel94.com\/wp-content\/uploads\/2025\/08\/couverture-fb-300x77.jpg 300w, https:\/\/www.sainteagnessaintgabriel94.com\/wp-content\/uploads\/2025\/08\/couverture-fb-768x197.jpg 768w, https:\/\/www.sainteagnessaintgabriel94.com\/wp-content\/uploads\/2025\/08\/couverture-fb.jpg 1228w\" sizes=\"auto, (max-width: 1024px) 100vw, 1024px\" \/><span aria-hidden=\"true\" class=\"wp-block-cover__background has-background-dim\"><\/span><div class=\"wp-block-cover__inner-container is-layout-flow wp-block-cover-is-layout-flow\">\n<p class=\"has-text-align-center has-large-font-size\"><a href=\"https:\/\/catholiques-val-de-marne.cef.fr\/newsletter\/\" target=\"_blank\" rel=\"noreferrer noopener\"><strong><mark style=\"background-color:rgba(0, 0, 0, 0)\" class=\"has-inline-color has-white-color\">Lettres d&rsquo;information du Dioc\u00e8se<\/mark><\/strong><\/a><\/p>\n<\/div><\/div>\n","protected":false},"excerpt":{"rendered":"<p>P\u00e8lerinage \u00e0 la chapelle Saint Vincent de Paul et \u00e0 la chapelle de la M\u00e9daille Miraculeuse Lettre pastorale de Mgr Dominique Blanchet Au terme de l\u2019ann\u00e9e jubilaire, Mgr Dominique Blanchet nous adresse un lettre pastorale qui invite tout le dioc\u00e8se de Cr\u00e9teil \u00e0 entrer dans un chemin missionnaire pour les ann\u00e9es \u00e0 venir. Ce chemin s\u2019articule autour [&hellip;]<\/p>\n","protected":false},"author":2,"featured_media":0,"parent":0,"menu_order":0,"comment_status":"closed","ping_status":"closed","template":"","meta":{"ngg_post_thumbnail":0,"footnotes":""},"class_list":["post-1386","page","type-page","status-publish","hentry"],"aioseo_notices":[],"_links":{"self":[{"href":"https:\/\/www.sainteagnessaintgabriel94.com\/index.php\/wp-json\/wp\/v2\/pages\/1386","targetHints":{"allow":["GET"]}}],"collection":[{"href":"https:\/\/www.sainteagnessaintgabriel94.com\/index.php\/wp-json\/wp\/v2\/pages"}],"about":[{"href":"https:\/\/www.sainteagnessaintgabriel94.com\/index.php\/wp-json\/wp\/v2\/types\/page"}],"author":[{"embeddable":true,"href":"https:\/\/www.sainteagnessaintgabriel94.com\/index.php\/wp-json\/wp\/v2\/users\/2"}],"replies":[{"embeddable":true,"href":"https:\/\/www.sainteagnessaintgabriel94.com\/index.php\/wp-json\/wp\/v2\/comments?post=1386"}],"version-history":[{"count":55,"href":"https:\/\/www.sainteagnessaintgabriel94.com\/index.php\/wp-json\/wp\/v2\/pages\/1386\/revisions"}],"predecessor-version":[{"id":2819,"href":"https:\/\/www.sainteagnessaintgabriel94.com\/index.php\/wp-json\/wp\/v2\/pages\/1386\/revisions\/2819"}],"wp:attachment":[{"href":"https:\/\/www.sainteagnessaintgabriel94.com\/index.php\/wp-json\/wp\/v2\/media?parent=1386"}],"curies":[{"name":"wp","href":"https:\/\/api.w.org\/{rel}","templated":true}]}}