{"id":2,"date":"2025-07-24T11:07:45","date_gmt":"2025-07-24T11:07:45","guid":{"rendered":"http:\/\/www.sainteagnessaintgabriel94.com\/?page_id=2"},"modified":"2026-04-14T09:25:59","modified_gmt":"2026-04-14T11:25:59","slug":"sample-page","status":"publish","type":"page","link":"https:\/\/www.sainteagnessaintgabriel94.com\/","title":{"rendered":"Accueil"},"content":{"rendered":"\n<h5 class=\"wp-block-heading has-text-align-center\">\u00ab\u00a0J\u2019AIME LE CHRIST\u00a0\u00bb est grav\u00e9 sur le fronton de l&rsquo;\u00e9glise Sainte-Agn\u00e8s.<br>Selon la tradition, ces mots ont \u00e9t\u00e9 prononc\u00e9 \u00e0 Rome dans les ann\u00e9es 300 par <a href=\"https:\/\/www.vaticannews.va\/fr\/saint-du-jour\/01\/21\/sainte-agnes--vierge-et-martyre.html\" target=\"_blank\" rel=\"noreferrer noopener\"><mark style=\"background-color:rgba(0, 0, 0, 0)\" class=\"has-inline-color has-vivid-green-cyan-color\">Sainte-Agn\u00e8s<\/mark><\/a> pour marquer sa d\u00e9votion totale au Christ. <br>Cette phrase, d\u2019une simplicit\u00e9 fulgurante, a illustr\u00e9 son refus de c\u00e9der aux pression de son entourage et de se marier.<\/h5>\n\n\n\n<div style=\"height:15px\" aria-hidden=\"true\" class=\"wp-block-spacer\"><\/div>\n\n\n\n<p class=\"justifier\">Bienvenue sur le site de la paroisse Sainte-Agn\u00e8s Saint-Gabriel de Maisons-Alfort !<br>Vous trouverez ici toutes les informations utiles sur la vie de notre communaut\u00e9, les horaires pour prier, adorer, recevoir les sacrements, et les propositions pour grandir dans la foi, quel que soit votre \u00e2ge.<\/p>\n\n\n\n<p class=\"justifier\">Id\u00e9alement plac\u00e9e \u00e0 proximit\u00e9 de la station de m\u00e9tro Maisons-Alfort Ecole V\u00e9t\u00e9rinaire, notre paroisse est un lieu de rencontre, de partage et d\u2019engagement. Vous y d\u00e9couvrirez aussi les nombreux liens que nous tissons avec l\u2019ext\u00e9rieur : actions solidaires, \u00e9v\u00e9nements ouverts \u00e0 tous et collaborations avec d\u2019autres acteurs locaux.<\/p>\n\n\n\n<p class=\"justifier\">Que ce site vous accompagne pour vivre et approfondir votre chemin avec le Christ. N\u2019h\u00e9sitez pas \u00e0 vous joindre \u00e0 nous et \u00e0 participer \u00e0 la vitalit\u00e9 de notre communaut\u00e9.<br>Ensemble, suivons J\u00e9sus\u202f!<\/p>\n\n\n\n<h5 class=\"wp-block-heading has-text-align-right\">Le P\u00e8re Edmond KABOR\u00c9 est le Pr\u00eatre de notre Paroisse<\/h5>\n\n\n\n<div style=\"height:15px\" aria-hidden=\"true\" class=\"wp-block-spacer\"><\/div>\n\n\n\n<div class=\"wp-block-group is-content-justification-space-between is-nowrap is-layout-flex wp-container-core-group-is-layout-0dfbf163 wp-block-group-is-layout-flex\">\n<div class=\"wp-block-buttons is-horizontal is-content-justification-left is-layout-flex wp-container-core-buttons-is-layout-7e5fce0a wp-block-buttons-is-layout-flex\">\n<div class=\"wp-block-button has-custom-width wp-block-button__width-100 is-style-fill\"><a class=\"wp-block-button__link has-vivid-green-cyan-background-color has-background has-small-font-size has-custom-font-size wp-element-button\" href=\"https:\/\/www.sainteagnessaintgabriel94.com\/index.php\/2025\/07\/28\/horaires\/\" style=\"border-radius:0px\">Horaires des messes<\/a><\/div>\n<\/div>\n\n\n\n<div class=\"wp-block-buttons is-content-justification-center is-layout-flex wp-container-core-buttons-is-layout-16018d1d wp-block-buttons-is-layout-flex\">\n<div class=\"wp-block-button is-style-fill\"><a class=\"wp-block-button__link has-vivid-green-cyan-background-color has-background has-small-font-size has-custom-font-size wp-element-button\" href=\"https:\/\/www.sainteagnessaintgabriel94.com\/index.php\/2025\/09\/27\/information-de-la-paroisse\/\" style=\"border-radius:0px\">Informations Paroisse<\/a><\/div>\n<\/div>\n\n\n\n<div class=\"wp-block-buttons is-layout-flex wp-block-buttons-is-layout-flex\">\n<div class=\"wp-block-button is-style-fill\"><a class=\"wp-block-button__link has-vivid-green-cyan-background-color has-background has-small-font-size has-custom-font-size wp-element-button\" href=\"https:\/\/www.sainteagnessaintgabriel94.com\/index.php\/le-gue-journal-paroissial\/\" style=\"border-radius:0px\">\u00ab\u00a0Le Gu\u00e9\u00a0\u00bb <br>Bulletin mensuel Paroissial<\/a><\/div>\n<\/div>\n<\/div>\n\n\n\n<div style=\"height:15px;width:0px\" aria-hidden=\"true\" class=\"wp-block-spacer\"><\/div>\n\n\n\n<div style=\"height:15px\" aria-hidden=\"true\" class=\"wp-block-spacer\"><\/div>\n\n\n\n<h1 class=\"wp-block-heading has-text-align-center has-white-color has-vivid-cyan-blue-to-vivid-purple-gradient-background has-text-color has-background has-link-color wp-elements-15e118d4864952101cab7fbfd7bb85eb\" style=\"font-size:20px\">Actualit\u00e9s <\/h1>\n\n\n\n<h3 class=\"wp-block-heading has-text-align-center\">2026, les intentions de pri\u00e8re du Pape<\/h3>\n\n\n\n<div style=\"height:10px\" aria-hidden=\"true\" class=\"wp-block-spacer\"><\/div>\n\n\n\n<div class=\"wp-block-media-text is-stacked-on-mobile\" style=\"grid-template-columns:35% auto\"><figure class=\"wp-block-media-text__media\"><img loading=\"lazy\" decoding=\"async\" width=\"275\" height=\"183\" src=\"https:\/\/www.sainteagnessaintgabriel94.com\/wp-content\/uploads\/2025\/11\/download-1.jpg\" alt=\"\" class=\"wp-image-2231 size-full\"\/><\/figure><div class=\"wp-block-media-text__content\">\n<h4 class=\"wp-block-heading\">Avril, pour les pr\u00eatres en crise<\/h4>\n\n\n\n<p class=\"justifier\">\u00ab&nbsp;Prions pour les pr\u00eatres qui traversent des moments de crise dans leur vocation, afin qu\u2019ils trouvent l\u2019accompagnement n\u00e9cessaire et que les communaut\u00e9s les soutiennent avec compr\u00e9hension et pri\u00e8re.&nbsp;\u00bb LEON XIV<br><\/p>\n\n\n\n<div class=\"wp-block-buttons is-layout-flex wp-block-buttons-is-layout-flex\">\n<div class=\"wp-block-button has-custom-width wp-block-button__width-75 is-style-outline is-style-outline--1\"><a class=\"wp-block-button__link has-small-font-size has-custom-font-size wp-element-button\" href=\"https:\/\/www.prieredupapefrance.net\/intentions-2026\/\" style=\"border-radius:0px\" target=\"_blank\" rel=\"noreferrer noopener\">R\u00e9seau mondial de pri\u00e8re du Pape<\/a><\/div>\n<\/div>\n<\/div><\/div>\n\n\n\n<div style=\"height:10px\" aria-hidden=\"true\" class=\"wp-block-spacer\"><\/div>\n\n\n\n<hr class=\"wp-block-separator has-text-color has-vivid-green-cyan-color has-alpha-channel-opacity has-vivid-green-cyan-background-color has-background is-style-default\"\/>\n\n\n\n<h3 class=\"wp-block-heading has-text-align-center\">P\u00e8lerinage \u00e0 Lourdes du 26 avril au 1er mai 2026<\/h3>\n\n\n\n<div style=\"height:15px\" aria-hidden=\"true\" class=\"wp-block-spacer\"><\/div>\n\n\n\n<div class=\"wp-block-media-text is-stacked-on-mobile\" style=\"grid-template-columns:35% auto\"><figure class=\"wp-block-media-text__media\"><a href=\"https:\/\/www.sainteagnessaintgabriel94.com\/wp-content\/uploads\/2026\/01\/Pelerinage_Lourdes_avril_mai_2026_page-0001.jpg\" target=\"_blank\" rel=\" noreferrer noopener\"><img loading=\"lazy\" decoding=\"async\" width=\"724\" height=\"1024\" src=\"https:\/\/www.sainteagnessaintgabriel94.com\/wp-content\/uploads\/2026\/01\/Pelerinage_Lourdes_avril_mai_2026_page-0001-724x1024.jpg\" alt=\"\" class=\"wp-image-2579 size-full\" srcset=\"https:\/\/www.sainteagnessaintgabriel94.com\/wp-content\/uploads\/2026\/01\/Pelerinage_Lourdes_avril_mai_2026_page-0001-724x1024.jpg 724w, https:\/\/www.sainteagnessaintgabriel94.com\/wp-content\/uploads\/2026\/01\/Pelerinage_Lourdes_avril_mai_2026_page-0001-212x300.jpg 212w, https:\/\/www.sainteagnessaintgabriel94.com\/wp-content\/uploads\/2026\/01\/Pelerinage_Lourdes_avril_mai_2026_page-0001-768x1086.jpg 768w, https:\/\/www.sainteagnessaintgabriel94.com\/wp-content\/uploads\/2026\/01\/Pelerinage_Lourdes_avril_mai_2026_page-0001-1086x1536.jpg 1086w, https:\/\/www.sainteagnessaintgabriel94.com\/wp-content\/uploads\/2026\/01\/Pelerinage_Lourdes_avril_mai_2026_page-0001.jpg 1241w\" sizes=\"auto, (max-width: 724px) 100vw, 724px\" \/><\/a><\/figure><div class=\"wp-block-media-text__content\">\n<p class=\"Justifier\">Le service des p\u00e8lerinages vous invite au&nbsp;<strong>p\u00e8lerinage \u00e0 Lourdes, du&nbsp;26 avril au 1er mai 2026.<\/strong><br>Le p\u00e8lerinage \u00e0 Lourdes est propos\u00e9 \u00e0 tous.&nbsp;Les places \u00e9tant limit\u00e9es, nous vous encourageons \u00e0 vous inscrire d\u00e8s que possible.&nbsp;<\/p>\n\n\n\n<p class=\"Justifier\">Une solidarit\u00e9 financi\u00e8re est mise en place pour soutenir les familles, les jeunes et les p\u00e8lerins isol\u00e9s.<\/p>\n\n\n\n<h4 class=\"wp-block-heading has-text-align-center\">Pour l&rsquo;inscription A) ou B)<\/h4>\n\n\n\n<p class=\"Justifier\"><strong>A ) Retourner le bulletin d&rsquo;inscription rempli au Service des p\u00e8lerinages :<\/strong><\/p>\n\n\n\n<div class=\"wp-block-file\"><a id=\"wp-block-file--media-5ac9fe3c-5435-428b-9ffc-dfc102728484\" href=\"https:\/\/www.sainteagnessaintgabriel94.com\/wp-content\/uploads\/2026\/01\/Bulletin_inscription_pelerinage_lourdes_avr.mai_2026.pdf\" target=\"_blank\" rel=\"noreferrer noopener\">Bulletin_inscription_pelerinage_lourdes_avr.mai_2026<\/a><a href=\"https:\/\/www.sainteagnessaintgabriel94.com\/wp-content\/uploads\/2026\/01\/Bulletin_inscription_pelerinage_lourdes_avr.mai_2026.pdf\" class=\"wp-block-file__button wp-element-button\" download aria-describedby=\"wp-block-file--media-5ac9fe3c-5435-428b-9ffc-dfc102728484\">T\u00e9l\u00e9charger<\/a><\/div>\n\n\n\n<p class=\"Justifier\">&#8211;<strong>Par voie \u00e9lectronique: <\/strong><br>Courriel : <a href=\"mailto:pelerinages@eveche-creteil.cef.fr\">pelerinages @ eveche-creteil.cef.fr<\/a><br>Tel. : 01.45.17.24.08<br>&#8211;<strong>Par voie postale : <\/strong><br>Imprimez et remplissez enti\u00e8rement le bulletin, et faites-le parvenir accompagn\u00e9 de votre (vos) ch\u00e8que(s) \u00e0 l\u2019ordre de \u00abADC p\u00e8lerinages\u00bb \u00e0 :<br>Service des p\u00e8lerinages<br>\u00c9v\u00each\u00e9 de Cr\u00e9teil<br>02 Rue Pasteur Vallery-Radot<br>94000 Cr\u00e9teil<\/p>\n\n\n\n<p><strong>B) Inscription en ligne <\/strong><br><a href=\"https:\/\/pelerinagediocesaincreteil2026-lourdes.venio.fr\/fr\" target=\"_blank\" rel=\"noopener\" title=\"\">https:\/\/pelerinagediocesaincreteil2026-lourdes.venio.fr\/fr<br><\/a>Ou en scannant le QR code :<\/p>\n\n\n\n<figure class=\"wp-block-image size-full is-resized\"><img loading=\"lazy\" decoding=\"async\" width=\"219\" height=\"220\" src=\"https:\/\/www.sainteagnessaintgabriel94.com\/wp-content\/uploads\/2026\/01\/QR_code_pelerinage_Lourde_page-0001.jpg\" alt=\"\" class=\"wp-image-2590\" style=\"width:122px;height:auto\" srcset=\"https:\/\/www.sainteagnessaintgabriel94.com\/wp-content\/uploads\/2026\/01\/QR_code_pelerinage_Lourde_page-0001.jpg 219w, https:\/\/www.sainteagnessaintgabriel94.com\/wp-content\/uploads\/2026\/01\/QR_code_pelerinage_Lourde_page-0001-150x150.jpg 150w, https:\/\/www.sainteagnessaintgabriel94.com\/wp-content\/uploads\/2026\/01\/QR_code_pelerinage_Lourde_page-0001-132x132.jpg 132w, https:\/\/www.sainteagnessaintgabriel94.com\/wp-content\/uploads\/2026\/01\/QR_code_pelerinage_Lourde_page-0001-74x74.jpg 74w\" sizes=\"auto, (max-width: 219px) 100vw, 219px\" \/><\/figure>\n<\/div><\/div>\n\n\n\n<hr class=\"wp-block-separator has-text-color has-vivid-green-cyan-color has-alpha-channel-opacity has-vivid-green-cyan-background-color has-background is-style-default\"\/>\n\n\n\n<h3 class=\"wp-block-heading has-text-align-center\">Ouverture de la phase de consultation du Concile provincial<\/h3>\n\n\n\n<div style=\"height:10px\" aria-hidden=\"true\" class=\"wp-block-spacer\"><\/div>\n\n\n\n<p class=\"Justifier\">Le 11 avril 2025, les \u00e9v\u00eaques d\u2019\u00cele-de-France ont annonc\u00e9 la tenue d\u2019un Concile sur le th\u00e8me \u00ab&nbsp;cat\u00e9chum\u00e8nes et n\u00e9ophytes, de nouvelles perspectives pour la vie de notre \u00c9glise dans nos dioc\u00e8ses&nbsp;\u00bb qui s\u2019\u00e9tendra de la Trinit\u00e9 2026 jusqu\u2019\u00e0 l\u2019\u00e9t\u00e9 2027.<\/p>\n\n\n\n<p>Ce concile provincial se d\u00e9ploiera en trois temps&nbsp;:<\/p>\n\n\n\n<ul class=\"wp-block-list\">\n<li class=\"Justifier\"><strong>Une phase de consultation<\/strong>&nbsp;des n\u00e9ophytes, cat\u00e9chum\u00e8nes, accompagnateurs du cat\u00e9chum\u00e9nat, pr\u00eatres et paroissiens. Cette phase d\u00e9butera par une c\u00e9l\u00e9bration en dioc\u00e8se ou en paroisse le dimanche 25 janvier 2026 (f\u00eate de la conversion de saint Paul) et s\u2019ach\u00e8vera le 1er juillet 2026.<\/li>\n\n\n\n<li class=\"justifier\"><strong>Une phase de d\u00e9lib\u00e9ration<\/strong>&nbsp;au cours de laquelle l\u2019assembl\u00e9e conciliaire se rassemblera \u00e0 trois reprises pour travailler \u00e0 partir du fruit de la consultation et faire des propositions d\u2019orientations aux \u00e9v\u00eaques. Cette phase d\u00e9butera par l\u2019ouverture solennelle du concile le dimanche 31 mai 2026 (f\u00eate de la Sainte Trinit\u00e9) et s\u2019ach\u00e8vera au terme de la 3e session de l\u2019assembl\u00e9e, fin mai 2027.<\/li>\n\n\n\n<li><strong>Une phase de r\u00e9ception<\/strong>&nbsp;officielle des d\u00e9cisions conciliaires, dans chacun des dioc\u00e8ses, une fois la&nbsp;<em>recognitio<\/em>&nbsp;romaine obtenue. Cette phase pourrait d\u00e9buter \u00e0 la Toussaint 2027.<\/li>\n\n\n\n<li>Courriel : <a href=\"mailto:creteil@concileprovincial.fr\">creteil@concileprovincial.fr<\/a><\/li>\n<\/ul>\n\n\n\n<div style=\"height:33px\" aria-hidden=\"true\" class=\"wp-block-spacer\"><\/div>\n\n\n\n<figure class=\"wp-block-embed is-type-video is-provider-youtube wp-block-embed-youtube wp-embed-aspect-16-9 wp-has-aspect-ratio\"><div class=\"wp-block-embed__wrapper\">\n<iframe loading=\"lazy\" title=\"Concile Provincial d&#039;\u00cele-de-France - P\u00e8re Maximilien de la Martini\u00e8re, secr\u00e9taire g\u00e9n\u00e9ral\" width=\"1170\" height=\"658\" src=\"https:\/\/www.youtube.com\/embed\/y2dLE30cBks?feature=oembed\" frameborder=\"0\" allow=\"accelerometer; autoplay; clipboard-write; encrypted-media; gyroscope; picture-in-picture; web-share\" referrerpolicy=\"strict-origin-when-cross-origin\" allowfullscreen><\/iframe>\n<\/div><\/figure>\n\n\n\n<div class=\"wp-block-columns is-layout-flex wp-container-core-columns-is-layout-9d6595d7 wp-block-columns-is-layout-flex\">\n<div class=\"wp-block-column is-layout-flow wp-block-column-is-layout-flow\">\n<p class=\"has-text-align-center\"><a href=\"https:\/\/concileprovincial.fr\/ressources-pour-la-consultation\/\" target=\"_blank\" rel=\"noopener\" title=\"\">Bo\u00eete \u00e0 outils<\/a><\/p>\n<\/div>\n\n\n\n<div class=\"wp-block-column is-layout-flow wp-block-column-is-layout-flow\">\n<div class=\"wp-block-buttons is-layout-flex wp-block-buttons-is-layout-flex\">\n<div class=\"wp-block-button has-custom-width wp-block-button__width-75 is-style-outline is-style-outline--2\"><a class=\"wp-block-button__link has-black-color has-white-background-color has-text-color has-background has-link-color has-small-font-size has-custom-font-size wp-element-button\" href=\"https:\/\/concileprovincial.fr\/\" style=\"border-radius:0px\" target=\"_blank\" rel=\"noreferrer noopener\">Concile provincial <br>visiter le site<\/a><\/div>\n<\/div>\n<\/div>\n\n\n\n<div class=\"wp-block-column is-layout-flow wp-block-column-is-layout-flow\">\n<div class=\"wp-block-group is-nowrap is-layout-flex wp-container-core-group-is-layout-ad2f72ca wp-block-group-is-layout-flex\">\n<p class=\"has-text-align-center\"><a href=\"https:\/\/docs.google.com\/forms\/d\/e\/1FAIpQLSffCKaMCfMFw2iQbP60TMRrd-4_dyPhUNkcu-MquJlyaliUuQ\/viewform\" target=\"_blank\" rel=\"noopener\" title=\"\">Suivre une formation de facilitateur, facilitatrice<\/a><\/p>\n<\/div>\n<\/div>\n<\/div>\n\n\n\n<p><\/p>\n\n\n\n<hr class=\"wp-block-separator has-text-color has-vivid-green-cyan-color has-alpha-channel-opacity has-vivid-green-cyan-background-color has-background is-style-default\"\/>\n\n\n\n<h3 class=\"wp-block-heading has-text-align-center\">Conf\u00e9rence samedi 2 mai \u00e0 15h00<\/h3>\n\n\n\n<p class=\"Justifier\">La paroisse vous invite \u00e0 une conf\u00e9rence sp\u00e9ciale d\u00e9di\u00e9e \u00e0 l\u2019exhortation apostolique Dilexi te (\u00ab je t\u2019ai aim\u00e9 \u00bb), premi\u00e8re exhortation apostolique du pape L\u00e9on XIV, le samedi 2 mai prochain \u00e0 15h \u00e0 la salle Sainte Agn\u00e8s. Ensemble, avec monsieur Poujol, conf\u00e9rencier, d\u00e9couvrirons ce texte qui nous appelle \u00e0 un choix d\u00e9cisif, en faveur des pauvres, au c\u0153ur de l\u2019\u00c9vangile.<br>Venez nombreux pour vous former, \u00e9changer et nous laisser interpeller par cet appel \u00e0 l\u2019amour concret envers nos fr\u00e8res les plus d\u00e9munis.<\/p>\n\n\n\n<div style=\"height:10px\" aria-hidden=\"true\" class=\"wp-block-spacer\"><\/div>\n\n\n\n<hr class=\"wp-block-separator has-text-color has-vivid-green-cyan-color has-alpha-channel-opacity has-vivid-green-cyan-background-color has-background is-style-default\"\/>\n\n\n\n<div style=\"height:10px\" aria-hidden=\"true\" class=\"wp-block-spacer\"><\/div>\n\n\n\n<h3 class=\"wp-block-heading has-text-align-center\">U<strong>tiliser la technologie pour unir et non pour diviser<\/strong><\/h3>\n\n\n\n<div class=\"wp-block-media-text is-stacked-on-mobile\" style=\"grid-template-columns:35% auto\"><figure class=\"wp-block-media-text__media\"><img loading=\"lazy\" decoding=\"async\" width=\"720\" height=\"405\" src=\"https:\/\/www.sainteagnessaintgabriel94.com\/wp-content\/uploads\/2025\/08\/pape-francois-2.png\" alt=\"\" class=\"wp-image-705 size-full\" srcset=\"https:\/\/www.sainteagnessaintgabriel94.com\/wp-content\/uploads\/2025\/08\/pape-francois-2.png 720w, https:\/\/www.sainteagnessaintgabriel94.com\/wp-content\/uploads\/2025\/08\/pape-francois-2-300x169.png 300w\" sizes=\"auto, (max-width: 720px) 100vw, 720px\" \/><\/figure><div class=\"wp-block-media-text__content\">\n<p class=\"justifier\">\u00ab Combien j\u2019aimerais que nous regardions moins les \u00e9crans<br>et que nous nous regardions davantage dans les yeux !<br>Prions pour que l\u2019utilisation des nouvelles technologies ne remplace pas les relations humaines, mais respecte la dignit\u00e9 des personnes et aide \u00e0 affronter les crises de notre temps \u00bb. Pape Fran\u00e7ois&nbsp;<\/p>\n\n\n\n<p class=\"justifier\">C\u2019est le souhait que le Saint-P\u00e8re exprimait dans sa vid\u00e9o du mois d\u2019avril 2025, r\u00e9alis\u00e9e par le R\u00e9seau Mondial de Pri\u00e8re du Pape en collaboration avec Coronation Media et avec le soutien du Dicast\u00e8re pour le Service du D\u00e9veloppement Humain Int\u00e9gral du Saint-Si\u00e8ge.<\/p>\n\n\n\n<p><\/p>\n\n\n\n<div class=\"wp-block-buttons is-content-justification-left is-layout-flex wp-container-core-buttons-is-layout-fdcfc74e wp-block-buttons-is-layout-flex\">\n<div class=\"wp-block-button is-style-outline is-style-outline--3\"><a class=\"wp-block-button__link has-small-font-size has-text-align-right has-custom-font-size wp-element-button\" href=\"https:\/\/www.youtube.com\/watch?v=yl3uKDiIKv8\" style=\"border-radius:0px\" target=\"_blank\" rel=\"noreferrer noopener\">Voir la vid\u00e9o<\/a><\/div>\n<\/div>\n<\/div><\/div>\n\n\n\n<hr class=\"wp-block-separator has-text-color has-vivid-green-cyan-color has-alpha-channel-opacity has-vivid-green-cyan-background-color has-background is-style-default\"\/>\n\n\n\n<div class=\"wp-block-media-text is-stacked-on-mobile\" style=\"grid-template-columns:33% auto\"><figure class=\"wp-block-media-text__media\"><img loading=\"lazy\" decoding=\"async\" width=\"582\" height=\"827\" src=\"https:\/\/www.sainteagnessaintgabriel94.com\/wp-content\/uploads\/2025\/08\/Abus-sexuel-1.jpg\" alt=\"\" class=\"wp-image-680 size-full\" srcset=\"https:\/\/www.sainteagnessaintgabriel94.com\/wp-content\/uploads\/2025\/08\/Abus-sexuel-1.jpg 582w, https:\/\/www.sainteagnessaintgabriel94.com\/wp-content\/uploads\/2025\/08\/Abus-sexuel-1-211x300.jpg 211w\" sizes=\"auto, (max-width: 582px) 100vw, 582px\" \/><\/figure><div class=\"wp-block-media-text__content\">\n<h3 class=\"wp-block-heading\">Cellule d&rsquo;\u00e9coute<\/h3>\n\n\n\n<h4 class=\"wp-block-heading\">01.41.83.42.17 : le num\u00e9ro d\u2019\u00e9coute pour les victimes d\u2019abus dans l\u2019\u00c9glise<\/h4>\n\n\n\n<h4 class=\"wp-block-heading\"><strong>Vous-m\u00eame ou l\u2019un de vos proches avez \u00e9t\u00e9 victime d\u2019abus au sein de l\u2019\u00c9glise ?<\/strong><\/h4>\n\n\n\n<p>Face \u00e0 ce drame, le dioc\u00e8se de Cr\u00e9teil s\u2019engage \u00e0 vous accueillir, \u00e0 vous \u00e9couter et \u00e0 vous accompagner. Vous pouvez prendre contact avec le dioc\u00e8se :<\/p>\n\n\n\n<ul class=\"wp-block-list\">\n<li class=\"justifier\"><strong>Une boite mail \u00ab parole de victimes \u00bb<\/strong>&nbsp;sur laquelle toute personne ayant subi des abus sexuels de la part de personnes exer\u00e7ant des responsabilit\u00e9s d\u2019\u00c9glise dans le cadre du dioc\u00e8se de Cr\u00e9teil peut en alerter directement notre \u00e9v\u00eaque :<br><strong><a href=\"mailto:paroledevictime93-94@eveche-creteil.cef.fr\" target=\"_blank\" rel=\"noreferrer noopener\">paroledevictime93-94@eveche-creteil.cef.fr<\/a><\/strong><br><\/li>\n\n\n\n<li class=\"justifier\"><strong>Une \u00ab cellule d\u2019\u00e9coute \u00bb<\/strong>&nbsp;compos\u00e9e de b\u00e9n\u00e9voles form\u00e9s \u00e0 l\u2019\u00e9coute qui est charg\u00e9e d\u2019examiner de mani\u00e8re confidentielle toutes les alertes d\u00e9pos\u00e9es sur la boite mail \u00ab parole de victimes \u00bb et de leur apporter sans d\u00e9lai les suites pr\u00e9vues par le droit fran\u00e7ais et le droit de l\u2019\u00c9glise.<\/li>\n<\/ul>\n\n\n\n<p class=\"justifier\">La Conf\u00e9rence des \u00e9v\u00eaques de France et les congr\u00e9gations religieuses (Corref) ont sign\u00e9 avec la f\u00e9d\u00e9ration France Victimes des conventions qui ouvrent son num\u00e9ro d\u2019\u00e9coute et d\u2019accompagnement aux victimes de violences dans l\u2019\u00c9glise. Les victimes d\u2019abus sexuels dans l\u2019\u00c9glise peuvent d\u00e9sormais joindre les \u00e9coutants experts de France Victimes.<\/p>\n<\/div><\/div>\n\n\n\n<hr class=\"wp-block-separator has-text-color has-vivid-green-cyan-color has-alpha-channel-opacity has-vivid-green-cyan-background-color has-background\"\/>\n\n\n\n<div style=\"height:31px\" aria-hidden=\"true\" class=\"wp-block-spacer\"><\/div>\n\n\n\n<div class=\"wp-block-buttons is-content-justification-center is-layout-flex wp-container-core-buttons-is-layout-16018d1d wp-block-buttons-is-layout-flex\">\n<div class=\"wp-block-button has-custom-width wp-block-button__width-100\"><a class=\"wp-block-button__link has-background has-medium-font-size has-custom-font-size wp-element-button\" href=\"https:\/\/catholiques-val-de-marne.cef.fr\/actualites\/actualites-de-leglise\/\" style=\"border-radius:0px;background:linear-gradient(40deg,rgb(6,147,227) 39%,rgb(155,81,224) 100%)\" target=\"_blank\" rel=\"noreferrer noopener\">Pour plus d&rsquo;actualit\u00e9s de l&rsquo;\u00e9glise en France et dans le monde<\/a><\/div>\n<\/div>\n\n\n\n<p><\/p>\n","protected":false},"excerpt":{"rendered":"<p>\u00ab\u00a0J\u2019AIME LE CHRIST\u00a0\u00bb est grav\u00e9 sur le fronton de l&rsquo;\u00e9glise Sainte-Agn\u00e8s.Selon la tradition, ces mots ont \u00e9t\u00e9 prononc\u00e9 \u00e0 Rome dans les ann\u00e9es 300 par Sainte-Agn\u00e8s pour marquer sa d\u00e9votion totale au Christ. Cette phrase, d\u2019une simplicit\u00e9 fulgurante, a illustr\u00e9 son refus de c\u00e9der aux pression de son entourage et de se marier. Bienvenue sur le site [&hellip;]<\/p>\n","protected":false},"author":2,"featured_media":0,"parent":0,"menu_order":0,"comment_status":"closed","ping_status":"open","template":"","meta":{"ngg_post_thumbnail":0,"footnotes":""},"class_list":["post-2","page","type-page","status-publish","hentry"],"aioseo_notices":[],"_links":{"self":[{"href":"https:\/\/www.sainteagnessaintgabriel94.com\/index.php\/wp-json\/wp\/v2\/pages\/2","targetHints":{"allow":["GET"]}}],"collection":[{"href":"https:\/\/www.sainteagnessaintgabriel94.com\/index.php\/wp-json\/wp\/v2\/pages"}],"about":[{"href":"https:\/\/www.sainteagnessaintgabriel94.com\/index.php\/wp-json\/wp\/v2\/types\/page"}],"author":[{"embeddable":true,"href":"https:\/\/www.sainteagnessaintgabriel94.com\/index.php\/wp-json\/wp\/v2\/users\/2"}],"replies":[{"embeddable":true,"href":"https:\/\/www.sainteagnessaintgabriel94.com\/index.php\/wp-json\/wp\/v2\/comments?post=2"}],"version-history":[{"count":605,"href":"https:\/\/www.sainteagnessaintgabriel94.com\/index.php\/wp-json\/wp\/v2\/pages\/2\/revisions"}],"predecessor-version":[{"id":2829,"href":"https:\/\/www.sainteagnessaintgabriel94.com\/index.php\/wp-json\/wp\/v2\/pages\/2\/revisions\/2829"}],"wp:attachment":[{"href":"https:\/\/www.sainteagnessaintgabriel94.com\/index.php\/wp-json\/wp\/v2\/media?parent=2"}],"curies":[{"name":"wp","href":"https:\/\/api.w.org\/{rel}","templated":true}]}}