{"id":362,"date":"2025-07-30T11:02:46","date_gmt":"2025-07-30T11:02:46","guid":{"rendered":"https:\/\/www.sainteagnessaintgabriel94.com\/?page_id=362"},"modified":"2025-10-01T10:51:28","modified_gmt":"2025-10-01T12:51:28","slug":"contact","status":"publish","type":"page","link":"https:\/\/www.sainteagnessaintgabriel94.com\/index.php\/contact\/","title":{"rendered":"Contact"},"content":{"rendered":"\n<div style=\"height:29px\" aria-hidden=\"true\" class=\"wp-block-spacer\"><\/div>\n\n\n\n<div class=\"wp-block-columns is-layout-flex wp-container-core-columns-is-layout-9d6595d7 wp-block-columns-is-layout-flex\">\n<div class=\"wp-block-column is-layout-flow wp-block-column-is-layout-flow\">\n<div class=\"wp-block-contact-form-7-contact-form-selector\">\n<div class=\"wpcf7 no-js\" id=\"wpcf7-f1614-o1\" lang=\"fr-FR\" dir=\"ltr\" data-wpcf7-id=\"1614\">\n<div class=\"screen-reader-response\"><p role=\"status\" aria-live=\"polite\" aria-atomic=\"true\"><\/p> <ul><\/ul><\/div>\n<form action=\"\/index.php\/wp-json\/wp\/v2\/pages\/362#wpcf7-f1614-o1\" method=\"post\" class=\"wpcf7-form init\" aria-label=\"Formulaire de contact\" novalidate=\"novalidate\" data-status=\"init\">\n<fieldset class=\"hidden-fields-container\"><input type=\"hidden\" name=\"_wpcf7\" value=\"1614\" \/><input type=\"hidden\" name=\"_wpcf7_version\" value=\"6.1.5\" \/><input type=\"hidden\" name=\"_wpcf7_locale\" value=\"fr_FR\" \/><input type=\"hidden\" name=\"_wpcf7_unit_tag\" value=\"wpcf7-f1614-o1\" \/><input type=\"hidden\" name=\"_wpcf7_container_post\" value=\"0\" \/><input type=\"hidden\" name=\"_wpcf7_posted_data_hash\" value=\"\" \/>\n<\/fieldset>\n<p><label> Votre nom<br \/>\n<span class=\"wpcf7-form-control-wrap\" data-name=\"your-name\"><input size=\"40\" maxlength=\"400\" class=\"wpcf7-form-control wpcf7-text wpcf7-validates-as-required\" autocomplete=\"name\" aria-required=\"true\" aria-invalid=\"false\" value=\"\" type=\"text\" name=\"your-name\" \/><\/span> <\/label>\n<\/p>\n<p><label> Votre e-mail<br \/>\n<span class=\"wpcf7-form-control-wrap\" data-name=\"your-email\"><input size=\"40\" maxlength=\"400\" class=\"wpcf7-form-control wpcf7-email wpcf7-validates-as-required wpcf7-text wpcf7-validates-as-email\" autocomplete=\"email\" aria-required=\"true\" aria-invalid=\"false\" value=\"\" type=\"email\" name=\"your-email\" \/><\/span> <\/label>\n<\/p>\n<p><label> Objet<br \/>\n<span class=\"wpcf7-form-control-wrap\" data-name=\"your-subject\"><input size=\"40\" maxlength=\"400\" class=\"wpcf7-form-control wpcf7-text wpcf7-validates-as-required\" aria-required=\"true\" aria-invalid=\"false\" value=\"\" type=\"text\" name=\"your-subject\" \/><\/span> <\/label>\n<\/p>\n<p><label> Votre message<br \/>\n<span class=\"wpcf7-form-control-wrap\" data-name=\"your-message\"><textarea cols=\"40\" rows=\"10\" maxlength=\"2000\" class=\"wpcf7-form-control wpcf7-textarea\" aria-invalid=\"false\" name=\"your-message\"><\/textarea><\/span> <\/label>\n<\/p>\n<p><input class=\"wpcf7-form-control wpcf7-submit has-spinner\" type=\"submit\" value=\"Envoyer\" \/>\n<\/p><div class=\"wpcf7-response-output\" aria-hidden=\"true\"><\/div>\n<\/form>\n<\/div>\n<\/div>\n<\/div>\n\n\n\n<div class=\"wp-block-column is-layout-flow wp-block-column-is-layout-flow\">\n<div id=\"block-15\" class=\"widget widget_block\"><br><h4 class=\"widget-title\">\u00c9glise Sainte Agn\u00e8s :<\/h4> <li>1 rue Nordling, 94700 Maisons-Alfort<\/li>\n<br><h4 class=\"widget-title\">Presbyt\u00e8re :<\/h4><li> 9 av du g\u00e9n\u00e9ral Leclerc, 94700 Maisons-Alfort<\/li>\n<br><h4 class=\"widget-title\">\nChapelle Saint Gabriel :<\/h4> <li>1 rue de Lorraine, 94700 Maisons-Alfort <br><br><\/li><li><i class=\"fa fa-envelope\" aria-hidden=\"true\"><\/i><a href=\"mailto:sainteagnessaintgabriel@gmail.com\"> sainteagnessaintgabriel@gmail.com<\/a>\n<br><\/li><li><i class=\"fa fa-phone\" aria-hidden=\"true\"><\/i>\n 01 43 96 40 97<\/li><\/div>\n\n\n\n<figure class=\"wp-block-image size-large is-resized\"><img loading=\"lazy\" decoding=\"async\" width=\"1024\" height=\"683\" src=\"https:\/\/www.sainteagnessaintgabriel94.com\/wp-content\/uploads\/2025\/07\/pexels-amfaru-12812920-1-1024x683.jpg\" alt=\"\" class=\"wp-image-304\" style=\"width:343px;height:auto\" srcset=\"https:\/\/www.sainteagnessaintgabriel94.com\/wp-content\/uploads\/2025\/07\/pexels-amfaru-12812920-1-1024x683.jpg 1024w, https:\/\/www.sainteagnessaintgabriel94.com\/wp-content\/uploads\/2025\/07\/pexels-amfaru-12812920-1-300x200.jpg 300w, https:\/\/www.sainteagnessaintgabriel94.com\/wp-content\/uploads\/2025\/07\/pexels-amfaru-12812920-1-768x512.jpg 768w, https:\/\/www.sainteagnessaintgabriel94.com\/wp-content\/uploads\/2025\/07\/pexels-amfaru-12812920-1-1536x1024.jpg 1536w\" sizes=\"auto, (max-width: 1024px) 100vw, 1024px\" \/><\/figure>\n<\/div>\n<\/div>\n\n\n\n<div data-wp-interactive=\"core\/file\" class=\"wp-block-file\"><object data-wp-bind--hidden=\"!state.hasPdfPreview\" hidden class=\"wp-block-file__embed\" data=\"https:\/\/www.sainteagnessaintgabriel94.com\/wp-content\/uploads\/2025\/10\/Informations-et-Horaires-celebrations-STASTG-2025-26a-1.pdf\" type=\"application\/pdf\" style=\"width:100%;height:1219px\" aria-label=\"Contenu embarqu\u00e9 Informations et Horaires c\u00e9l\u00e9brations STA&amp;STG 2025-26.\"><\/object><a id=\"wp-block-file--media-be549d95-339b-49a5-8950-c0d2ef1adae0\" href=\"https:\/\/www.sainteagnessaintgabriel94.com\/wp-content\/uploads\/2025\/10\/Informations-et-Horaires-celebrations-STASTG-2025-26a-1.pdf\" target=\"_blank\" rel=\"noreferrer noopener\">Informations et Horaires c\u00e9l\u00e9brations STA&amp;STG 2025-26<\/a><a href=\"https:\/\/www.sainteagnessaintgabriel94.com\/wp-content\/uploads\/2025\/10\/Informations-et-Horaires-celebrations-STASTG-2025-26a-1.pdf\" class=\"wp-block-file__button wp-element-button\" download aria-describedby=\"wp-block-file--media-be549d95-339b-49a5-8950-c0d2ef1adae0\">T\u00e9l\u00e9charger<\/a><\/div>\n","protected":false},"excerpt":{"rendered":"<p>\u00c9glise Sainte Agn\u00e8s : 1 rue Nordling, 94700 Maisons-Alfort Presbyt\u00e8re : 9 av du g\u00e9n\u00e9ral Leclerc, 94700 Maisons-Alfort Chapelle Saint Gabriel : 1 rue de Lorraine, 94700 Maisons-Alfort sainteagnessaintgabriel@gmail.com 01 43 96 40 97<\/p>\n","protected":false},"author":1,"featured_media":0,"parent":0,"menu_order":0,"comment_status":"closed","ping_status":"closed","template":"","meta":{"ngg_post_thumbnail":0,"footnotes":""},"class_list":["post-362","page","type-page","status-publish","hentry"],"aioseo_notices":[],"_links":{"self":[{"href":"https:\/\/www.sainteagnessaintgabriel94.com\/index.php\/wp-json\/wp\/v2\/pages\/362","targetHints":{"allow":["GET"]}}],"collection":[{"href":"https:\/\/www.sainteagnessaintgabriel94.com\/index.php\/wp-json\/wp\/v2\/pages"}],"about":[{"href":"https:\/\/www.sainteagnessaintgabriel94.com\/index.php\/wp-json\/wp\/v2\/types\/page"}],"author":[{"embeddable":true,"href":"https:\/\/www.sainteagnessaintgabriel94.com\/index.php\/wp-json\/wp\/v2\/users\/1"}],"replies":[{"embeddable":true,"href":"https:\/\/www.sainteagnessaintgabriel94.com\/index.php\/wp-json\/wp\/v2\/comments?post=362"}],"version-history":[{"count":21,"href":"https:\/\/www.sainteagnessaintgabriel94.com\/index.php\/wp-json\/wp\/v2\/pages\/362\/revisions"}],"predecessor-version":[{"id":1973,"href":"https:\/\/www.sainteagnessaintgabriel94.com\/index.php\/wp-json\/wp\/v2\/pages\/362\/revisions\/1973"}],"wp:attachment":[{"href":"https:\/\/www.sainteagnessaintgabriel94.com\/index.php\/wp-json\/wp\/v2\/media?parent=362"}],"curies":[{"name":"wp","href":"https:\/\/api.w.org\/{rel}","templated":true}]}}