{"id":49,"date":"2025-07-25T08:19:40","date_gmt":"2025-07-25T08:19:40","guid":{"rendered":"https:\/\/www.sainteagnessaintgabriel94.com\/?page_id=49"},"modified":"2025-11-02T18:11:11","modified_gmt":"2025-11-02T20:11:11","slug":"eglise-et-chapelle","status":"publish","type":"page","link":"https:\/\/www.sainteagnessaintgabriel94.com\/index.php\/eglise-et-chapelle\/","title":{"rendered":"\u00c9glise et Chapelle"},"content":{"rendered":"\n<h2 class=\"wp-block-heading\">L&rsquo;\u00c9glise Sainte-Agn\u00e8s<\/h2>\n\n\n\n<div style=\"height:31px\" aria-hidden=\"true\" class=\"wp-block-spacer\"><\/div>\n\n\n\n<h3 class=\"wp-block-heading\"><strong>Les b\u00e2tisseurs de notre \u00c9glise&nbsp;<\/strong><\/h3>\n\n\n\n<div class=\"wp-block-columns is-layout-flex wp-container-core-columns-is-layout-9d6595d7 wp-block-columns-is-layout-flex\">\n<div class=\"wp-block-column is-layout-flow wp-block-column-is-layout-flow\"><\/div>\n<\/div>\n\n\n\n<div class=\"wp-block-columns is-layout-flex wp-container-core-columns-is-layout-9d6595d7 wp-block-columns-is-layout-flex\">\n<div class=\"wp-block-column is-layout-flow wp-block-column-is-layout-flow\">\n<p class=\"justifier\">Les Chantiers du cardinal ont \u00e9t\u00e9 cr\u00e9\u00e9s par le cardinal Jean Verdier. Afin d\u2019\u00e9vang\u00e9liser les banlieues et de donner du travail aux ouvriers, il fonde en 1931 l\u2019\u0153uvre des nouvelles paroisses parisiennes, renomm\u00e9e les Chantiers du cardinal pour construire et d\u00e9velopper les \u00e9glises, les r\u00e9nover et les embellir. Gr\u00e2ce \u00e0 une souscription ouverte en 1931, l\u2019\u00e9glise Sainte-Agn\u00e8s a \u00e9t\u00e9 une des premi\u00e8res \u00e9glises \u00e0 b\u00e9n\u00e9ficier de l\u2019aide des Chantiers du Cardinal.<\/p>\n\n\n\n<details class=\"wp-block-details\"><summary><strong><mark style=\"background-color:rgba(0, 0, 0, 0)\" class=\"has-inline-color has-vivid-green-cyan-color is-layout-flow wp-block-details-is-layout-flow\">L\u2019Abb\u00e9 Joseph David<\/mark> (1871-1951)<\/strong><\/summary>\n<p>Apr\u00e8s la premi\u00e8re guerre mondiale, il devient administrateur de la chapelle Saint-Antoine, ancien grenier \u00e0 grains, il ne supporte plus de vivre dans cette chapelle v\u00e9tuste et ambitionne la construction d\u2019une nouvelle \u00e9glise\u2026 Quand s\u2019offre un terrain disponible et que se manifeste un m\u00e9c\u00e8ne qui va apporter l\u2019argent n\u00e9cessaire pour r\u00e9aliser son souhait avec l\u2019aide des Chantiers du cardinal. Lors de l\u2019inauguration de Sainte-Agn\u00e8s, Mgr Verdier (Cardinal archev\u00eaque de Paris), le nommera cur\u00e9 de la Paroisse.<\/p>\n<\/details>\n\n\n\n<details class=\"wp-block-details\"><summary><strong><mark style=\"background-color:rgba(0, 0, 0, 0)\" class=\"has-inline-color has-vivid-green-cyan-color is-layout-flow wp-block-details-is-layout-flow\">Fernand Moureaux<\/mark> (1863\u20131956)<\/strong><\/summary>\n<p>Il est fondateur et pr\u00e9sident de la Distillerie la Suze, du nom du prestigieux ap\u00e9ritif \u00e0 base de gentiane. L\u2019entreprise est situ\u00e9e dans le quartier d\u2019Alfort, proche de la chapelle Saint-Antoine. Fernand Moureaux conna\u00eet les intentions du P\u00e8re David de construire une nouvelle \u00e9glise, il va en devenir le principal m\u00e9c\u00e8ne.<\/p>\n<\/details>\n<\/div>\n\n\n\n<div class=\"wp-block-column is-layout-flow wp-block-column-is-layout-flow\">\n<p class=\"justifier\">&nbsp;Il a fallu beaucoup d\u2019intuition et de clairvoyance pour s\u00e9lectionner, en \u00e9troite collaboration avec Fernand Moureaux, une \u00e9quipe d\u2019architectes et d\u2019artistes ayant la m\u00eame ferveur, la m\u00eame foi et la m\u00eame volont\u00e9 de construire une \u0153uvre d\u2019art, un chef d\u2019\u0153uvre de l\u2019art d\u00e9co, consacr\u00e9e \u00e0 Sainte-Agn\u00e8s.<\/p>\n\n\n\n<details class=\"wp-block-details\"><summary><strong><mark style=\"background-color:rgba(0, 0, 0, 0)\" class=\"has-inline-color has-vivid-green-cyan-color is-layout-flow wp-block-details-is-layout-flow\">Architectes<\/mark><\/strong><\/summary>\n<p><strong>Marc Brillaud de Laujardi\u00e8re <\/strong>(1889-1973) et <strong>Raymond Puthomme<\/strong> (1892-1976)&nbsp;: gr\u00e2ce \u00e0 leurs g\u00e9nies, l\u2019\u00e9glise Sainte Agn\u00e8s compte parmi les r\u00e9alisations culturelles les plus avant-gardistes de son temps, elle est un ouvrage t\u00e9moignant de la cr\u00e9ation moderne et des nouvelles techniques en b\u00e9ton arm\u00e9 sous un d\u00e9cor int\u00e9rieur Art d\u00e9co. L\u2019un et l\u2019autre font partie de cette soixantaine d\u2019architectes qui ont travaill\u00e9 dans le cadre des chantiers du Cardinal.<\/p>\n\n\n\n<p><strong>Max INGRAND <\/strong>(1908-1969)&nbsp;a r\u00e9alis\u00e9 l\u2019ensemble des vitraux de l\u2019\u00e9glise Sainte-Agn\u00e8s d\u2019Alfort, ainsi que le tryptique du Ch\u0153ur et les panneaux du Chemin de croix peints sur bois. L\u2019\u00e9glise est remarquable par l\u2019ensemble de vitraux \u00e9blouissants. Max Ingrand avait \u00e0 peine 24 ans lorsqu\u2019il a r\u00e9alis\u00e9 l\u2019ensemble de ses verri\u00e8res. Elles marquent le d\u00e9but de sa carri\u00e8re tr\u00e8s prometteuse de ma\u00eetre verrier.<\/p>\n<\/details>\n\n\n\n<details class=\"wp-block-details\"><summary><strong><mark style=\"background-color:rgba(0, 0, 0, 0)\" class=\"has-inline-color has-vivid-green-cyan-color is-layout-flow wp-block-details-is-layout-flow\">Artistes<\/mark><\/strong><\/summary>\n<p><strong>Paule INGRAND<\/strong> (1910 -1997)&nbsp;: graphiste, peintre et fresquiste, elle a r\u00e9alis\u00e9 toutes les fresques murales de l\u2019\u00e9glise, repr\u00e9sentant la C\u00e8ne sur le plafond du Ch\u0153ur, l\u2019Assomption de Marie coiffant l\u2019autel de la Vierge, le bapt\u00eame de J\u00e9sus dans le Jourdain tapissant les fonts baptismaux. Ses fresques religieuses sont empreintes de la marque de son temps et du style Art d\u00e9co. Ces vastes espaces de d\u00e9coration ont \u00e9t\u00e9 possibles gr\u00e2ce \u00e0 l\u2019utilisation du b\u00e9ton arm\u00e9 permettant la r\u00e9alisation d\u2019une fine ossature du b\u00e2ti.<\/p>\n\n\n\n<p><strong>Richard DESVALLIERES<\/strong> (1893-1962)&nbsp;: ferronnier d\u2019art, ses travaux dans l\u2019\u00e9glise sont consid\u00e9r\u00e9s comme une de ses \u0153uvres majeures, il a r\u00e9alis\u00e9 la croix du clocher haute de 8 m\u00e8tres, s\u2019\u00e9levant sur le clocher haut de 53 m\u00e8tres, le portail d\u2019entr\u00e9e, en ch\u00eane sculpt\u00e9 avec ses huit panneaux en cuivre repouss\u00e9, les fonts baptismaux, la table de Communion \u00e0 l\u2019entr\u00e9e du Ch\u0153ur, le buffet d\u2019orgue en cuivre repouss\u00e9 sur la tribune, la grille forg\u00e9e de la chapelle d\u00e9di\u00e9e \u00e0 la Vierge.<\/p>\n<\/details>\n<\/div>\n<\/div>\n\n\n\n<div style=\"height:31px\" aria-hidden=\"true\" class=\"wp-block-spacer\"><\/div>\n\n\n\n<div class=\"wp-block-columns is-layout-flex wp-container-core-columns-is-layout-9d6595d7 wp-block-columns-is-layout-flex\">\n<div class=\"wp-block-column is-layout-flow wp-block-column-is-layout-flow\" style=\"flex-basis:70%\">\nngg_shortcode_0_placeholder\n<\/div>\n\n\n\n<div class=\"wp-block-column is-layout-flow wp-block-column-is-layout-flow\" style=\"flex-basis:33.33%\">\n<div style=\"height:149px\" aria-hidden=\"true\" class=\"wp-block-spacer\"><\/div>\n\n\n\n<p>Eglise : 1 rue de Nordling, 94700 Maisons- Alfort.<br>Presbyt\u00e8re : 9 avenue du g\u00e9n\u00e9ral Leclerc, 94700 Maisons-Alfort <br>M\u00e9tro Ligne 8, station Ecole V\u00e9t\u00e9rinaire de  Maisons-Alfort<\/p>\n\n\n\n<figure class=\"wp-block-image size-large is-resized\"><a href=\"https:\/\/www.google.com\/maps\/place\/1+Rue+Nordling,+94700+Maisons-Alfort\/@48.8152071,2.4207222,18.88z\/data=!4m5!3m4!1s0x47e672e2bff04c5d:0x17702cdc6a2b8240!8m2!3d48.8153114!4d2.4210005?entry=ttu&amp;g_ep=EgoyMDI1MDgwNS4wIKXMDSoASAFQAw%3D%3D\" target=\"_blank\" rel=\" noreferrer noopener\"><img loading=\"lazy\" decoding=\"async\" width=\"1024\" height=\"609\" src=\"https:\/\/www.sainteagnessaintgabriel94.com\/wp-content\/uploads\/2025\/08\/image-1024x609.png\" alt=\"\" class=\"wp-image-1405\" style=\"width:196px\" srcset=\"https:\/\/www.sainteagnessaintgabriel94.com\/wp-content\/uploads\/2025\/08\/image-1024x609.png 1024w, https:\/\/www.sainteagnessaintgabriel94.com\/wp-content\/uploads\/2025\/08\/image-300x179.png 300w, https:\/\/www.sainteagnessaintgabriel94.com\/wp-content\/uploads\/2025\/08\/image-768x457.png 768w, https:\/\/www.sainteagnessaintgabriel94.com\/wp-content\/uploads\/2025\/08\/image.png 1235w\" sizes=\"auto, (max-width: 1024px) 100vw, 1024px\" \/><\/a><\/figure>\n<\/div>\n<\/div>\n\n\n\n<div style=\"height:31px\" aria-hidden=\"true\" class=\"wp-block-spacer\"><\/div>\n\n\n\n<figure class=\"wp-block-embed is-type-video is-provider-youtube wp-block-embed-youtube wp-embed-aspect-16-9 wp-has-aspect-ratio\"><div class=\"wp-block-embed__wrapper\">\n<iframe loading=\"lazy\" title=\"Voyage au dessus de l&#039;\u00e9glise Sainte-Agn\u00e8s de Maisons Alfort\" width=\"1170\" height=\"658\" src=\"https:\/\/www.youtube.com\/embed\/Z5IQmVnwFQw?feature=oembed\" frameborder=\"0\" allow=\"accelerometer; autoplay; clipboard-write; encrypted-media; gyroscope; picture-in-picture; web-share\" referrerpolicy=\"strict-origin-when-cross-origin\" allowfullscreen><\/iframe>\n<\/div><\/figure>\n\n\n\n<div style=\"height:100px\" aria-hidden=\"true\" class=\"wp-block-spacer\"><\/div>\n\n\n\n<h2 class=\"wp-block-heading\">La Chapelle Saint-Gabriel<\/h2>\n\n\n\n<div style=\"height:31px\" aria-hidden=\"true\" class=\"wp-block-spacer\"><\/div>\n\n\n\n<p class=\"justifier\">Le 18 d\u00e9cembre 1960, la chapelle Saint-Gabriel est b\u00e9nie par Mgr Feltin et est rattach\u00e9e \u00e0 Sainte-Agn\u00e8s jusqu\u2019en 1969, date \u00e0 laquelle, elle devient paroisse. <br>C&rsquo;est&nbsp;en 1993 que la chapelle Saint-Gabriel est de nouveau rattach\u00e9e \u00e0 Sainte-Agn\u00e8s. La Chapelle Saint-Gabriel, qui s&rsquo;ins\u00e8re dans le domaine de Ch\u00e2teau Gaillard, est d&rsquo;une grande simplicit\u00e9 avec ses murs de pierre et la fresque originale qui en orne le ch\u0153ur. Elle est accessible aux personnes \u00e0 mobilit\u00e9 r\u00e9duite. <br>Sa salle paroissiale dispose d&rsquo;un parking et se trouve en bord de Marne, face \u00e0 la maison de l&rsquo;environnement. Elle peut accueillir une centaine de personnes.<\/p>\n\n\n\n<div style=\"height:31px\" aria-hidden=\"true\" class=\"wp-block-spacer\"><\/div>\n\n\n\n<div class=\"wp-block-columns is-layout-flex wp-container-core-columns-is-layout-9d6595d7 wp-block-columns-is-layout-flex\">\n<div class=\"wp-block-column is-layout-flow wp-block-column-is-layout-flow\" style=\"flex-basis:70%\">\nngg_shortcode_1_placeholder\n<\/div>\n\n\n\n<div class=\"wp-block-column is-layout-flow wp-block-column-is-layout-flow\" style=\"flex-basis:33.33%\">\n<div style=\"height:149px\" aria-hidden=\"true\" class=\"wp-block-spacer\"><\/div>\n\n\n\n<p class=\"justifier\">Chapelle : 1 rue de Lorraine , 94700 Maisons Alfort. <br>Adresse Salle Paroissiale : 1 rue du 8 mai 1945,<br>94700 Maisons Alfort<br>M\u00e9tro Ligne 8, station Maisons-Alfort Stade<\/p>\n\n\n\n<figure class=\"wp-block-image size-full is-resized\"><a href=\"https:\/\/www.google.com\/maps\/search\/1+rue+du+8+mai+1945\/@48.815425,2.432193,17z?entry=ttu&amp;g_ep=EgoyMDI1MDgwNS4wIKXMDSoASAFQAw%3D%3D\" target=\"_blank\" rel=\" noreferrer noopener\"><img loading=\"lazy\" decoding=\"async\" width=\"854\" height=\"713\" src=\"https:\/\/www.sainteagnessaintgabriel94.com\/wp-content\/uploads\/2025\/08\/Capture-decran-2025-08-07-124305.jpg\" alt=\"\" class=\"wp-image-1396\" style=\"width:196px;height:auto\" srcset=\"https:\/\/www.sainteagnessaintgabriel94.com\/wp-content\/uploads\/2025\/08\/Capture-decran-2025-08-07-124305.jpg 854w, https:\/\/www.sainteagnessaintgabriel94.com\/wp-content\/uploads\/2025\/08\/Capture-decran-2025-08-07-124305-300x250.jpg 300w, https:\/\/www.sainteagnessaintgabriel94.com\/wp-content\/uploads\/2025\/08\/Capture-decran-2025-08-07-124305-768x641.jpg 768w\" sizes=\"auto, (max-width: 854px) 100vw, 854px\" \/><\/a><\/figure>\n<\/div>\n<\/div>\n","protected":false},"excerpt":{"rendered":"<p>L&rsquo;\u00c9glise Sainte-Agn\u00e8s Les b\u00e2tisseurs de notre \u00c9glise&nbsp; Les Chantiers du cardinal ont \u00e9t\u00e9 cr\u00e9\u00e9s par le cardinal Jean Verdier. Afin d\u2019\u00e9vang\u00e9liser les banlieues et de donner du travail aux ouvriers, il fonde en 1931 l\u2019\u0153uvre des nouvelles paroisses parisiennes, renomm\u00e9e les Chantiers du cardinal pour construire et d\u00e9velopper les \u00e9glises, les r\u00e9nover et les embellir. Gr\u00e2ce \u00e0 [&hellip;]<\/p>\n","protected":false},"author":2,"featured_media":0,"parent":0,"menu_order":0,"comment_status":"closed","ping_status":"closed","template":"","meta":{"ngg_post_thumbnail":0,"footnotes":""},"class_list":["post-49","page","type-page","status-publish","hentry"],"aioseo_notices":[],"_links":{"self":[{"href":"https:\/\/www.sainteagnessaintgabriel94.com\/index.php\/wp-json\/wp\/v2\/pages\/49","targetHints":{"allow":["GET"]}}],"collection":[{"href":"https:\/\/www.sainteagnessaintgabriel94.com\/index.php\/wp-json\/wp\/v2\/pages"}],"about":[{"href":"https:\/\/www.sainteagnessaintgabriel94.com\/index.php\/wp-json\/wp\/v2\/types\/page"}],"author":[{"embeddable":true,"href":"https:\/\/www.sainteagnessaintgabriel94.com\/index.php\/wp-json\/wp\/v2\/users\/2"}],"replies":[{"embeddable":true,"href":"https:\/\/www.sainteagnessaintgabriel94.com\/index.php\/wp-json\/wp\/v2\/comments?post=49"}],"version-history":[{"count":108,"href":"https:\/\/www.sainteagnessaintgabriel94.com\/index.php\/wp-json\/wp\/v2\/pages\/49\/revisions"}],"predecessor-version":[{"id":2209,"href":"https:\/\/www.sainteagnessaintgabriel94.com\/index.php\/wp-json\/wp\/v2\/pages\/49\/revisions\/2209"}],"wp:attachment":[{"href":"https:\/\/www.sainteagnessaintgabriel94.com\/index.php\/wp-json\/wp\/v2\/media?parent=49"}],"curies":[{"name":"wp","href":"https:\/\/api.w.org\/{rel}","templated":true}]}}