{"id":56,"date":"2025-07-25T08:20:27","date_gmt":"2025-07-25T08:20:27","guid":{"rendered":"https:\/\/www.sainteagnessaintgabriel94.com\/?page_id=56"},"modified":"2025-11-02T18:16:27","modified_gmt":"2025-11-02T20:16:27","slug":"les-conseils","status":"publish","type":"page","link":"https:\/\/www.sainteagnessaintgabriel94.com\/index.php\/les-conseils\/","title":{"rendered":"Les Conseils"},"content":{"rendered":"\n<p class=\"justifier\">C&rsquo;est le P\u00e8re Edmond KABOR\u00c9 qui pr\u00e9side les deux principales instances de gouvernance de la paroisse : l\u2019\u00c9quipe d\u2019Animation Pastorale (EAP) et le Conseil \u00c9conomique Paroissial (CEP). En tant que pasteur de la communaut\u00e9, il conduit et garantit la coh\u00e9rence de l&rsquo;action pastorale et des d\u00e9cisions \u00e9conomiques en collaboration avec les membres de ces conseils, tout en \u00e9tant responsable en dernier ressort du fonctionnement et de la mission de la paroisse.<\/p>\n\n\n\n<div style=\"height:31px\" aria-hidden=\"true\" class=\"wp-block-spacer\"><\/div>\n\n\n\n<div class=\"wp-block-media-text is-stacked-on-mobile\" style=\"grid-template-columns:35% auto\"><figure class=\"wp-block-media-text__media\"><img loading=\"lazy\" decoding=\"async\" width=\"600\" height=\"400\" src=\"https:\/\/www.sainteagnessaintgabriel94.com\/wp-content\/uploads\/2025\/08\/depositphotos_134912174-stock-photo-team-work-concept-group-of.webp\" alt=\"\" class=\"wp-image-1378 size-full\" srcset=\"https:\/\/www.sainteagnessaintgabriel94.com\/wp-content\/uploads\/2025\/08\/depositphotos_134912174-stock-photo-team-work-concept-group-of.webp 600w, https:\/\/www.sainteagnessaintgabriel94.com\/wp-content\/uploads\/2025\/08\/depositphotos_134912174-stock-photo-team-work-concept-group-of-300x200.webp 300w\" sizes=\"auto, (max-width: 600px) 100vw, 600px\" \/><\/figure><div class=\"wp-block-media-text__content\">\n<h3 class=\"wp-block-heading\">L&rsquo;Equipe d&rsquo;Animation Pastorale (EAP)<\/h3>\n\n\n\n<p class=\"justifier\">C\u2019est une \u00e9quipe de chr\u00e9tiens qui collaborent \u00e0 l\u2019exercice de la charge pastorale du cur\u00e9. Elle s\u2019efforce avec celui-ci de d\u00e9cider, de mettre en \u0153uvre et de coordonner les activit\u00e9s habituelles ou exceptionnelles de la paroisse.<br><\/p>\n<\/div><\/div>\n\n\n\n<div style=\"height:31px\" aria-hidden=\"true\" class=\"wp-block-spacer\"><\/div>\n\n\n\n<div class=\"wp-block-media-text is-stacked-on-mobile\" style=\"grid-template-columns:35% auto\"><figure class=\"wp-block-media-text__media\"><img loading=\"lazy\" decoding=\"async\" width=\"600\" height=\"400\" src=\"https:\/\/www.sainteagnessaintgabriel94.com\/wp-content\/uploads\/2025\/08\/depositphotos_134912174-stock-photo-team-work-concept-group-of-1.webp\" alt=\"\" class=\"wp-image-1379 size-full\" srcset=\"https:\/\/www.sainteagnessaintgabriel94.com\/wp-content\/uploads\/2025\/08\/depositphotos_134912174-stock-photo-team-work-concept-group-of-1.webp 600w, https:\/\/www.sainteagnessaintgabriel94.com\/wp-content\/uploads\/2025\/08\/depositphotos_134912174-stock-photo-team-work-concept-group-of-1-300x200.webp 300w\" sizes=\"auto, (max-width: 600px) 100vw, 600px\" \/><\/figure><div class=\"wp-block-media-text__content\">\n<h3 class=\"wp-block-heading\">Le Conseil Economique Paroissial (CEP)<\/h3>\n\n\n\n<p class=\"justifier\">Le CEP est le compl\u00e9ment de l\u2019\u00c9quipe d&rsquo;Animation Pastorale avec laquelle il travaille en \u00e9troite collaboration. Outre les budgets et comptes, il \u00e9tablit et contr\u00f4le l\u2019usage qui est fait des ressources de la paroisse dans une perspective tout autant mat\u00e9rielle que spirituelle.&nbsp; &nbsp; &nbsp; &nbsp; &nbsp; &nbsp; &nbsp; &nbsp; <br>&nbsp;&nbsp;&nbsp;&nbsp;&nbsp;&nbsp;&nbsp;&nbsp;&nbsp;&nbsp;&nbsp;&nbsp;&nbsp;&nbsp;&nbsp;&nbsp;&nbsp;&nbsp;&nbsp;&nbsp;&nbsp;&nbsp;&nbsp;&nbsp;&nbsp;&nbsp;&nbsp;&nbsp;&nbsp;&nbsp;&nbsp;&nbsp;&nbsp;&nbsp;&nbsp;&nbsp;&nbsp;&nbsp;&nbsp;&nbsp;&nbsp;&nbsp;&nbsp;&nbsp;&nbsp;&nbsp;&nbsp;&nbsp;&nbsp;&nbsp;&nbsp;&nbsp;&nbsp;<\/p>\n<\/div><\/div>\n","protected":false},"excerpt":{"rendered":"<p>C&rsquo;est le P\u00e8re Edmond KABOR\u00c9 qui pr\u00e9side les deux principales instances de gouvernance de la paroisse : l\u2019\u00c9quipe d\u2019Animation Pastorale (EAP) et le Conseil \u00c9conomique Paroissial (CEP). En tant que pasteur de la communaut\u00e9, il conduit et garantit la coh\u00e9rence de l&rsquo;action pastorale et des d\u00e9cisions \u00e9conomiques en collaboration avec les membres de ces conseils, tout en [&hellip;]<\/p>\n","protected":false},"author":2,"featured_media":0,"parent":0,"menu_order":0,"comment_status":"closed","ping_status":"closed","template":"","meta":{"ngg_post_thumbnail":0,"footnotes":""},"class_list":["post-56","page","type-page","status-publish","hentry"],"aioseo_notices":[],"_links":{"self":[{"href":"https:\/\/www.sainteagnessaintgabriel94.com\/index.php\/wp-json\/wp\/v2\/pages\/56","targetHints":{"allow":["GET"]}}],"collection":[{"href":"https:\/\/www.sainteagnessaintgabriel94.com\/index.php\/wp-json\/wp\/v2\/pages"}],"about":[{"href":"https:\/\/www.sainteagnessaintgabriel94.com\/index.php\/wp-json\/wp\/v2\/types\/page"}],"author":[{"embeddable":true,"href":"https:\/\/www.sainteagnessaintgabriel94.com\/index.php\/wp-json\/wp\/v2\/users\/2"}],"replies":[{"embeddable":true,"href":"https:\/\/www.sainteagnessaintgabriel94.com\/index.php\/wp-json\/wp\/v2\/comments?post=56"}],"version-history":[{"count":20,"href":"https:\/\/www.sainteagnessaintgabriel94.com\/index.php\/wp-json\/wp\/v2\/pages\/56\/revisions"}],"predecessor-version":[{"id":2215,"href":"https:\/\/www.sainteagnessaintgabriel94.com\/index.php\/wp-json\/wp\/v2\/pages\/56\/revisions\/2215"}],"wp:attachment":[{"href":"https:\/\/www.sainteagnessaintgabriel94.com\/index.php\/wp-json\/wp\/v2\/media?parent=56"}],"curies":[{"name":"wp","href":"https:\/\/api.w.org\/{rel}","templated":true}]}}