{"id":62,"date":"2025-07-25T08:21:33","date_gmt":"2025-07-25T08:21:33","guid":{"rendered":"https:\/\/www.sainteagnessaintgabriel94.com\/?page_id=62"},"modified":"2026-02-21T12:24:45","modified_gmt":"2026-02-21T14:24:45","slug":"les-services-2","status":"publish","type":"page","link":"https:\/\/www.sainteagnessaintgabriel94.com\/index.php\/les-services-2\/","title":{"rendered":"Les services"},"content":{"rendered":"\n<p class=\"justifier\">La vie de notre paroisse est anim\u00e9e par la contribution de nombreux services et \u00e9quipes engag\u00e9es. Ensemble, ces services font vivre l\u2019esprit de notre communaut\u00e9 paroissiale !<\/p>\n\n\n\n<div style=\"height:31px\" aria-hidden=\"true\" class=\"wp-block-spacer\"><\/div>\n\n\n\n<div class=\"wp-block-media-text is-stacked-on-mobile\" style=\"grid-template-columns:35% auto\"><figure class=\"wp-block-media-text__media\"><img loading=\"lazy\" decoding=\"async\" width=\"1024\" height=\"683\" src=\"https:\/\/www.sainteagnessaintgabriel94.com\/wp-content\/uploads\/2025\/07\/Celebration-Autel-1024x683.jpg\" alt=\"\" class=\"wp-image-254 size-full\" srcset=\"https:\/\/www.sainteagnessaintgabriel94.com\/wp-content\/uploads\/2025\/07\/Celebration-Autel-1024x683.jpg 1024w, https:\/\/www.sainteagnessaintgabriel94.com\/wp-content\/uploads\/2025\/07\/Celebration-Autel-300x200.jpg 300w, https:\/\/www.sainteagnessaintgabriel94.com\/wp-content\/uploads\/2025\/07\/Celebration-Autel-768x512.jpg 768w, https:\/\/www.sainteagnessaintgabriel94.com\/wp-content\/uploads\/2025\/07\/Celebration-Autel-1536x1024.jpg 1536w, https:\/\/www.sainteagnessaintgabriel94.com\/wp-content\/uploads\/2025\/07\/Celebration-Autel-2048x1365.jpg 2048w, https:\/\/www.sainteagnessaintgabriel94.com\/wp-content\/uploads\/2025\/07\/Celebration-Autel-1170x780.jpg 1170w\" sizes=\"auto, (max-width: 1024px) 100vw, 1024px\" \/><\/figure><div class=\"wp-block-media-text__content\">\n<h3 class=\"wp-block-heading\">Sacristie<\/h3>\n\n\n\n<p class=\"justifier\">L\u2019\u00e9quipe de la sacristie veille \u00e0 la pr\u00e9paration des c\u00e9l\u00e9brations et au bon d\u00e9roulement des offices.<\/p>\n\n\n\n<p><\/p>\n<\/div><\/div>\n\n\n\n<div style=\"height:31px\" aria-hidden=\"true\" class=\"wp-block-spacer\"><\/div>\n\n\n\n<div class=\"wp-block-media-text is-stacked-on-mobile\" style=\"grid-template-columns:35% auto\"><figure class=\"wp-block-media-text__media\"><img loading=\"lazy\" decoding=\"async\" width=\"768\" height=\"1024\" src=\"https:\/\/www.sainteagnessaintgabriel94.com\/wp-content\/uploads\/2025\/07\/20250731_191129-768x1024.jpg\" alt=\"\" class=\"wp-image-487 size-full\" srcset=\"https:\/\/www.sainteagnessaintgabriel94.com\/wp-content\/uploads\/2025\/07\/20250731_191129-768x1024.jpg 768w, https:\/\/www.sainteagnessaintgabriel94.com\/wp-content\/uploads\/2025\/07\/20250731_191129-225x300.jpg 225w, https:\/\/www.sainteagnessaintgabriel94.com\/wp-content\/uploads\/2025\/07\/20250731_191129-1152x1536.jpg 1152w, https:\/\/www.sainteagnessaintgabriel94.com\/wp-content\/uploads\/2025\/07\/20250731_191129-1536x2048.jpg 1536w, https:\/\/www.sainteagnessaintgabriel94.com\/wp-content\/uploads\/2025\/07\/20250731_191129-scaled.jpg 1920w\" sizes=\"auto, (max-width: 768px) 100vw, 768px\" \/><\/figure><div class=\"wp-block-media-text__content\">\n<h3 class=\"wp-block-heading\">D\u00e9coration<\/h3>\n\n\n\n<p class=\"justifier\">L\u2019\u00e9quipe florale embellit notre \u00e9glise en toutes saisons, apportant une touche de beaut\u00e9 et de recueillement \u00e0 nos lieux de pri\u00e8re.<\/p>\n<\/div><\/div>\n\n\n\n<div style=\"height:31px\" aria-hidden=\"true\" class=\"wp-block-spacer\"><\/div>\n\n\n\n<div class=\"wp-block-media-text is-stacked-on-mobile\" style=\"grid-template-columns:35% auto\"><figure class=\"wp-block-media-text__media\"><img loading=\"lazy\" decoding=\"async\" width=\"1024\" height=\"724\" src=\"https:\/\/www.sainteagnessaintgabriel94.com\/wp-content\/uploads\/2025\/07\/Photo-Rampe-Saint-Gabriel-1-1024x724.jpg\" alt=\"\" class=\"wp-image-496 size-full\" srcset=\"https:\/\/www.sainteagnessaintgabriel94.com\/wp-content\/uploads\/2025\/07\/Photo-Rampe-Saint-Gabriel-1-1024x724.jpg 1024w, https:\/\/www.sainteagnessaintgabriel94.com\/wp-content\/uploads\/2025\/07\/Photo-Rampe-Saint-Gabriel-1-300x212.jpg 300w, https:\/\/www.sainteagnessaintgabriel94.com\/wp-content\/uploads\/2025\/07\/Photo-Rampe-Saint-Gabriel-1-768x543.jpg 768w, https:\/\/www.sainteagnessaintgabriel94.com\/wp-content\/uploads\/2025\/07\/Photo-Rampe-Saint-Gabriel-1-1536x1086.jpg 1536w, https:\/\/www.sainteagnessaintgabriel94.com\/wp-content\/uploads\/2025\/07\/Photo-Rampe-Saint-Gabriel-1.jpg 1754w\" sizes=\"auto, (max-width: 1024px) 100vw, 1024px\" \/><\/figure><div class=\"wp-block-media-text__content\">\n<h3 class=\"wp-block-heading\">Comit\u00e9 de travaux <\/h3>\n\n\n\n<p class=\"justifier\">Un comit\u00e9 de travaux prend soin de l&rsquo;entretien et des am\u00e9lioration de nos b\u00e2timents.<\/p>\n<\/div><\/div>\n\n\n\n<div style=\"height:31px\" aria-hidden=\"true\" class=\"wp-block-spacer\"><\/div>\n\n\n\n<div class=\"wp-block-media-text is-stacked-on-mobile\" style=\"grid-template-columns:35% auto\"><figure class=\"wp-block-media-text__media\"><img loading=\"lazy\" decoding=\"async\" width=\"600\" height=\"600\" src=\"https:\/\/www.sainteagnessaintgabriel94.com\/wp-content\/uploads\/2025\/08\/depositphotos_10357647-stock-illustration-childs-hand-and-adult-hand.webp\" alt=\"\" class=\"wp-image-1382 size-full\" srcset=\"https:\/\/www.sainteagnessaintgabriel94.com\/wp-content\/uploads\/2025\/08\/depositphotos_10357647-stock-illustration-childs-hand-and-adult-hand.webp 600w, https:\/\/www.sainteagnessaintgabriel94.com\/wp-content\/uploads\/2025\/08\/depositphotos_10357647-stock-illustration-childs-hand-and-adult-hand-300x300.webp 300w, https:\/\/www.sainteagnessaintgabriel94.com\/wp-content\/uploads\/2025\/08\/depositphotos_10357647-stock-illustration-childs-hand-and-adult-hand-150x150.webp 150w, https:\/\/www.sainteagnessaintgabriel94.com\/wp-content\/uploads\/2025\/08\/depositphotos_10357647-stock-illustration-childs-hand-and-adult-hand-132x132.webp 132w, https:\/\/www.sainteagnessaintgabriel94.com\/wp-content\/uploads\/2025\/08\/depositphotos_10357647-stock-illustration-childs-hand-and-adult-hand-74x74.webp 74w\" sizes=\"auto, (max-width: 600px) 100vw, 600px\" \/><\/figure><div class=\"wp-block-media-text__content\">\n<h3 class=\"wp-block-heading\">Conseil de solidarit\u00e9<\/h3>\n\n\n\n<p id=\"Justifier\">Au sein de la paroisse Ste Agn\u00e8s St Gabriel il existe un conseil solidarit\u00e9 qui accompagne dans la mesure du possible ceux qui ont besoin d&rsquo;aide en mati\u00e8re de nourriture, de v\u00eatement, de logement, d&rsquo;insertion.<\/p>\n\n\n\n<p id=\"Justifier\">Des collectes de v\u00eatements et de nourriture se font \u00e0 l&rsquo;\u00e9glise Ste Agn\u00e8s \u00e0 la chapelle St Gabriel avant ou apr\u00e8s les offices, et au moment des permanences d&rsquo;accueil. <\/p>\n\n\n\n<p id=\"Justifier\">Une permanence d\u00e9di\u00e9e est aussi assur\u00e9e \u00e0 la Salle St Gabriel , 1 rue du 8 mai 1945, <strong>le lundi de 9h30 \u00e0 11h30<\/strong>. <\/p>\n\n\n\n<p id=\"Justifier\">Des collectes alimentaires sont aussi organis\u00e9es r\u00e9guli\u00e8rement dans les supermarch\u00e9s du quartier avec des b\u00e9n\u00e9voles. <\/p>\n\n\n\n<p id=\"Justifier\">Pour informations contacter la paroisse ou envoyer un mail \u00e0 dunoyer.chantal @ orange.fr<\/p>\n\n\n\n<figure class=\"wp-block-image is-resized\"><a href=\"https:\/\/ad94.restosducoeur.org\/centres-departementaux\/ad94-centre-dactivites-maisons-alfort\" target=\"_blank\" rel=\" noreferrer noopener\"><img decoding=\"async\" src=\"https:\/\/ad94.restosducoeur.org\/wp-content\/themes\/associations-dep\/img\/logo.svg\" alt=\"Logo\" style=\"width:175px;height:auto\"\/><\/a><\/figure>\n\n\n\n<p><strong>Le Conseil est en partenariat avec les restaurants du Coeur : <\/strong><br>Adresse : 212 rue Jean Jaur\u00e8s 94700 Maisons-Alfort <br>Ouvert les lundi, mercredi, jeudi et vendredi de 9h \u00e0 12h<\/p>\n<\/div><\/div>\n\n\n\n<p><\/p>\n","protected":false},"excerpt":{"rendered":"<p>La vie de notre paroisse est anim\u00e9e par la contribution de nombreux services et \u00e9quipes engag\u00e9es. Ensemble, ces services font vivre l\u2019esprit de notre communaut\u00e9 paroissiale ! Sacristie L\u2019\u00e9quipe de la sacristie veille \u00e0 la pr\u00e9paration des c\u00e9l\u00e9brations et au bon d\u00e9roulement des offices. D\u00e9coration L\u2019\u00e9quipe florale embellit notre \u00e9glise en toutes saisons, apportant une touche de [&hellip;]<\/p>\n","protected":false},"author":2,"featured_media":0,"parent":0,"menu_order":0,"comment_status":"closed","ping_status":"closed","template":"","meta":{"ngg_post_thumbnail":0,"footnotes":""},"class_list":["post-62","page","type-page","status-publish","hentry"],"aioseo_notices":[],"_links":{"self":[{"href":"https:\/\/www.sainteagnessaintgabriel94.com\/index.php\/wp-json\/wp\/v2\/pages\/62","targetHints":{"allow":["GET"]}}],"collection":[{"href":"https:\/\/www.sainteagnessaintgabriel94.com\/index.php\/wp-json\/wp\/v2\/pages"}],"about":[{"href":"https:\/\/www.sainteagnessaintgabriel94.com\/index.php\/wp-json\/wp\/v2\/types\/page"}],"author":[{"embeddable":true,"href":"https:\/\/www.sainteagnessaintgabriel94.com\/index.php\/wp-json\/wp\/v2\/users\/2"}],"replies":[{"embeddable":true,"href":"https:\/\/www.sainteagnessaintgabriel94.com\/index.php\/wp-json\/wp\/v2\/comments?post=62"}],"version-history":[{"count":26,"href":"https:\/\/www.sainteagnessaintgabriel94.com\/index.php\/wp-json\/wp\/v2\/pages\/62\/revisions"}],"predecessor-version":[{"id":2742,"href":"https:\/\/www.sainteagnessaintgabriel94.com\/index.php\/wp-json\/wp\/v2\/pages\/62\/revisions\/2742"}],"wp:attachment":[{"href":"https:\/\/www.sainteagnessaintgabriel94.com\/index.php\/wp-json\/wp\/v2\/media?parent=62"}],"curies":[{"name":"wp","href":"https:\/\/api.w.org\/{rel}","templated":true}]}}