{"id":65,"date":"2025-07-25T08:21:55","date_gmt":"2025-07-25T08:21:55","guid":{"rendered":"https:\/\/www.sainteagnessaintgabriel94.com\/?page_id=65"},"modified":"2025-11-02T18:17:44","modified_gmt":"2025-11-02T20:17:44","slug":"location-de-salle","status":"publish","type":"page","link":"https:\/\/www.sainteagnessaintgabriel94.com\/index.php\/location-de-salle\/","title":{"rendered":"Location de salles"},"content":{"rendered":"\n<h2 class=\"wp-block-heading\">Salle Sainte-Agn\u00e8s<\/h2>\n\n\n\n<div class=\"wp-block-media-text is-stacked-on-mobile\" style=\"grid-template-columns:35% auto\"><figure class=\"wp-block-media-text__media\"><img loading=\"lazy\" decoding=\"async\" width=\"768\" height=\"1024\" src=\"https:\/\/www.sainteagnessaintgabriel94.com\/wp-content\/uploads\/2025\/07\/Entree-du-9-large-768x1024.jpg\" alt=\"\" class=\"wp-image-256 size-full\" srcset=\"https:\/\/www.sainteagnessaintgabriel94.com\/wp-content\/uploads\/2025\/07\/Entree-du-9-large-768x1024.jpg 768w, https:\/\/www.sainteagnessaintgabriel94.com\/wp-content\/uploads\/2025\/07\/Entree-du-9-large-225x300.jpg 225w, https:\/\/www.sainteagnessaintgabriel94.com\/wp-content\/uploads\/2025\/07\/Entree-du-9-large-1152x1536.jpg 1152w, https:\/\/www.sainteagnessaintgabriel94.com\/wp-content\/uploads\/2025\/07\/Entree-du-9-large-1536x2048.jpg 1536w, https:\/\/www.sainteagnessaintgabriel94.com\/wp-content\/uploads\/2025\/07\/Entree-du-9-large-scaled.jpg 1920w\" sizes=\"auto, (max-width: 768px) 100vw, 768px\" \/><\/figure><div class=\"wp-block-media-text__content\">\n<p class=\"justifier\">Salle de r\u00e9union situ\u00e9e dans le presbyt\u00e8re. <br>La salle est \u00e9quip\u00e9e de tables, de chaises et d&rsquo;un \u00e9cran de projection. Elle est \u00e9galement \u00e9quip\u00e9e d&rsquo;une kitchenette.<br>La salle peut \u00eatre lou\u00e9e pour des assembl\u00e9es g\u00e9n\u00e9rales de copropri\u00e9t\u00e9s, pour des r\u00e9unions de clubs divers ou bien pour des r\u00e9unions familiales. Location en journ\u00e9e exclusivement, fermeture \u00e0 22h00 maximum.<br>Jauge maximum : 30 personnes. <br>A proximit\u00e9 imm\u00e9diate du M\u00e9tro Ecole V\u00e9t\u00e9rinaire de Maisons-Alfort Ligne 8.<br>Adresse: 9 avenue du g\u00e9n\u00e9ral Leclerc 94700 Maisons-Alfort.<\/p>\n<\/div><\/div>\n\n\n\n<div style=\"height:31px\" aria-hidden=\"true\" class=\"wp-block-spacer\"><\/div>\n\n\n\n<h2 class=\"wp-block-heading\">Salle Saint-Gabriel<\/h2>\n\n\n\n<div class=\"wp-block-media-text is-stacked-on-mobile\" style=\"grid-template-columns:35% auto\"><figure class=\"wp-block-media-text__media\"><img loading=\"lazy\" decoding=\"async\" width=\"1024\" height=\"567\" src=\"https:\/\/www.sainteagnessaintgabriel94.com\/wp-content\/uploads\/2025\/07\/SalleParoissiale01-1024x567.jpg\" alt=\"\" class=\"wp-image-274 size-full\" srcset=\"https:\/\/www.sainteagnessaintgabriel94.com\/wp-content\/uploads\/2025\/07\/SalleParoissiale01-1024x567.jpg 1024w, https:\/\/www.sainteagnessaintgabriel94.com\/wp-content\/uploads\/2025\/07\/SalleParoissiale01-300x166.jpg 300w, https:\/\/www.sainteagnessaintgabriel94.com\/wp-content\/uploads\/2025\/07\/SalleParoissiale01-768x425.jpg 768w, https:\/\/www.sainteagnessaintgabriel94.com\/wp-content\/uploads\/2025\/07\/SalleParoissiale01-1536x850.jpg 1536w, https:\/\/www.sainteagnessaintgabriel94.com\/wp-content\/uploads\/2025\/07\/SalleParoissiale01-2048x1134.jpg 2048w\" sizes=\"auto, (max-width: 1024px) 100vw, 1024px\" \/><\/figure><div class=\"wp-block-media-text__content\">\n<p class=\"justifier\">Annexe ind\u00e9pendante de la paroisse, cette salle peut accueillir des groupes pour des activit\u00e9s vari\u00e9es (accueil d&rsquo;une \u00e9quipe de tournage de film, clubs artistiques, r\u00e9union familiale festive,&#8230;). <br>La salle dispose d&rsquo;une cuisine. <br>Location en journ\u00e9e exclusivement, fermeture \u00e0 22h00 maximum.<br>Jauge maximum : 80 personnes. <br>Adresse : 1 rue du 8 mai 1945, 94700 Maisons-Alfort. <br>Parking attenant.<br><br>&nbsp;<\/p>\n<\/div><\/div>\n\n\n\n<hr class=\"wp-block-separator has-text-color has-luminous-vivid-amber-color has-alpha-channel-opacity has-luminous-vivid-amber-background-color has-background\"\/>\n\n\n\n<h2 class=\"wp-block-heading\">Contacts pour la location<\/h2>\n\n\n\n<p>Secr\u00e9tariat de la paroisse <br>Mme Dominique Faure : 06 30 36 69 60<\/p>\n\n\n\n<p><\/p>\n","protected":false},"excerpt":{"rendered":"<p>Salle Sainte-Agn\u00e8s Salle de r\u00e9union situ\u00e9e dans le presbyt\u00e8re. La salle est \u00e9quip\u00e9e de tables, de chaises et d&rsquo;un \u00e9cran de projection. Elle est \u00e9galement \u00e9quip\u00e9e d&rsquo;une kitchenette.La salle peut \u00eatre lou\u00e9e pour des assembl\u00e9es g\u00e9n\u00e9rales de copropri\u00e9t\u00e9s, pour des r\u00e9unions de clubs divers ou bien pour des r\u00e9unions familiales. Location en journ\u00e9e exclusivement, fermeture \u00e0 22h00 [&hellip;]<\/p>\n","protected":false},"author":2,"featured_media":0,"parent":0,"menu_order":0,"comment_status":"closed","ping_status":"closed","template":"","meta":{"ngg_post_thumbnail":0,"footnotes":""},"class_list":["post-65","page","type-page","status-publish","hentry"],"aioseo_notices":[],"_links":{"self":[{"href":"https:\/\/www.sainteagnessaintgabriel94.com\/index.php\/wp-json\/wp\/v2\/pages\/65","targetHints":{"allow":["GET"]}}],"collection":[{"href":"https:\/\/www.sainteagnessaintgabriel94.com\/index.php\/wp-json\/wp\/v2\/pages"}],"about":[{"href":"https:\/\/www.sainteagnessaintgabriel94.com\/index.php\/wp-json\/wp\/v2\/types\/page"}],"author":[{"embeddable":true,"href":"https:\/\/www.sainteagnessaintgabriel94.com\/index.php\/wp-json\/wp\/v2\/users\/2"}],"replies":[{"embeddable":true,"href":"https:\/\/www.sainteagnessaintgabriel94.com\/index.php\/wp-json\/wp\/v2\/comments?post=65"}],"version-history":[{"count":12,"href":"https:\/\/www.sainteagnessaintgabriel94.com\/index.php\/wp-json\/wp\/v2\/pages\/65\/revisions"}],"predecessor-version":[{"id":2217,"href":"https:\/\/www.sainteagnessaintgabriel94.com\/index.php\/wp-json\/wp\/v2\/pages\/65\/revisions\/2217"}],"wp:attachment":[{"href":"https:\/\/www.sainteagnessaintgabriel94.com\/index.php\/wp-json\/wp\/v2\/media?parent=65"}],"curies":[{"name":"wp","href":"https:\/\/api.w.org\/{rel}","templated":true}]}}