{"id":77,"date":"2025-07-25T08:25:26","date_gmt":"2025-07-25T08:25:26","guid":{"rendered":"https:\/\/www.sainteagnessaintgabriel94.com\/?page_id=77"},"modified":"2026-02-11T14:17:11","modified_gmt":"2026-02-11T16:17:11","slug":"formation-diocesaine","status":"publish","type":"page","link":"https:\/\/www.sainteagnessaintgabriel94.com\/index.php\/formation-diocesaine\/","title":{"rendered":"Formation Dioc\u00e9saine"},"content":{"rendered":"\n<h3 class=\"wp-block-heading has-text-align-left\">De L\u00e9on XIII \u00e0 L\u00e9on XIV\u2026D\u00e9couvrir la pens\u00e9e sociale de l\u2019\u00c9glise<\/h3>\n\n\n\n<p>Vous souhaitez mieux conna\u00eetre la pens\u00e9e sociale de l\u2019\u00c9glise et comprendre comment elle \u00e9claire les d\u00e9fis d\u2019aujourd\u2019hui ? Cette formation est faite pour vous.<\/p>\n\n\n\n<p><strong>Programme :<\/strong>&nbsp;deux samedis matin et trois soir\u00e9es<\/p>\n\n\n\n<ul class=\"wp-block-list\">\n<li>Samedi matin 28 mars&nbsp;:&nbsp;<strong>Historique de la pens\u00e9e sociale de l\u2019\u00c9glise<\/strong><\/li>\n\n\n\n<li>Mardi 7 avril&nbsp;:&nbsp;<strong>La pens\u00e9e sociale de l\u2019\u00c9glise et le travail<\/strong><\/li>\n\n\n\n<li>Jeudi 16 avril&nbsp;:&nbsp;<strong>Nouveaux modes de vie ? L\u2019appel de&nbsp;<em>Laudato si\u2019<\/em><\/strong><\/li>\n\n\n\n<li>Mardi 5 mai&nbsp;:&nbsp;<strong>Fraternit\u00e9 et amiti\u00e9 sociale avec&nbsp;<em>Fratelli tutti<\/em><\/strong><\/li>\n\n\n\n<li>Samedi matin 13 juin&nbsp;:&nbsp;<strong>Des rep\u00e8res pour agir<\/strong><\/li>\n<\/ul>\n\n\n\n<p><strong>Pour s\u2019inscrire Cliquez&nbsp;<a href=\"https:\/\/0sj1n.mjt.lu\/lnk\/AU8AAI37yVQAAc6V8SoAABbvoZIAAAAABXcAAAAAABo-6wBpiz2WNVsX8_gXRl24dzeXT0PbSQAFeEQ\/19\/dgIXtbvhsRtat-XA7I_Nuw\/aHR0cHM6Ly9kZXZvdXZyaXJsYXBlbnNlZXNvY2lhbGVkZWxlZ2xpc2UyMDI2LWNyZXRlaWwudmVuaW8uZnIvZnI\" target=\"_blank\" rel=\"noopener\" title=\"\">ici&nbsp;<\/a><\/strong><\/p>\n\n\n\n<p>Contact : Jean DELARUE<\/p>\n\n\n\n<p><a href=\"mailto:jean.delarue@eveche-creteil.cef.fr\">jean.delarue @ eveche-creteil.cef.fr<\/a>&nbsp;\/ Tel :<a href=\"tel:0674437525\">06 74 43 75 25<\/a><\/p>\n\n\n\n<div class=\"wp-block-file\"><a id=\"wp-block-file--media-a73271c6-8c74-40b9-935b-ceab817a6521\" href=\"https:\/\/www.sainteagnessaintgabriel94.com\/wp-content\/uploads\/2026\/02\/La-pensee-sociale-de-leglise.pdf\" target=\"_blank\" rel=\"noreferrer noopener\">La pens\u00e9e sociale de l&rsquo;\u00e9glise<\/a><a href=\"https:\/\/www.sainteagnessaintgabriel94.com\/wp-content\/uploads\/2026\/02\/La-pensee-sociale-de-leglise.pdf\" class=\"wp-block-file__button wp-element-button\" download aria-describedby=\"wp-block-file--media-a73271c6-8c74-40b9-935b-ceab817a6521\">T\u00e9l\u00e9charger<\/a><\/div>\n\n\n\n<hr class=\"wp-block-separator has-text-color has-vivid-cyan-blue-color has-alpha-channel-opacity has-vivid-cyan-blue-background-color has-background\"\/>\n\n\n\n<h3 class=\"wp-block-heading\">La formation des disciples missionnaires<\/h3>\n\n\n\n<div class=\"wp-block-media-text is-stacked-on-mobile is-vertically-aligned-center has-white-background-color has-background\" style=\"grid-template-columns:35% auto\"><figure class=\"wp-block-media-text__media\"><img decoding=\"async\" src=\"https:\/\/www.sainteagnessaintgabriel94.com\/wp-content\/uploads\/2025\/07\/Capture-decran-2025-07-29-a-07.32.42-1024x1022.png\" alt=\"\" class=\"wp-image-234 size-full\"\/><\/figure><div class=\"wp-block-media-text__content\">\n<p class=\"justifier\">Comment trouver les mots, les attitudes pour annoncer le Dieu de tendresse et de fid\u00e9lit\u00e9, P\u00e8re, Fils et Esprit, dans le langage de nos contemporains ?<br>Comment t\u00e9moigner de notre joie d\u2019\u00eatre des disciples appel\u00e9s et envoy\u00e9s ? <br>Le disciple-missionnaire \u00e9coute la Parole de Dieu et la met en pratique.<\/p>\n\n\n\n<p><\/p>\n\n\n\n<div class=\"wp-block-buttons is-layout-flex wp-block-buttons-is-layout-flex\">\n<div class=\"wp-block-button\"><a class=\"wp-block-button__link has-vivid-green-cyan-background-color has-background has-small-font-size has-custom-font-size wp-element-button\" href=\"https:\/\/catholiques-val-de-marne.cef.fr\/formation-disciples-missionnaires\/\" style=\"border-radius:0px\" target=\"_blank\" rel=\"noreferrer noopener\">En savoir plus<\/a><\/div>\n<\/div>\n<\/div><\/div>\n\n\n\n<hr class=\"wp-block-separator has-text-color has-vivid-cyan-blue-color has-alpha-channel-opacity has-vivid-cyan-blue-background-color has-background\"\/>\n\n\n\n<h3 class=\"wp-block-heading\">Formation des chantres animateurs<\/h3>\n\n\n\n<p class=\"justifier\">Le parcours dioc\u00e9sain de formation des chantres animateurs commencera par une<strong>&nbsp;s\u00e9ance pour chantres d\u00e9butants le samedi 27 septembre 2025 de 14h00 \u00e0 17h30 au centre dioc\u00e9sain de formation de Saint-Pierre du Lac<\/strong>. <br>Pour toute information contacter Mme Odile LEROLLE.<br>Courriel : <a href=\"mailto:musique@eveche-creteil.cef.fr\" target=\"_blank\" rel=\"noreferrer noopener\">musique@eveche-creteil.cef.fr<\/a><\/p>\n","protected":false},"excerpt":{"rendered":"<p>De L\u00e9on XIII \u00e0 L\u00e9on XIV\u2026D\u00e9couvrir la pens\u00e9e sociale de l\u2019\u00c9glise Vous souhaitez mieux conna\u00eetre la pens\u00e9e sociale de l\u2019\u00c9glise et comprendre comment elle \u00e9claire les d\u00e9fis d\u2019aujourd\u2019hui ? Cette formation est faite pour vous. Programme :&nbsp;deux samedis matin et trois soir\u00e9es Pour s\u2019inscrire Cliquez&nbsp;ici&nbsp; Contact : Jean DELARUE jean.delarue @ eveche-creteil.cef.fr&nbsp;\/ Tel :06 74 43 75 [&hellip;]<\/p>\n","protected":false},"author":1,"featured_media":0,"parent":0,"menu_order":0,"comment_status":"closed","ping_status":"closed","template":"","meta":{"ngg_post_thumbnail":0,"footnotes":""},"class_list":["post-77","page","type-page","status-publish","hentry"],"aioseo_notices":[],"_links":{"self":[{"href":"https:\/\/www.sainteagnessaintgabriel94.com\/index.php\/wp-json\/wp\/v2\/pages\/77","targetHints":{"allow":["GET"]}}],"collection":[{"href":"https:\/\/www.sainteagnessaintgabriel94.com\/index.php\/wp-json\/wp\/v2\/pages"}],"about":[{"href":"https:\/\/www.sainteagnessaintgabriel94.com\/index.php\/wp-json\/wp\/v2\/types\/page"}],"author":[{"embeddable":true,"href":"https:\/\/www.sainteagnessaintgabriel94.com\/index.php\/wp-json\/wp\/v2\/users\/1"}],"replies":[{"embeddable":true,"href":"https:\/\/www.sainteagnessaintgabriel94.com\/index.php\/wp-json\/wp\/v2\/comments?post=77"}],"version-history":[{"count":22,"href":"https:\/\/www.sainteagnessaintgabriel94.com\/index.php\/wp-json\/wp\/v2\/pages\/77\/revisions"}],"predecessor-version":[{"id":2700,"href":"https:\/\/www.sainteagnessaintgabriel94.com\/index.php\/wp-json\/wp\/v2\/pages\/77\/revisions\/2700"}],"wp:attachment":[{"href":"https:\/\/www.sainteagnessaintgabriel94.com\/index.php\/wp-json\/wp\/v2\/media?parent=77"}],"curies":[{"name":"wp","href":"https:\/\/api.w.org\/{rel}","templated":true}]}}