{"id":80,"date":"2025-07-25T08:25:48","date_gmt":"2025-07-25T08:25:48","guid":{"rendered":"https:\/\/www.sainteagnessaintgabriel94.com\/?page_id=80"},"modified":"2025-11-19T09:02:05","modified_gmt":"2025-11-19T11:02:05","slug":"denier-cf-le-site","status":"publish","type":"page","link":"https:\/\/www.sainteagnessaintgabriel94.com\/index.php\/denier-cf-le-site\/","title":{"rendered":"Denier de l&rsquo;\u00c9glise"},"content":{"rendered":"\n<h2 class=\"wp-block-heading has-text-align-center\">Campagne pour le Denier<\/h2>\n\n\n\n<h3 class=\"wp-block-heading\">Compte rendu de la soir\u00e9e Denier du 12\/11\/2025<\/h3>\n\n\n\n<div class=\"wp-block-media-text is-stacked-on-mobile\" style=\"grid-template-columns:53% auto\"><figure class=\"wp-block-media-text__media\"><img loading=\"lazy\" decoding=\"async\" width=\"1024\" height=\"483\" src=\"https:\/\/www.sainteagnessaintgabriel94.com\/wp-content\/uploads\/2025\/11\/comment-donner-1024x483.jpg\" alt=\"\" class=\"wp-image-2252 size-full\" srcset=\"https:\/\/www.sainteagnessaintgabriel94.com\/wp-content\/uploads\/2025\/11\/comment-donner-1024x483.jpg 1024w, https:\/\/www.sainteagnessaintgabriel94.com\/wp-content\/uploads\/2025\/11\/comment-donner-300x141.jpg 300w, https:\/\/www.sainteagnessaintgabriel94.com\/wp-content\/uploads\/2025\/11\/comment-donner-768x362.jpg 768w, https:\/\/www.sainteagnessaintgabriel94.com\/wp-content\/uploads\/2025\/11\/comment-donner-1536x724.jpg 1536w, https:\/\/www.sainteagnessaintgabriel94.com\/wp-content\/uploads\/2025\/11\/comment-donner-2048x965.jpg 2048w\" sizes=\"auto, (max-width: 1024px) 100vw, 1024px\" \/><\/figure><div class=\"wp-block-media-text__content\">\n<p class=\"justifier\">Plus de 60 paroisses \u00e9taient repr\u00e9sent\u00e9es \u00e0 la soir\u00e9e Denier du 12 novembre dernier. Ce temps de rencontre a \u00e9t\u00e9 l&rsquo;occasion d&rsquo;\u00e9changer, faire un \u00e9tat de la collecte, et d\u00e9couvrir les affiches et tracts de la nouvelle campagne ! Les pr\u00e9sents ont m\u00eame pu repartir avec quelques centaines d&rsquo;affiches et environ 35 000 d\u00e9pliants et enveloppes<\/p>\n<\/div><\/div>\n\n\n\n<div style=\"height:22px\" aria-hidden=\"true\" class=\"wp-block-spacer\"><\/div>\n\n\n\n<div data-wp-interactive=\"core\/file\" class=\"wp-block-file has-white-background-color has-background\"><object data-wp-bind--hidden=\"!state.hasPdfPreview\" hidden class=\"wp-block-file__embed\" data=\"https:\/\/www.sainteagnessaintgabriel94.com\/wp-content\/uploads\/2025\/11\/PDF-de-la-soiree-du-12-novembre-1.pdf\" type=\"application\/pdf\" style=\"width:100%;height:493px\" aria-label=\"Contenu embarqu\u00e9 PDF de la soiree du 12 novembre.\"><\/object><a id=\"wp-block-file--media-720ed329-9dac-4dd9-84da-48b8cbfb3c43\" href=\"https:\/\/www.sainteagnessaintgabriel94.com\/wp-content\/uploads\/2025\/11\/PDF-de-la-soiree-du-12-novembre-1.pdf\" target=\"_blank\" rel=\"noreferrer noopener\">PDF de la soiree du 12 novembre<\/a><a href=\"https:\/\/www.sainteagnessaintgabriel94.com\/wp-content\/uploads\/2025\/11\/PDF-de-la-soiree-du-12-novembre-1.pdf\" class=\"wp-block-file__button wp-element-button\" download aria-describedby=\"wp-block-file--media-720ed329-9dac-4dd9-84da-48b8cbfb3c43\">T\u00e9l\u00e9charger<\/a><\/div>\n\n\n\n<div style=\"height:22px\" aria-hidden=\"true\" class=\"wp-block-spacer\"><\/div>\n\n\n\n<h3 class=\"wp-block-heading has-text-align-left\">Campagne d&rsquo;affichage<\/h3>\n\n\n\n<figure class=\"wp-block-gallery has-nested-images columns-default is-cropped wp-block-gallery-1 is-layout-flex wp-block-gallery-is-layout-flex\">\n<figure class=\"wp-block-image size-large\"><img loading=\"lazy\" decoding=\"async\" width=\"683\" height=\"1024\" data-id=\"2259\" src=\"https:\/\/www.sainteagnessaintgabriel94.com\/wp-content\/uploads\/2025\/11\/Visuel-inter-generations-683x1024.jpg\" alt=\"\" class=\"wp-image-2259\" srcset=\"https:\/\/www.sainteagnessaintgabriel94.com\/wp-content\/uploads\/2025\/11\/Visuel-inter-generations-683x1024.jpg 683w, https:\/\/www.sainteagnessaintgabriel94.com\/wp-content\/uploads\/2025\/11\/Visuel-inter-generations-200x300.jpg 200w, https:\/\/www.sainteagnessaintgabriel94.com\/wp-content\/uploads\/2025\/11\/Visuel-inter-generations-768x1152.jpg 768w, https:\/\/www.sainteagnessaintgabriel94.com\/wp-content\/uploads\/2025\/11\/Visuel-inter-generations-1024x1536.jpg 1024w, https:\/\/www.sainteagnessaintgabriel94.com\/wp-content\/uploads\/2025\/11\/Visuel-inter-generations-scaled.jpg 1706w\" sizes=\"auto, (max-width: 683px) 100vw, 683px\" \/><\/figure>\n\n\n\n<figure class=\"wp-block-image size-large\"><img loading=\"lazy\" decoding=\"async\" width=\"683\" height=\"1024\" data-id=\"2257\" src=\"https:\/\/www.sainteagnessaintgabriel94.com\/wp-content\/uploads\/2025\/11\/Visuel-louange-personne-seule-1-683x1024.jpg\" alt=\"\" class=\"wp-image-2257\" srcset=\"https:\/\/www.sainteagnessaintgabriel94.com\/wp-content\/uploads\/2025\/11\/Visuel-louange-personne-seule-1-683x1024.jpg 683w, https:\/\/www.sainteagnessaintgabriel94.com\/wp-content\/uploads\/2025\/11\/Visuel-louange-personne-seule-1-200x300.jpg 200w, https:\/\/www.sainteagnessaintgabriel94.com\/wp-content\/uploads\/2025\/11\/Visuel-louange-personne-seule-1-768x1152.jpg 768w, https:\/\/www.sainteagnessaintgabriel94.com\/wp-content\/uploads\/2025\/11\/Visuel-louange-personne-seule-1-1024x1536.jpg 1024w, https:\/\/www.sainteagnessaintgabriel94.com\/wp-content\/uploads\/2025\/11\/Visuel-louange-personne-seule-1-scaled.jpg 1706w\" sizes=\"auto, (max-width: 683px) 100vw, 683px\" \/><\/figure>\n\n\n\n<figure class=\"wp-block-image size-large\"><img loading=\"lazy\" decoding=\"async\" width=\"683\" height=\"1024\" data-id=\"2256\" src=\"https:\/\/www.sainteagnessaintgabriel94.com\/wp-content\/uploads\/2025\/11\/Visuel-mariage-1-683x1024.jpg\" alt=\"\" class=\"wp-image-2256\" srcset=\"https:\/\/www.sainteagnessaintgabriel94.com\/wp-content\/uploads\/2025\/11\/Visuel-mariage-1-683x1024.jpg 683w, https:\/\/www.sainteagnessaintgabriel94.com\/wp-content\/uploads\/2025\/11\/Visuel-mariage-1-200x300.jpg 200w, https:\/\/www.sainteagnessaintgabriel94.com\/wp-content\/uploads\/2025\/11\/Visuel-mariage-1-768x1152.jpg 768w, https:\/\/www.sainteagnessaintgabriel94.com\/wp-content\/uploads\/2025\/11\/Visuel-mariage-1-scaled.jpg 1706w\" sizes=\"auto, (max-width: 683px) 100vw, 683px\" \/><\/figure>\n\n\n\n<figure class=\"wp-block-image size-large\"><img loading=\"lazy\" decoding=\"async\" width=\"683\" height=\"1024\" data-id=\"2255\" src=\"https:\/\/www.sainteagnessaintgabriel94.com\/wp-content\/uploads\/2025\/11\/Visuel-jeunes-683x1024.jpg\" alt=\"\" class=\"wp-image-2255\" srcset=\"https:\/\/www.sainteagnessaintgabriel94.com\/wp-content\/uploads\/2025\/11\/Visuel-jeunes-683x1024.jpg 683w, https:\/\/www.sainteagnessaintgabriel94.com\/wp-content\/uploads\/2025\/11\/Visuel-jeunes-200x300.jpg 200w, https:\/\/www.sainteagnessaintgabriel94.com\/wp-content\/uploads\/2025\/11\/Visuel-jeunes-768x1152.jpg 768w, https:\/\/www.sainteagnessaintgabriel94.com\/wp-content\/uploads\/2025\/11\/Visuel-jeunes-1024x1536.jpg 1024w, https:\/\/www.sainteagnessaintgabriel94.com\/wp-content\/uploads\/2025\/11\/Visuel-jeunes-scaled.jpg 1706w\" sizes=\"auto, (max-width: 683px) 100vw, 683px\" \/><\/figure>\n\n\n\n<figure class=\"wp-block-image size-large\"><img loading=\"lazy\" decoding=\"async\" width=\"940\" height=\"376\" data-id=\"500\" src=\"https:\/\/www.sainteagnessaintgabriel94.com\/wp-content\/uploads\/2025\/07\/Denier-de-leglise.jpg\" alt=\"\" class=\"wp-image-500\" srcset=\"https:\/\/www.sainteagnessaintgabriel94.com\/wp-content\/uploads\/2025\/07\/Denier-de-leglise.jpg 940w, https:\/\/www.sainteagnessaintgabriel94.com\/wp-content\/uploads\/2025\/07\/Denier-de-leglise-300x120.jpg 300w, https:\/\/www.sainteagnessaintgabriel94.com\/wp-content\/uploads\/2025\/07\/Denier-de-leglise-768x307.jpg 768w\" sizes=\"auto, (max-width: 940px) 100vw, 940px\" \/><\/figure>\n<\/figure>\n\n\n\n<div style=\"height:22px\" aria-hidden=\"true\" class=\"wp-block-spacer\"><\/div>\n\n\n\n<div class=\"wp-block-group is-nowrap is-layout-flex wp-container-core-group-is-layout-ad2f72ca wp-block-group-is-layout-flex\">\n<div class=\"wp-block-file\"><a id=\"wp-block-file--media-cf79c668-eda5-406a-88d7-a8a941bd3e55\" href=\"https:\/\/www.sainteagnessaintgabriel94.com\/visuel-inter-generations\/\" target=\"_blank\" rel=\"noreferrer noopener\">Visuel inter generations<\/a><a href=\"https:\/\/www.sainteagnessaintgabriel94.com\/wp-content\/uploads\/2025\/11\/Visuel-inter-generations-scaled.jpg\" class=\"wp-block-file__button wp-element-button\" download aria-describedby=\"wp-block-file--media-cf79c668-eda5-406a-88d7-a8a941bd3e55\">T\u00e9l\u00e9charger<\/a><\/div>\n\n\n\n<div style=\"height:22px;width:0px\" aria-hidden=\"true\" class=\"wp-block-spacer wp-container-content-d62f4c8e\"><\/div>\n\n\n\n<div class=\"wp-block-file\"><a id=\"wp-block-file--media-e3dee80a-0c44-4c97-bea4-33105a148d0e\" href=\"https:\/\/www.sainteagnessaintgabriel94.com\/wp-content\/uploads\/2025\/11\/Visuel-louange-personne-seule-1-scaled.jpg\" target=\"_blank\" rel=\"noreferrer noopener\">Visuel louange personne seule<\/a><a href=\"https:\/\/www.sainteagnessaintgabriel94.com\/wp-content\/uploads\/2025\/11\/Visuel-louange-personne-seule-1-scaled.jpg\" class=\"wp-block-file__button wp-element-button\" download aria-describedby=\"wp-block-file--media-e3dee80a-0c44-4c97-bea4-33105a148d0e\">T\u00e9l\u00e9charger<\/a><\/div>\n\n\n\n<div class=\"wp-block-file\"><a id=\"wp-block-file--media-3345e1b5-e5d2-47b6-a74c-c49a64060337\" href=\"https:\/\/www.sainteagnessaintgabriel94.com\/wp-content\/uploads\/2025\/11\/Visuel-mariage-1-scaled.jpg\" target=\"_blank\" rel=\"noreferrer noopener\">Visuel mariage<\/a><a href=\"https:\/\/www.sainteagnessaintgabriel94.com\/wp-content\/uploads\/2025\/11\/Visuel-mariage-1-scaled.jpg\" class=\"wp-block-file__button wp-element-button\" download aria-describedby=\"wp-block-file--media-3345e1b5-e5d2-47b6-a74c-c49a64060337\">T\u00e9l\u00e9charger<\/a><\/div>\n\n\n\n<div class=\"wp-block-file\"><a id=\"wp-block-file--media-557cf68a-07f3-4bd6-8fea-2fe9157b356b\" href=\"https:\/\/www.sainteagnessaintgabriel94.com\/wp-content\/uploads\/2025\/11\/Visuel-jeunes-scaled.jpg\" target=\"_blank\" rel=\"noreferrer noopener\">Visuel jeunes<\/a><a href=\"https:\/\/www.sainteagnessaintgabriel94.com\/wp-content\/uploads\/2025\/11\/Visuel-jeunes-scaled.jpg\" class=\"wp-block-file__button wp-element-button\" download aria-describedby=\"wp-block-file--media-557cf68a-07f3-4bd6-8fea-2fe9157b356b\">T\u00e9l\u00e9charger<\/a><\/div>\n<\/div>\n\n\n\n<div style=\"height:22px\" aria-hidden=\"true\" class=\"wp-block-spacer\"><\/div>\n\n\n\n<hr class=\"wp-block-separator has-text-color has-vivid-purple-color has-alpha-channel-opacity has-vivid-purple-background-color has-background\"\/>\n\n\n\n<div class=\"wp-block-media-text is-stacked-on-mobile\" style=\"grid-template-columns:35% auto\"><figure class=\"wp-block-media-text__media\"><img loading=\"lazy\" decoding=\"async\" width=\"940\" height=\"376\" src=\"https:\/\/www.sainteagnessaintgabriel94.com\/wp-content\/uploads\/2025\/07\/Denier-de-leglise.jpg\" alt=\"\" class=\"wp-image-500 size-full\" srcset=\"https:\/\/www.sainteagnessaintgabriel94.com\/wp-content\/uploads\/2025\/07\/Denier-de-leglise.jpg 940w, https:\/\/www.sainteagnessaintgabriel94.com\/wp-content\/uploads\/2025\/07\/Denier-de-leglise-300x120.jpg 300w, https:\/\/www.sainteagnessaintgabriel94.com\/wp-content\/uploads\/2025\/07\/Denier-de-leglise-768x307.jpg 768w\" sizes=\"auto, (max-width: 940px) 100vw, 940px\" \/><\/figure><div class=\"wp-block-media-text__content\">\n<h2 class=\"wp-block-heading\">Dioc\u00e8se de Cr\u00e9teil<\/h2>\n\n\n\n<p class=\"justifier\">Cr\u00e9\u00e9 par l\u2019\u00c9glise catholique en France apr\u00e8s la s\u00e9paration de l\u2019\u00c9glise et de l\u2019\u00c9tat en 1905, le \u00ab&nbsp;denier du&nbsp;<a href=\"https:\/\/eglise.catholique.fr\/glossaire\/clerge\/\" target=\"_blank\" rel=\"noreferrer noopener\">clerg\u00e9<\/a>&nbsp;\u00bb a \u00e9t\u00e9 institu\u00e9 pour permettre le traitement des pr\u00eatres qui \u00e9tait jusqu\u2019alors pris en charge par l\u2019\u00c9tat.<br>L\u2019\u00c9tat ne peut plus subventionner les cultes. Ce traitement continue d\u2019\u00eatre pris en charge en Alsace-Moselle.<\/p>\n\n\n\n<p class=\"justifier\">Ainsi, c&rsquo;est notre g\u00e9n\u00e9rosit\u00e9 qui permet \u00e0 nos pr\u00eatres de vivre, d&rsquo;\u00eatre log\u00e9s (le traitement et le logement d&rsquo;un pr\u00eatre, c&rsquo;est 60\u20ac\/jour), et que tous les frais de fonctionnement, eau, \u00e9lectricit\u00e9,&#8230;,&nbsp;t\u00e9l\u00e9phone,.. sont support\u00e9s.<\/p>\n\n\n\n<p class=\"justifier\">Notre g\u00e9n\u00e9rosit\u00e9 se traduit par la participation active b\u00e9n\u00e9vole de certains et par notre contribution financi\u00e8re : les qu\u00eates dominicales, de bapt\u00eame, de fun\u00e9railles, les troncs pour les cierges,&#8230; et par le Denier, ce que l&rsquo;on appelle&nbsp;<strong>le Denier de l&rsquo;\u00c9glise qui repr\u00e9sente plus de 30% de nos ressources<\/strong>&nbsp;(31% en 2020).<\/p>\n\n\n\n<p>Combien donner pour le Denier ?<\/p>\n\n\n\n<p class=\"justifier\">En Allemagne, c&rsquo;est l&rsquo;\u00c9tat au travers de l&rsquo;imp\u00f4t, qui finance les religions (catholique, protestante, orthodoxe et juive). Si vous vous d\u00e9clarez catholique, 9% de votre imp\u00f4t (la Kirchensteuer) sont vers\u00e9s \u00e0 l&rsquo;\u00c9glise catholique. <br>En France, notre \u00c9glise sugg\u00e8re de verser 1 \u00e0 2% de nos revenus annuels. Par exemple, si vous gagnez 2 000\u20ac net par mois, cela fait entre 240 et 480\u20ac par an ou entre 20 et 40\u20ac par mois en pr\u00e9l\u00e8vement automatique.<\/p>\n\n\n\n<p class=\"justifier\">La formule du pr\u00e9l\u00e8vement automatique mensuel est sans aucun doute moins indolore. Avec cette formule qui est comparable au co\u00fbt d\u2019un abonnement t\u00e9l\u00e9phonique, notre \u00c9glise peut payer ses charges de fonctionnement, et est en capacit\u00e9 de former des pr\u00eatres et de les r\u00e9tribuer dignement.\u00a0\u00bb<\/p>\n\n\n\n<div style=\"height:31px\" aria-hidden=\"true\" class=\"wp-block-spacer\"><\/div>\n\n\n\n<div class=\"wp-block-buttons is-layout-flex wp-block-buttons-is-layout-flex\">\n<div class=\"wp-block-button\"><a class=\"wp-block-button__link has-vivid-green-cyan-background-color has-background has-small-font-size has-custom-font-size wp-element-button\" href=\"https:\/\/denier.diocese94.fr\/denier\" style=\"border-radius:0px\" target=\"_blank\" rel=\"noreferrer noopener\">Participer au denier<\/a><\/div>\n<\/div>\n<\/div><\/div>\n","protected":false},"excerpt":{"rendered":"<p>Campagne pour le Denier Compte rendu de la soir\u00e9e Denier du 12\/11\/2025 Plus de 60 paroisses \u00e9taient repr\u00e9sent\u00e9es \u00e0 la soir\u00e9e Denier du 12 novembre dernier. Ce temps de rencontre a \u00e9t\u00e9 l&rsquo;occasion d&rsquo;\u00e9changer, faire un \u00e9tat de la collecte, et d\u00e9couvrir les affiches et tracts de la nouvelle campagne ! Les pr\u00e9sents ont m\u00eame pu repartir [&hellip;]<\/p>\n","protected":false},"author":2,"featured_media":0,"parent":0,"menu_order":0,"comment_status":"closed","ping_status":"closed","template":"","meta":{"ngg_post_thumbnail":0,"footnotes":""},"class_list":["post-80","page","type-page","status-publish","hentry"],"aioseo_notices":[],"_links":{"self":[{"href":"https:\/\/www.sainteagnessaintgabriel94.com\/index.php\/wp-json\/wp\/v2\/pages\/80","targetHints":{"allow":["GET"]}}],"collection":[{"href":"https:\/\/www.sainteagnessaintgabriel94.com\/index.php\/wp-json\/wp\/v2\/pages"}],"about":[{"href":"https:\/\/www.sainteagnessaintgabriel94.com\/index.php\/wp-json\/wp\/v2\/types\/page"}],"author":[{"embeddable":true,"href":"https:\/\/www.sainteagnessaintgabriel94.com\/index.php\/wp-json\/wp\/v2\/users\/2"}],"replies":[{"embeddable":true,"href":"https:\/\/www.sainteagnessaintgabriel94.com\/index.php\/wp-json\/wp\/v2\/comments?post=80"}],"version-history":[{"count":42,"href":"https:\/\/www.sainteagnessaintgabriel94.com\/index.php\/wp-json\/wp\/v2\/pages\/80\/revisions"}],"predecessor-version":[{"id":2286,"href":"https:\/\/www.sainteagnessaintgabriel94.com\/index.php\/wp-json\/wp\/v2\/pages\/80\/revisions\/2286"}],"wp:attachment":[{"href":"https:\/\/www.sainteagnessaintgabriel94.com\/index.php\/wp-json\/wp\/v2\/media?parent=80"}],"curies":[{"name":"wp","href":"https:\/\/api.w.org\/{rel}","templated":true}]}}