{"id":87,"date":"2025-07-25T08:27:49","date_gmt":"2025-07-25T08:27:49","guid":{"rendered":"https:\/\/www.sainteagnessaintgabriel94.com\/?page_id=87"},"modified":"2026-01-21T21:06:15","modified_gmt":"2026-01-21T23:06:15","slug":"initiation","status":"publish","type":"page","link":"https:\/\/www.sainteagnessaintgabriel94.com\/index.php\/initiation\/","title":{"rendered":"Sacrements d&rsquo;initiation"},"content":{"rendered":"\n<div style=\"height:35px\" aria-hidden=\"true\" class=\"wp-block-spacer\"><\/div>\n\n\n\n<div class=\"wp-block-media-text is-stacked-on-mobile\" style=\"grid-template-columns:35% auto\"><figure class=\"wp-block-media-text__media\"><img loading=\"lazy\" decoding=\"async\" width=\"612\" height=\"408\" src=\"https:\/\/www.sainteagnessaintgabriel94.com\/wp-content\/uploads\/2025\/07\/Bapteme.jpg\" alt=\"\" class=\"wp-image-287 size-full\" srcset=\"https:\/\/www.sainteagnessaintgabriel94.com\/wp-content\/uploads\/2025\/07\/Bapteme.jpg 612w, https:\/\/www.sainteagnessaintgabriel94.com\/wp-content\/uploads\/2025\/07\/Bapteme-300x200.jpg 300w\" sizes=\"auto, (max-width: 612px) 100vw, 612px\" \/><\/figure><div class=\"wp-block-media-text__content\">\n<h3 class=\"wp-block-heading\"><strong>Le bapt\u00eame<\/strong><\/h3>\n\n\n\n<p class=\"justifier\">Il est possible d&rsquo;\u00eatre baptis\u00e9 <strong>\u00e0 tous \u00e2ges<\/strong> (m\u00eame \u00e0 90 ans). Selon l&rsquo;\u00e2ge du baptis\u00e9 une pr\u00e9paration adapt\u00e9e est propos\u00e9e. Le bapt\u00eame des b\u00e9b\u00e9s donne lieu \u00e0 une pr\u00e9paration br\u00e8ve (2 rencontres) avec les parents. <br>La c\u00e9l\u00e9bration peut se d\u00e9rouler \u00e0 tous moment dans l&rsquo;ann\u00e9e. <br>Pour avoir des informations sur le bapt\u00eame veuillez contactez la paroisse.<\/p>\n\n\n\n<p><\/p>\n\n\n\n<div class=\"wp-block-buttons is-content-justification-center is-layout-flex wp-container-core-buttons-is-layout-16018d1d wp-block-buttons-is-layout-flex\">\n<div class=\"wp-block-button has-custom-width wp-block-button__width-75 is-style-fill\"><a class=\"wp-block-button__link has-vivid-green-cyan-background-color has-background has-small-font-size has-text-align-center has-custom-font-size wp-element-button\" href=\"https:\/\/www.sainteagnessaintgabriel94.com\/wp-content\/uploads\/2025\/09\/reperes-pour-le-bapteme-des-petits-enfants-sd-1.pdf\" style=\"border-radius:0px\" target=\"_blank\" rel=\"noreferrer noopener\">Note pastorale pour le bapt\u00eame des enfants<\/a><\/div>\n<\/div>\n<\/div><\/div>\n\n\n\n<div style=\"height:35px\" aria-hidden=\"true\" class=\"wp-block-spacer\"><\/div>\n\n\n\n<div style=\"height:15px\" aria-hidden=\"true\" class=\"wp-block-spacer\"><\/div>\n\n\n\n<figure class=\"wp-block-image size-large\"><img loading=\"lazy\" decoding=\"async\" width=\"1024\" height=\"576\" src=\"https:\/\/www.sainteagnessaintgabriel94.com\/wp-content\/uploads\/2026\/01\/20260118_122349-1024x576.jpg\" alt=\"\" class=\"wp-image-2550\" srcset=\"https:\/\/www.sainteagnessaintgabriel94.com\/wp-content\/uploads\/2026\/01\/20260118_122349-1024x576.jpg 1024w, https:\/\/www.sainteagnessaintgabriel94.com\/wp-content\/uploads\/2026\/01\/20260118_122349-300x169.jpg 300w, https:\/\/www.sainteagnessaintgabriel94.com\/wp-content\/uploads\/2026\/01\/20260118_122349-768x432.jpg 768w, https:\/\/www.sainteagnessaintgabriel94.com\/wp-content\/uploads\/2026\/01\/20260118_122349-1536x864.jpg 1536w, https:\/\/www.sainteagnessaintgabriel94.com\/wp-content\/uploads\/2026\/01\/20260118_122349-2048x1152.jpg 2048w\" sizes=\"auto, (max-width: 1024px) 100vw, 1024px\" \/><figcaption class=\"wp-element-caption\">Le P\u00e8re Edmond, les enfants, leurs familles et les accompagnateurs de bapt\u00eames c\u00e9l\u00e9br\u00e9s \u00e0 Sainte Agn\u00e8s en 2025.<\/figcaption><\/figure>\n\n\n\n<div style=\"height:15px\" aria-hidden=\"true\" class=\"wp-block-spacer\"><\/div>\n\n\n\n<div class=\"wp-block-media-text is-stacked-on-mobile\" style=\"grid-template-columns:35% auto\"><figure class=\"wp-block-media-text__media\"><img loading=\"lazy\" decoding=\"async\" width=\"1024\" height=\"682\" src=\"https:\/\/www.sainteagnessaintgabriel94.com\/wp-content\/uploads\/2025\/07\/pentecost-7168181_1280-1024x682.jpg\" alt=\"\" class=\"wp-image-302 size-full\" srcset=\"https:\/\/www.sainteagnessaintgabriel94.com\/wp-content\/uploads\/2025\/07\/pentecost-7168181_1280-1024x682.jpg 1024w, https:\/\/www.sainteagnessaintgabriel94.com\/wp-content\/uploads\/2025\/07\/pentecost-7168181_1280-300x200.jpg 300w, https:\/\/www.sainteagnessaintgabriel94.com\/wp-content\/uploads\/2025\/07\/pentecost-7168181_1280-768x512.jpg 768w, https:\/\/www.sainteagnessaintgabriel94.com\/wp-content\/uploads\/2025\/07\/pentecost-7168181_1280-370x245.jpg 370w, https:\/\/www.sainteagnessaintgabriel94.com\/wp-content\/uploads\/2025\/07\/pentecost-7168181_1280-1170x780.jpg 1170w, https:\/\/www.sainteagnessaintgabriel94.com\/wp-content\/uploads\/2025\/07\/pentecost-7168181_1280.jpg 1280w\" sizes=\"auto, (max-width: 1024px) 100vw, 1024px\" \/><\/figure><div class=\"wp-block-media-text__content\">\n<h3 class=\"wp-block-heading\"><strong>La confirmation<\/strong><\/h3>\n\n\n\n<p class=\"justifier\">Le sacrement de la confirmation est la r\u00e9ception de l&rsquo;Esprit Saint par le confirmand, du latin confirmandus : \u00ab devant \u00eatre confirm\u00e9 \u00bb, pour \u00eatre fortifi\u00e9 dans la capacit\u00e9 \u00e0 vivre et de t\u00e9moigner de la foi dans sa vie courante d&rsquo;adulte.<br>Comme le&nbsp;bapt\u00eame, la&nbsp;confirmation&nbsp;imprime dans le chr\u00e9tien une marque ind\u00e9l\u00e9bile (c\u2019est ce que l\u2019on appelle le \u00ab&nbsp;caract\u00e8re&nbsp;\u00bb). <br>Ce&nbsp;sacrement&nbsp;ne peut donc \u00eatre re\u00e7u qu\u2019une seule fois.<\/p>\n\n\n\n<p class=\"justifier\">Dans l\u2019Eglise catholique, on le re\u00e7oit apr\u00e8s l\u2019\u00e2ge de raison. C\u2019est l\u2019\u00e9v\u00eaque qui, de mani\u00e8re ordinaire, c\u00e9l\u00e8bre ce&nbsp;Sacrement&nbsp;: il manifeste ainsi le lien avec le don de l\u2019Esprit aux ap\u00f4tres au jour de la&nbsp;Pentec\u00f4te&nbsp;et la place des confirm\u00e9s dans la communion de toute l\u2019\u00c9glise. <br>C\u2019est lui qui r\u00e9alise l\u2019imposition des mains puis l\u2019onction du Saint Chr\u00eame qui se fait avec la m\u00eame huile parfum\u00e9e que celle dont nous avons \u00e9t\u00e9 marqu\u00e9s le jour de notre&nbsp;bapt\u00eame. <br>L\u2019\u00e9v\u00eaque trace une croix sur le front du confirmand avec cette huile sainte pour dire que l&rsquo;Esprit&nbsp;Saint&nbsp;sera toujours avec lui pour l\u2019aider \u00e0 conna\u00eetre Dieu et \u00e0 l\u2019aimer toujours davantage : \u00ab Sois marqu\u00e9 de l\u2019Esprit-Saint, le don de Dieu \u00bb. Dieu le choisit comme&nbsp;disciple&nbsp;missionnaire, il l\u2019envoie annoncer J\u00e9sus autour de lui.<\/p>\n<\/div><\/div>\n\n\n\n<div style=\"height:35px\" aria-hidden=\"true\" class=\"wp-block-spacer\"><\/div>\n\n\n\n<div class=\"wp-block-media-text is-stacked-on-mobile\" style=\"grid-template-columns:35% auto\"><figure class=\"wp-block-media-text__media\"><img loading=\"lazy\" decoding=\"async\" width=\"612\" height=\"408\" src=\"https:\/\/www.sainteagnessaintgabriel94.com\/wp-content\/uploads\/2025\/07\/Communion-2.jpg\" alt=\"\" class=\"wp-image-288 size-full\" srcset=\"https:\/\/www.sainteagnessaintgabriel94.com\/wp-content\/uploads\/2025\/07\/Communion-2.jpg 612w, https:\/\/www.sainteagnessaintgabriel94.com\/wp-content\/uploads\/2025\/07\/Communion-2-300x200.jpg 300w\" sizes=\"auto, (max-width: 612px) 100vw, 612px\" \/><\/figure><div class=\"wp-block-media-text__content\">\n<h3 class=\"wp-block-heading\"><strong>L&rsquo;eucharistie<\/strong><\/h3>\n\n\n\n<p class=\"justifier\">Tout le monde peut participer \u00e0 l&rsquo;Eucharistie durant une messe, mais la communion c&rsquo;est <strong>recevoir le Corps du Christ<\/strong> au travers de l&rsquo;hostie, ce sacrement est r\u00e9serv\u00e9 aux baptis\u00e9s qui on fait leur premi\u00e8re communion.&nbsp; Se pr\u00e9parer \u00e0 la communion est possible \u00e0 tous baptis\u00e9s . Pour les enfants la pr\u00e9paration se fait au cat\u00e9chisme. Pour les adolescents ou les adultes une pr\u00e9paration adapt\u00e9e est aussi propos\u00e9e. <br>Renseignements au secr\u00e9tariat de la paroisse.<\/p>\n<\/div><\/div>\n","protected":false},"excerpt":{"rendered":"<p>La confirmation Le sacrement de la confirmation est la r\u00e9ception de l&rsquo;Esprit Saint par le confirmand, du latin confirmandus : \u00ab devant \u00eatre confirm\u00e9 \u00bb, pour \u00eatre fortifi\u00e9 dans la capacit\u00e9 \u00e0 vivre et de t\u00e9moigner de la foi dans sa vie courante d&rsquo;adulte.Comme le&nbsp;bapt\u00eame, la&nbsp;confirmation&nbsp;imprime dans le chr\u00e9tien une marque ind\u00e9l\u00e9bile (c\u2019est ce que l\u2019on appelle [&hellip;]<\/p>\n","protected":false},"author":2,"featured_media":0,"parent":0,"menu_order":0,"comment_status":"closed","ping_status":"closed","template":"","meta":{"ngg_post_thumbnail":0,"footnotes":""},"class_list":["post-87","page","type-page","status-publish","hentry"],"aioseo_notices":[],"_links":{"self":[{"href":"https:\/\/www.sainteagnessaintgabriel94.com\/index.php\/wp-json\/wp\/v2\/pages\/87","targetHints":{"allow":["GET"]}}],"collection":[{"href":"https:\/\/www.sainteagnessaintgabriel94.com\/index.php\/wp-json\/wp\/v2\/pages"}],"about":[{"href":"https:\/\/www.sainteagnessaintgabriel94.com\/index.php\/wp-json\/wp\/v2\/types\/page"}],"author":[{"embeddable":true,"href":"https:\/\/www.sainteagnessaintgabriel94.com\/index.php\/wp-json\/wp\/v2\/users\/2"}],"replies":[{"embeddable":true,"href":"https:\/\/www.sainteagnessaintgabriel94.com\/index.php\/wp-json\/wp\/v2\/comments?post=87"}],"version-history":[{"count":36,"href":"https:\/\/www.sainteagnessaintgabriel94.com\/index.php\/wp-json\/wp\/v2\/pages\/87\/revisions"}],"predecessor-version":[{"id":2569,"href":"https:\/\/www.sainteagnessaintgabriel94.com\/index.php\/wp-json\/wp\/v2\/pages\/87\/revisions\/2569"}],"wp:attachment":[{"href":"https:\/\/www.sainteagnessaintgabriel94.com\/index.php\/wp-json\/wp\/v2\/media?parent=87"}],"curies":[{"name":"wp","href":"https:\/\/api.w.org\/{rel}","templated":true}]}}